{"id":58,"date":"2024-08-01T21:19:43","date_gmt":"2024-08-02T04:19:43","guid":{"rendered":"http:\/\/retinacentersd.com\/?page_id=58"},"modified":"2024-09-25T02:45:02","modified_gmt":"2024-09-25T09:45:02","slug":"request-appointment","status":"publish","type":"page","link":"https:\/\/retinacentersd.com\/es\/request-appointment\/","title":{"rendered":"Solicitar cita"},"content":{"rendered":"<div class=\"wp-block-columns is-layout-flex wp-container-core-columns-is-layout-9d6595d7 wp-block-columns-is-layout-flex\">\n<div class=\"wp-block-column inner_page__hero-section is-layout-flow wp-block-column-is-layout-flow\">\n<h1 class=\"wp-block-heading inner_page__hero\">Solicitar una cita<\/h1>\n<\/div>\n<\/div>\n\n\n\n<div class=\"wp-block-group\"><div class=\"wp-block-group__inner-container is-layout-constrained wp-block-group-is-layout-constrained\">\n<div class=\"wp-block-columns is-layout-flex wp-container-core-columns-is-layout-9d6595d7 wp-block-columns-is-layout-flex\">\n<div class=\"wp-block-column is-layout-flow wp-block-column-is-layout-flow\" style=\"flex-basis:66.66%\">\n<ul class=\"wp-block-list\">\n<li><strong>Programar una consulta<\/strong><\/li>\n<\/ul>\n\n\n<p><div class=\"forminator-ui forminator-custom-form forminator-custom-form-458 forminator-design--flat  forminator_ajax\" data-forminator-render=\"0\" data-form=\"forminator-module-458\" data-uid=\"69ebc0559b246\"><br\/><\/div><form\n\t\t\t\tid=\"forminator-module-458\"\n\t\t\t\tclass=\"forminator-ui forminator-custom-form forminator-custom-form-458 forminator-design--flat  forminator_ajax\"\n\t\t\t\tmethod=\"post\"\n\t\t\t\tdata-forminator-render=\"0\"\n\t\t\t\tdata-form-id=\"458\"\n\t\t\t\t data-color-option=\"default\" data-design=\"flat\" data-grid=\"open\" style=\"display: none;\"\n\t\t\t\tdata-uid=\"69ebc0559b246\" action=\"\"\n\t\t\t><div role=\"alert\" aria-live=\"polite\" class=\"forminator-response-message forminator-error\" aria-hidden=\"true\"><\/div><div class=\"forminator-row\"><div id=\"name-1\" class=\"forminator-field-name forminator-col forminator-col-6\"><div class=\"forminator-field\"><label for=\"forminator-field-name-1_69ebc0559b246\" id=\"forminator-field-name-1_69ebc0559b246-label\" class=\"forminator-label\">Primer nombre <span class=\"forminator-required\">*<\/span><\/label><input type=\"text\" name=\"name-1\" value=\"\" placeholder=\"E.g. John\" id=\"forminator-field-name-1_69ebc0559b246\" class=\"forminator-input forminator-name--field\" aria-required=\"true\" autocomplete=\"name\" \/><\/div><\/div><div id=\"name-2\" class=\"forminator-field-name forminator-col forminator-col-6\"><div class=\"forminator-field\"><label for=\"forminator-field-name-2_69ebc0559b246\" id=\"forminator-field-name-2_69ebc0559b246-label\" class=\"forminator-label\">Apellido <span class=\"forminator-required\">*<\/span><\/label><input type=\"text\" name=\"name-2\" value=\"\" placeholder=\"E.g. John Doe\" id=\"forminator-field-name-2_69ebc0559b246\" class=\"forminator-input forminator-name--field\" aria-required=\"true\" autocomplete=\"name\" \/><\/div><\/div><\/div><div class=\"forminator-row\"><div id=\"radio-1\" class=\"forminator-field-radio forminator-col forminator-col-6\"><div role=\"radiogroup\" class=\"forminator-field\" aria-labelledby=\"forminator-radiogroup-radio-1-69ebc0559b246-label\"><span id=\"forminator-radiogroup-radio-1-69ebc0559b246-label\" class=\"forminator-label\">\u00bfEs usted paciente actualmente? <span class=\"forminator-required\">*<\/span><\/span><label id=\"forminator-field-radio-1-label-1\" for=\"forminator-field-radio-1-1-69ebc0559b246\" class=\"forminator-radio forminator-radio-inline\" title=\"S\u00ed\"><input type=\"radio\" name=\"radio-1\" value=\"one\" id=\"forminator-field-radio-1-1-69ebc0559b246\" aria-labelledby=\"forminator-field-radio-1-label-1\" data-calculation=\"0\"   data-hidden-behavior=\"zero\"\/><span class=\"forminator-radio-bullet\" aria-hidden=\"true\"><\/span><span class=\"forminator-radio-label\">S\u00ed<\/span><\/label><label id=\"forminator-field-radio-1-label-2\" for=\"forminator-field-radio-1-2-69ebc0559b246\" class=\"forminator-radio forminator-radio-inline\" title=\"No\"><input type=\"radio\" name=\"radio-1\" value=\"two\" id=\"forminator-field-radio-1-2-69ebc0559b246\" aria-labelledby=\"forminator-field-radio-1-label-2\" data-calculation=\"0\"   data-hidden-behavior=\"zero\"\/><span class=\"forminator-radio-bullet\" aria-hidden=\"true\"><\/span><span class=\"forminator-radio-label\">No<\/span><\/label><\/div><\/div><div id=\"date-1\" class=\"forminator-field-date forminator-col forminator-col-6\"><div class=\"forminator-field\"><label for=\"forminator-field-date-1-picker_69ebc0559b246\" id=\"forminator-field-date-1-picker_69ebc0559b246-label\" class=\"forminator-label\">Fecha de nacimiento <span class=\"forminator-required\">*<\/span><\/label><div class=\"forminator-input-with-icon\"><span class=\"forminator-icon-calendar\" aria-hidden=\"true\"><\/span><input autocomplete=\"off\" type=\"text\" size=\"1\" name=\"date-1\" value=\"\" placeholder=\"Fecha de nacimiento\" id=\"forminator-field-date-1-picker_69ebc0559b246\" class=\"forminator-input forminator-datepicker\" data-required=\"1\" data-format=\"mm\/dd\/yy\" data-restrict-type=\"\" data-restrict=\"\" data-start-year=\"1926\" data-end-year=\"2126\" data-past-dates=\"enable\" data-start-of-week=\"1\" data-start-date=\"\" data-end-date=\"\" data-start-field=\"\" data-end-field=\"\" data-start-offset=\"\" data-end-offset=\"\" data-disable-date=\"\" data-disable-range=\"\" \/><\/div><\/div><\/div><\/div><div class=\"forminator-row\"><div id=\"email-1\" class=\"forminator-field-email forminator-col forminator-col-6\"><div class=\"forminator-field\"><label for=\"forminator-field-email-1_69ebc0559b246\" id=\"forminator-field-email-1_69ebc0559b246-label\" class=\"forminator-label\">Correo electr\u00f3nico <span class=\"forminator-required\">*<\/span><\/label><input type=\"email\" name=\"email-1\" value=\"\" placeholder=\"E.g. john@doe.com\" id=\"forminator-field-email-1_69ebc0559b246\" class=\"forminator-input forminator-email--field\" data-required=\"true\" aria-required=\"true\" autocomplete=\"email\" \/><\/div><\/div><div id=\"phone-1\" class=\"forminator-field-phone forminator-col forminator-col-6\"><div class=\"forminator-field\"><label for=\"forminator-field-phone-1_69ebc0559b246\" id=\"forminator-field-phone-1_69ebc0559b246-label\" class=\"forminator-label\">N\u00famero de tel\u00e9fono <span class=\"forminator-required\">*<\/span><\/label><input type=\"text\" name=\"phone-1\" value=\"\" placeholder=\"E.g. +1 3004005000\" id=\"forminator-field-phone-1_69ebc0559b246\" class=\"forminator-input forminator-field--phone\" data-required=\"1\" aria-required=\"true\" autocomplete=\"off\" \/><\/div><\/div><\/div><div class=\"forminator-row\"><div id=\"date-2\" class=\"forminator-field-date forminator-col forminator-col-6\"><div class=\"forminator-field\"><label for=\"forminator-field-date-2-picker_69ebc0559b246\" id=\"forminator-field-date-2-picker_69ebc0559b246-label\" class=\"forminator-label\">Fecha preferida<\/label><div class=\"forminator-input-with-icon\"><span class=\"forminator-icon-calendar\" aria-hidden=\"true\"><\/span><input autocomplete=\"off\" type=\"text\" size=\"1\" name=\"date-2\" value=\"\" placeholder=\"Fecha preferida\" id=\"forminator-field-date-2-picker_69ebc0559b246\" class=\"forminator-input forminator-datepicker\" data-required=\"\" data-format=\"mm\/dd\/yy\" data-restrict-type=\"\" data-restrict=\"\" data-start-year=\"1926\" data-end-year=\"2126\" data-past-dates=\"enable\" data-start-of-week=\"1\" data-start-date=\"\" data-end-date=\"\" data-start-field=\"\" data-end-field=\"\" data-start-offset=\"\" data-end-offset=\"\" data-disable-date=\"\" data-disable-range=\"\" \/><\/div><\/div><\/div><div id=\"time-1\" class=\"forminator-field-time forminator-col forminator-col-6\"><label for=\"forminator-field-time-1\" id=\"forminator-field-time-1-label\" class=\"forminator-label\">Hora preferida del d\u00eda<\/label><div class=\"forminator-timepicker\" ><div class=\"forminator-row\" data-multiple=\"true\"><div id=\"time-1-hours\" class=\"forminator-col forminator-col-4\"><div class=\"forminator-field\"><input type=\"number\" name=\"time-1-hours\" min=\"0\" max=\"12\" placeholder=\"E.g. 08\" id=\"forminator-field-time-1-hours_69ebc0559b246\" class=\"forminator-input time-hours\" data-field=\"hours\" value=\"\" \/><\/div><\/div><div id=\"time-1-minutes\" class=\"forminator-col forminator-col-4\"><div class=\"forminator-field\"><input type=\"number\" min=\"0\" max=\"59\" name=\"time-1-minutes\" placeholder=\"E.g. 00\" id=\"forminator-field-time-1-minutes_69ebc0559b246\" class=\"forminator-input time-minutes\" data-field=\"minutes\" value=\"\" \/><\/div><\/div><div id=\"time-1-ampm\" class=\"forminator-col forminator-col-4\"><div class=\"forminator-field\"><select name=\"time-1-ampm\" id=\"forminator-field-458__field--time-1-ampm_69ebc0559b246\" class=\"forminator-select2 time-ampm\" data-field=\"ampm\" data-default-value=\"\"><option value=\"am\" >AM<\/option><option value=\"pm\" >PM<\/option><\/select><\/div><\/div><\/div><\/div><\/div><\/div><div class=\"forminator-row\"><div id=\"textarea-1\" class=\"forminator-field-textarea forminator-col forminator-col-12\"><div class=\"forminator-field\"><label for=\"forminator-field-textarea-1_69ebc0559b246\" id=\"forminator-field-textarea-1_69ebc0559b246-label\" class=\"forminator-label\">Comentarios<\/label><textarea name=\"textarea-1\" placeholder=\"Ingrese su mensaje...\" id=\"forminator-field-textarea-1_69ebc0559b246\" class=\"forminator-textarea\" rows=\"6\" style=\"--forminator-textarea-min-height:140px;\" maxlength=\"180\" ><\/textarea><span id=\"forminator-field-textarea-1_69ebc0559b246-description\" class=\"forminator-description\"><span data-limit=\"180\" data-type=\"characters\" data-editor=\"\">0 \/ 180<\/span><\/span><\/div><\/div><\/div><input type=\"hidden\" name=\"referer_url\" value=\"\" \/><div class=\"forminator-row forminator-row-last\"><div class=\"forminator-col\"><div class=\"forminator-field\"><button class=\"forminator-button forminator-button-submit\">Enviar mensaje<\/button><\/div><\/div><\/div><input type=\"hidden\" id=\"forminator_nonce\" name=\"forminator_nonce\" value=\"74d2768e88\" \/><input type=\"hidden\" name=\"_wp_http_referer\" value=\"\/es\/wp-json\/wp\/v2\/pages\/58\" \/><input type=\"hidden\" name=\"form_id\" value=\"458\"><input type=\"hidden\" name=\"page_id\" value=\"58\"><input type=\"hidden\" name=\"form_type\" value=\"default\"><input type=\"hidden\" name=\"current_url\" value=\"https:\/\/retinacentersd.com\/es\/request-appointment\/\"><input type=\"hidden\" name=\"render_id\" value=\"0\"><input type=\"hidden\" name=\"action\" value=\"forminator_submit_form_custom-forms\"><label for=\"input_10\" class=\"forminator-hidden\" aria-hidden=\"true\">Please do not fill in this field. <input id=\"input_10\" type=\"text\" name=\"input_10\" value=\"\" autocomplete=\"off\"><\/label><input type=\"hidden\" name=\"trp-form-language\" value=\"es\"\/><\/form><\/p>\n\n\n\n<p class=\"has-small-font-size\">Al proporcionar mi n\u00famero de tel\u00e9fono al Retina Center of San Diego, acepto y reconozco que el Retina Center of San Diego puede enviar mensajes de texto a mi n\u00famero de tel\u00e9fono inal\u00e1mbrico para cualquier prop\u00f3sito. Pueden aplicarse tarifas por mensajes y datos.<\/p>\n\n\n\n<p class=\"has-small-font-size\">La frecuencia de los mensajes variar\u00e1 y podr\u00e1 optar por no recibirlos respondiendo \u201cSTOP\u201d. No se compartir\u00e1 informaci\u00f3n m\u00f3vil con terceros\/afiliados con fines de marketing\/promoci\u00f3n. Todas las categor\u00edas anteriores excluyen los datos de suscripci\u00f3n y consentimiento del remitente de los mensajes de texto; esta informaci\u00f3n no se compartir\u00e1 con ning\u00fan tercero.<\/p>\n<\/div>\n\n\n\n<div class=\"wp-block-column is-layout-flow wp-block-column-is-layout-flow\" style=\"flex-basis:33.33%\">\n<ul class=\"wp-block-list\"><\/ul>\n\n\n\n<h3 class=\"wp-block-heading\">DIRECCI\u00d3N<\/h3>\n\n\n\n<p style=\"font-size:20px\">1855 First Ave, Suite 200B San Diego, CA 92101<\/p>\n\n\n\n<h3 class=\"wp-block-heading\">Tel\u00e9fono<\/h3>\n\n\n\n<p style=\"font-size:20px\">(858) 863-7597<\/p>\n\n\n\n<h3 class=\"wp-block-heading\">Fax<\/h3>\n\n\n\n<p style=\"font-size:20px\">(858) 345-4730<\/p>\n\n\n\n<h3 class=\"wp-block-heading\">Horas<\/h3>\n\n\n\n<p style=\"font-size:20px\">Lunes \u2013 Viernes: 8:30 AM \u2013 4:00 PM<\/p>\n\n\n\n<p style=\"font-size:20px\">S\u00e1bado y domingo: cerrado<\/p>\n<\/div>\n<\/div>\n<\/div><\/div>","protected":false},"excerpt":{"rendered":"<p>Request An Appointment By providing my phone number to the Retina Center of San Diego, I agree and acknowledge that Retina Center of San Diego may send text messages to my wireless phone number for any purpose. Message and data rates may apply. Message frequency will vary, and you will be able to Opt-out by&#8230;<\/p>","protected":false},"author":1,"featured_media":0,"parent":0,"menu_order":0,"comment_status":"closed","ping_status":"closed","template":"","meta":{"_coblocks_attr":"Arial","_coblocks_dimensions":"","_coblocks_responsive_height":"","_coblocks_accordion_ie_support":"","_kad_post_transparent":"","_kad_post_title":"","_kad_post_layout":"","_kad_post_sidebar_id":"","_kad_post_content_style":"","_kad_post_vertical_padding":"","_kad_post_feature":"","_kad_post_feature_position":"","_kad_post_header":false,"_kad_post_footer":false,"_kad_post_classname":"","footnotes":""},"class_list":["post-58","page","type-page","status-publish","hentry"],"featured_image_src":null,"yoast_head":"<!-- This site is optimized with the Yoast SEO plugin v27.4 - https:\/\/yoast.com\/product\/yoast-seo-wordpress\/ -->\n<title>Request Appointment - Retina Center of San Diego<\/title>\n<meta name=\"robots\" content=\"index, follow, max-snippet:-1, max-image-preview:large, max-video-preview:-1\" \/>\n<link rel=\"canonical\" href=\"https:\/\/retinacentersd.com\/es\/request-appointment\/\" \/>\n<meta property=\"og:locale\" content=\"es_MX\" \/>\n<meta property=\"og:type\" content=\"article\" \/>\n<meta property=\"og:title\" content=\"Request Appointment - Retina Center of San Diego\" \/>\n<meta property=\"og:description\" content=\"Request An Appointment By providing my phone number to the Retina Center of San Diego, I agree and acknowledge that Retina Center of San Diego may send text messages to my wireless phone number for any purpose. Message and data rates may apply. Message frequency will vary, and you will be able to Opt-out by...\" \/>\n<meta property=\"og:url\" content=\"https:\/\/retinacentersd.com\/es\/request-appointment\/\" \/>\n<meta property=\"og:site_name\" content=\"Retina Center of San Diego\" \/>\n<meta property=\"article:modified_time\" content=\"2024-09-25T09:45:02+00:00\" \/>\n<meta property=\"og:image\" content=\"https:\/\/retinacentersd.com\/wp-content\/uploads\/2024\/07\/cropped-RetinaCenterofSD-logo.png\" \/>\n\t<meta property=\"og:image:width\" content=\"512\" \/>\n\t<meta property=\"og:image:height\" content=\"512\" \/>\n\t<meta property=\"og:image:type\" content=\"image\/png\" \/>\n<meta name=\"twitter:card\" content=\"summary_large_image\" \/>\n<meta name=\"twitter:label1\" content=\"Tiempo de lectura\" \/>\n\t<meta name=\"twitter:data1\" content=\"1 minuto\" \/>\n<script type=\"application\/ld+json\" class=\"yoast-schema-graph\">{\"@context\":\"https:\\\/\\\/schema.org\",\"@graph\":[{\"@type\":\"WebPage\",\"@id\":\"https:\\\/\\\/retinacentersd.com\\\/en\\\/request-appointment\\\/\",\"url\":\"https:\\\/\\\/retinacentersd.com\\\/en\\\/request-appointment\\\/\",\"name\":\"Request Appointment - Retina Center of San Diego\",\"isPartOf\":{\"@id\":\"https:\\\/\\\/retinacentersd.com\\\/en\\\/#website\"},\"datePublished\":\"2024-08-02T04:19:43+00:00\",\"dateModified\":\"2024-09-25T09:45:02+00:00\",\"breadcrumb\":{\"@id\":\"https:\\\/\\\/retinacentersd.com\\\/en\\\/request-appointment\\\/#breadcrumb\"},\"inLanguage\":\"es\",\"potentialAction\":[{\"@type\":\"ReadAction\",\"target\":[\"https:\\\/\\\/retinacentersd.com\\\/en\\\/request-appointment\\\/\"]}]},{\"@type\":\"BreadcrumbList\",\"@id\":\"https:\\\/\\\/retinacentersd.com\\\/en\\\/request-appointment\\\/#breadcrumb\",\"itemListElement\":[{\"@type\":\"ListItem\",\"position\":1,\"name\":\"Home\",\"item\":\"https:\\\/\\\/retinacentersd.com\\\/en\\\/\"},{\"@type\":\"ListItem\",\"position\":2,\"name\":\"Request Appointment\"}]},{\"@type\":\"WebSite\",\"@id\":\"https:\\\/\\\/retinacentersd.com\\\/en\\\/#website\",\"url\":\"https:\\\/\\\/retinacentersd.com\\\/en\\\/\",\"name\":\"Retina Center of San Diego\",\"description\":\"Providing great retina care and treatment to San Diego\",\"publisher\":{\"@id\":\"https:\\\/\\\/retinacentersd.com\\\/en\\\/#organization\"},\"alternateName\":\"Retina Center of San Diego\",\"potentialAction\":[{\"@type\":\"SearchAction\",\"target\":{\"@type\":\"EntryPoint\",\"urlTemplate\":\"https:\\\/\\\/retinacentersd.com\\\/en\\\/?s={search_term_string}\"},\"query-input\":{\"@type\":\"PropertyValueSpecification\",\"valueRequired\":true,\"valueName\":\"search_term_string\"}}],\"inLanguage\":\"es\"},{\"@type\":\"Organization\",\"@id\":\"https:\\\/\\\/retinacentersd.com\\\/en\\\/#organization\",\"name\":\"Retina Center of San Diego\",\"alternateName\":\"Retina Center of San Diego\",\"url\":\"https:\\\/\\\/retinacentersd.com\\\/en\\\/\",\"logo\":{\"@type\":\"ImageObject\",\"inLanguage\":\"es\",\"@id\":\"https:\\\/\\\/retinacentersd.com\\\/en\\\/#\\\/schema\\\/logo\\\/image\\\/\",\"url\":\"https:\\\/\\\/retinacentersd.com\\\/wp-content\\\/uploads\\\/2024\\\/07\\\/RetinaCenterofSD-logo.png\",\"contentUrl\":\"https:\\\/\\\/retinacentersd.com\\\/wp-content\\\/uploads\\\/2024\\\/07\\\/RetinaCenterofSD-logo.png\",\"width\":671,\"height\":372,\"caption\":\"Retina Center of San Diego\"},\"image\":{\"@id\":\"https:\\\/\\\/retinacentersd.com\\\/en\\\/#\\\/schema\\\/logo\\\/image\\\/\"}}]}<\/script>\n<!-- \/ Yoast SEO plugin. -->","yoast_head_json":{"title":"Request Appointment - Retina Center of San Diego","robots":{"index":"index","follow":"follow","max-snippet":"max-snippet:-1","max-image-preview":"max-image-preview:large","max-video-preview":"max-video-preview:-1"},"canonical":"https:\/\/retinacentersd.com\/es\/request-appointment\/","og_locale":"es_MX","og_type":"article","og_title":"Request Appointment - Retina Center of San Diego","og_description":"Request An Appointment By providing my phone number to the Retina Center of San Diego, I agree and acknowledge that Retina Center of San Diego may send text messages to my wireless phone number for any purpose. Message and data rates may apply. Message frequency will vary, and you will be able to Opt-out by...","og_url":"https:\/\/retinacentersd.com\/es\/request-appointment\/","og_site_name":"Retina Center of San Diego","article_modified_time":"2024-09-25T09:45:02+00:00","og_image":[{"width":512,"height":512,"url":"https:\/\/retinacentersd.com\/wp-content\/uploads\/2024\/07\/cropped-RetinaCenterofSD-logo.png","type":"image\/png"}],"twitter_card":"summary_large_image","twitter_misc":{"Tiempo de lectura":"1 minuto"},"schema":{"@context":"https:\/\/schema.org","@graph":[{"@type":"WebPage","@id":"https:\/\/retinacentersd.com\/en\/request-appointment\/","url":"https:\/\/retinacentersd.com\/en\/request-appointment\/","name":"Request Appointment - Retina Center of San Diego","isPartOf":{"@id":"https:\/\/retinacentersd.com\/en\/#website"},"datePublished":"2024-08-02T04:19:43+00:00","dateModified":"2024-09-25T09:45:02+00:00","breadcrumb":{"@id":"https:\/\/retinacentersd.com\/en\/request-appointment\/#breadcrumb"},"inLanguage":"es","potentialAction":[{"@type":"ReadAction","target":["https:\/\/retinacentersd.com\/en\/request-appointment\/"]}]},{"@type":"BreadcrumbList","@id":"https:\/\/retinacentersd.com\/en\/request-appointment\/#breadcrumb","itemListElement":[{"@type":"ListItem","position":1,"name":"Home","item":"https:\/\/retinacentersd.com\/en\/"},{"@type":"ListItem","position":2,"name":"Request Appointment"}]},{"@type":"WebSite","@id":"https:\/\/retinacentersd.com\/en\/#website","url":"https:\/\/retinacentersd.com\/en\/","name":"Retina Center of San Diego","description":"Providing great retina care and treatment to San Diego","publisher":{"@id":"https:\/\/retinacentersd.com\/en\/#organization"},"alternateName":"Retina Center of San Diego","potentialAction":[{"@type":"SearchAction","target":{"@type":"EntryPoint","urlTemplate":"https:\/\/retinacentersd.com\/en\/?s={search_term_string}"},"query-input":{"@type":"PropertyValueSpecification","valueRequired":true,"valueName":"search_term_string"}}],"inLanguage":"es"},{"@type":"Organization","@id":"https:\/\/retinacentersd.com\/en\/#organization","name":"Retina Center of San Diego","alternateName":"Retina Center of San Diego","url":"https:\/\/retinacentersd.com\/en\/","logo":{"@type":"ImageObject","inLanguage":"es","@id":"https:\/\/retinacentersd.com\/en\/#\/schema\/logo\/image\/","url":"https:\/\/retinacentersd.com\/wp-content\/uploads\/2024\/07\/RetinaCenterofSD-logo.png","contentUrl":"https:\/\/retinacentersd.com\/wp-content\/uploads\/2024\/07\/RetinaCenterofSD-logo.png","width":671,"height":372,"caption":"Retina Center of San Diego"},"image":{"@id":"https:\/\/retinacentersd.com\/en\/#\/schema\/logo\/image\/"}}]}},"_links":{"self":[{"href":"https:\/\/retinacentersd.com\/es\/wp-json\/wp\/v2\/pages\/58","targetHints":{"allow":["GET"]}}],"collection":[{"href":"https:\/\/retinacentersd.com\/es\/wp-json\/wp\/v2\/pages"}],"about":[{"href":"https:\/\/retinacentersd.com\/es\/wp-json\/wp\/v2\/types\/page"}],"author":[{"embeddable":true,"href":"https:\/\/retinacentersd.com\/es\/wp-json\/wp\/v2\/users\/1"}],"replies":[{"embeddable":true,"href":"https:\/\/retinacentersd.com\/es\/wp-json\/wp\/v2\/comments?post=58"}],"version-history":[{"count":16,"href":"https:\/\/retinacentersd.com\/es\/wp-json\/wp\/v2\/pages\/58\/revisions"}],"predecessor-version":[{"id":1250,"href":"https:\/\/retinacentersd.com\/es\/wp-json\/wp\/v2\/pages\/58\/revisions\/1250"}],"wp:attachment":[{"href":"https:\/\/retinacentersd.com\/es\/wp-json\/wp\/v2\/media?parent=58"}],"curies":[{"name":"wp","href":"https:\/\/api.w.org\/{rel}","templated":true}]}}