{"id":54,"date":"2024-08-01T21:18:40","date_gmt":"2024-08-02T04:18:40","guid":{"rendered":"http:\/\/retinacentersd.com\/?page_id=54"},"modified":"2024-08-27T21:39:05","modified_gmt":"2024-08-28T04:39:05","slug":"contact","status":"publish","type":"page","link":"https:\/\/retinacentersd.com\/es\/contact\/","title":{"rendered":"Contacto"},"content":{"rendered":"<div class=\"wp-block-columns is-layout-flex wp-container-core-columns-is-layout-9d6595d7 wp-block-columns-is-layout-flex\">\n<div class=\"wp-block-column inner_page__hero-section is-layout-flow wp-block-column-is-layout-flow\">\n<h1 class=\"wp-block-heading inner_page__hero\">Contacto<\/h1>\n<\/div>\n<\/div>\n\n\n\n<div class=\"wp-block-group\"><div class=\"wp-block-group__inner-container is-layout-constrained wp-block-group-is-layout-constrained\">\n<div class=\"wp-block-columns is-layout-flex wp-container-core-columns-is-layout-9d6595d7 wp-block-columns-is-layout-flex\">\n<div class=\"wp-block-column is-layout-flow wp-block-column-is-layout-flow\" style=\"flex-basis:66.66%\">\n<h2 class=\"wp-block-heading\">Preguntas generales y comentarios<\/h2>\n\n\n<p><div class=\"forminator-ui forminator-custom-form forminator-custom-form-462 forminator-design--default  forminator_ajax\" data-forminator-render=\"0\" data-form=\"forminator-module-462\" data-uid=\"69eb8b548dc9e\"><br\/><\/div><form\n\t\t\t\tid=\"forminator-module-462\"\n\t\t\t\tclass=\"forminator-ui forminator-custom-form forminator-custom-form-462 forminator-design--default  forminator_ajax\"\n\t\t\t\tmethod=\"post\"\n\t\t\t\tdata-forminator-render=\"0\"\n\t\t\t\tdata-form-id=\"462\"\n\t\t\t\t data-color-option=\"default\" data-design=\"default\" data-grid=\"open\" style=\"display: none;\"\n\t\t\t\tdata-uid=\"69eb8b548dc9e\" action=\"\"\n\t\t\t><div role=\"alert\" aria-live=\"polite\" class=\"forminator-response-message forminator-error\" aria-hidden=\"true\"><\/div><div class=\"forminator-row\"><div id=\"name-1\" class=\"forminator-field-name forminator-col forminator-col-12\"><div class=\"forminator-field\"><label for=\"forminator-field-name-1_69eb8b548dc9e\" id=\"forminator-field-name-1_69eb8b548dc9e-label\" class=\"forminator-label\">Nombre <span class=\"forminator-required\">*<\/span><\/label><input type=\"text\" name=\"name-1\" value=\"\" placeholder=\"E.g. John Smith\" id=\"forminator-field-name-1_69eb8b548dc9e\" class=\"forminator-input forminator-name--field\" aria-required=\"true\" autocomplete=\"name\" \/><\/div><\/div><\/div><div class=\"forminator-row\"><div id=\"email-1\" class=\"forminator-field-email forminator-col forminator-col-12\"><div class=\"forminator-field\"><label for=\"forminator-field-email-1_69eb8b548dc9e\" id=\"forminator-field-email-1_69eb8b548dc9e-label\" class=\"forminator-label\">Correo electr\u00f3nico <span class=\"forminator-required\">*<\/span><\/label><input type=\"email\" name=\"email-1\" value=\"\" placeholder=\"E.g. john@doe.com\" id=\"forminator-field-email-1_69eb8b548dc9e\" class=\"forminator-input forminator-email--field\" data-required=\"true\" aria-required=\"true\" autocomplete=\"email\" \/><\/div><\/div><\/div><div class=\"forminator-row\"><div id=\"phone-1\" class=\"forminator-field-phone forminator-col forminator-col-12\"><div class=\"forminator-field\"><label for=\"forminator-field-phone-1_69eb8b548dc9e\" id=\"forminator-field-phone-1_69eb8b548dc9e-label\" class=\"forminator-label\">N\u00famero de tel\u00e9fono<\/label><input type=\"text\" name=\"phone-1\" value=\"\" placeholder=\"E.g. +1 3004005000\" id=\"forminator-field-phone-1_69eb8b548dc9e\" class=\"forminator-input forminator-field--phone\" data-required=\"\" aria-required=\"false\" autocomplete=\"off\" \/><\/div><\/div><\/div><div class=\"forminator-row\"><div id=\"textarea-1\" class=\"forminator-field-textarea forminator-col forminator-col-12\"><div class=\"forminator-field\"><label for=\"forminator-field-textarea-1_69eb8b548dc9e\" id=\"forminator-field-textarea-1_69eb8b548dc9e-label\" class=\"forminator-label\">Mensaje<\/label><textarea name=\"textarea-1\" placeholder=\"Ingrese su mensaje...\" id=\"forminator-field-textarea-1_69eb8b548dc9e\" class=\"forminator-textarea\" rows=\"6\" style=\"--forminator-textarea-min-height:140px;\" maxlength=\"180\" ><\/textarea><span id=\"forminator-field-textarea-1_69eb8b548dc9e-description\" class=\"forminator-description\"><span data-limit=\"180\" data-type=\"characters\" data-editor=\"\">0 \/ 180<\/span><\/span><\/div><\/div><\/div><input type=\"hidden\" name=\"referer_url\" value=\"\" \/><div class=\"forminator-row forminator-row-last\"><div class=\"forminator-col\"><div class=\"forminator-field\"><button class=\"forminator-button forminator-button-submit\">Enviar mensaje<\/button><\/div><\/div><\/div><input type=\"hidden\" id=\"forminator_nonce\" name=\"forminator_nonce\" value=\"b9f5914a71\" \/><input type=\"hidden\" name=\"_wp_http_referer\" value=\"\/es\/wp-json\/wp\/v2\/pages\/54\" \/><input type=\"hidden\" name=\"form_id\" value=\"462\"><input type=\"hidden\" name=\"page_id\" value=\"54\"><input type=\"hidden\" name=\"form_type\" value=\"default\"><input type=\"hidden\" name=\"current_url\" value=\"https:\/\/retinacentersd.com\/es\/contact\/\"><input type=\"hidden\" name=\"render_id\" value=\"0\"><input type=\"hidden\" name=\"action\" value=\"forminator_submit_form_custom-forms\"><input type=\"hidden\" name=\"trp-form-language\" value=\"es\"\/><\/form><\/p>\n\n\n\n<p class=\"has-small-font-size\">Al proporcionar mi n\u00famero de tel\u00e9fono al Retina Center of San Diego, acepto y reconozco que el Retina Center of San Diego puede enviar mensajes de texto a mi n\u00famero de tel\u00e9fono inal\u00e1mbrico para cualquier prop\u00f3sito. Pueden aplicarse tarifas por mensajes y datos.<\/p>\n\n\n\n<p class=\"has-small-font-size\">La frecuencia de los mensajes variar\u00e1 y podr\u00e1 optar por no recibirlos respondiendo \u201cSTOP\u201d. No se compartir\u00e1 informaci\u00f3n m\u00f3vil con terceros\/afiliados con fines de marketing\/promoci\u00f3n. Todas las categor\u00edas anteriores excluyen los datos de suscripci\u00f3n y consentimiento del remitente de los mensajes de texto; esta informaci\u00f3n no se compartir\u00e1 con ning\u00fan tercero.<\/p>\n<\/div>\n\n\n\n<div class=\"wp-block-column is-layout-flow wp-block-column-is-layout-flow\" style=\"flex-basis:33.33%\">\n<h2 class=\"wp-block-heading\">Informaci\u00f3n de la oficina<\/h2>\n\n\n\n<h3 class=\"wp-block-heading\">DIRECCI\u00d3N<\/h3>\n\n\n\n<p style=\"font-size:20px\">1855 First Ave, Suite 200B San Diego, CA 92101<\/p>\n\n\n\n<h3 class=\"wp-block-heading\">Tel\u00e9fono<\/h3>\n\n\n\n<p style=\"font-size:20px\">(858) 863-7597<\/p>\n\n\n\n<h3 class=\"wp-block-heading\">Fax<\/h3>\n\n\n\n<p style=\"font-size:20px\">(858) 345-4730<\/p>\n\n\n\n<h3 class=\"wp-block-heading\">Horas<\/h3>\n\n\n\n<p style=\"font-size:20px\">Lunes \u2013 Viernes: 8:30 AM \u2013 4:00 PM<\/p>\n\n\n\n<p style=\"font-size:20px\">S\u00e1bado y domingo: cerrado<\/p>\n<\/div>\n<\/div>\n<\/div><\/div>","protected":false},"excerpt":{"rendered":"<p>Contact General questions and feedback By providing my phone number to the Retina Center of San Diego, I agree and acknowledge that Retina Center of San Diego may send text messages to my wireless phone number for any purpose. Message and data rates may apply. Message frequency will vary, and you will be able to&#8230;<\/p>","protected":false},"author":1,"featured_media":0,"parent":0,"menu_order":0,"comment_status":"closed","ping_status":"closed","template":"","meta":{"_coblocks_attr":"","_coblocks_dimensions":"","_coblocks_responsive_height":"","_coblocks_accordion_ie_support":"","_kad_post_transparent":"","_kad_post_title":"","_kad_post_layout":"","_kad_post_sidebar_id":"","_kad_post_content_style":"","_kad_post_vertical_padding":"","_kad_post_feature":"","_kad_post_feature_position":"","_kad_post_header":false,"_kad_post_footer":false,"_kad_post_classname":"","footnotes":""},"class_list":["post-54","page","type-page","status-publish","hentry"],"featured_image_src":null,"yoast_head":"<!-- This site is optimized with the Yoast SEO plugin v27.4 - https:\/\/yoast.com\/product\/yoast-seo-wordpress\/ -->\n<title>Contact - Retina Center of San Diego<\/title>\n<meta name=\"robots\" content=\"index, follow, max-snippet:-1, max-image-preview:large, max-video-preview:-1\" \/>\n<link rel=\"canonical\" href=\"https:\/\/retinacentersd.com\/es\/contact\/\" \/>\n<meta property=\"og:locale\" content=\"es_MX\" \/>\n<meta property=\"og:type\" content=\"article\" \/>\n<meta property=\"og:title\" content=\"Contact - Retina Center of San Diego\" \/>\n<meta property=\"og:description\" content=\"Contact General questions and feedback By providing my phone number to the Retina Center of San Diego, I agree and acknowledge that Retina Center of San Diego may send text messages to my wireless phone number for any purpose. Message and data rates may apply. Message frequency will vary, and you will be able to...\" \/>\n<meta property=\"og:url\" content=\"https:\/\/retinacentersd.com\/es\/contact\/\" \/>\n<meta property=\"og:site_name\" content=\"Retina Center of San Diego\" \/>\n<meta property=\"article:modified_time\" content=\"2024-08-28T04:39:05+00:00\" \/>\n<meta property=\"og:image\" content=\"https:\/\/retinacentersd.com\/wp-content\/uploads\/2024\/07\/cropped-RetinaCenterofSD-logo.png\" \/>\n\t<meta property=\"og:image:width\" content=\"512\" \/>\n\t<meta property=\"og:image:height\" content=\"512\" \/>\n\t<meta property=\"og:image:type\" content=\"image\/png\" \/>\n<meta name=\"twitter:card\" content=\"summary_large_image\" \/>\n<meta name=\"twitter:label1\" content=\"Tiempo de lectura\" \/>\n\t<meta name=\"twitter:data1\" content=\"1 minuto\" \/>\n<script type=\"application\/ld+json\" class=\"yoast-schema-graph\">{\"@context\":\"https:\\\/\\\/schema.org\",\"@graph\":[{\"@type\":\"WebPage\",\"@id\":\"https:\\\/\\\/retinacentersd.com\\\/en\\\/contact\\\/\",\"url\":\"https:\\\/\\\/retinacentersd.com\\\/en\\\/contact\\\/\",\"name\":\"Contact - Retina Center of San Diego\",\"isPartOf\":{\"@id\":\"https:\\\/\\\/retinacentersd.com\\\/en\\\/#website\"},\"datePublished\":\"2024-08-02T04:18:40+00:00\",\"dateModified\":\"2024-08-28T04:39:05+00:00\",\"breadcrumb\":{\"@id\":\"https:\\\/\\\/retinacentersd.com\\\/en\\\/contact\\\/#breadcrumb\"},\"inLanguage\":\"es\",\"potentialAction\":[{\"@type\":\"ReadAction\",\"target\":[\"https:\\\/\\\/retinacentersd.com\\\/en\\\/contact\\\/\"]}]},{\"@type\":\"BreadcrumbList\",\"@id\":\"https:\\\/\\\/retinacentersd.com\\\/en\\\/contact\\\/#breadcrumb\",\"itemListElement\":[{\"@type\":\"ListItem\",\"position\":1,\"name\":\"Home\",\"item\":\"https:\\\/\\\/retinacentersd.com\\\/en\\\/\"},{\"@type\":\"ListItem\",\"position\":2,\"name\":\"Contact\"}]},{\"@type\":\"WebSite\",\"@id\":\"https:\\\/\\\/retinacentersd.com\\\/en\\\/#website\",\"url\":\"https:\\\/\\\/retinacentersd.com\\\/en\\\/\",\"name\":\"Retina Center of San Diego\",\"description\":\"Providing great retina care and treatment to San Diego\",\"publisher\":{\"@id\":\"https:\\\/\\\/retinacentersd.com\\\/en\\\/#organization\"},\"alternateName\":\"Retina Center of San Diego\",\"potentialAction\":[{\"@type\":\"SearchAction\",\"target\":{\"@type\":\"EntryPoint\",\"urlTemplate\":\"https:\\\/\\\/retinacentersd.com\\\/en\\\/?s={search_term_string}\"},\"query-input\":{\"@type\":\"PropertyValueSpecification\",\"valueRequired\":true,\"valueName\":\"search_term_string\"}}],\"inLanguage\":\"es\"},{\"@type\":\"Organization\",\"@id\":\"https:\\\/\\\/retinacentersd.com\\\/en\\\/#organization\",\"name\":\"Retina Center of San Diego\",\"alternateName\":\"Retina Center of San Diego\",\"url\":\"https:\\\/\\\/retinacentersd.com\\\/en\\\/\",\"logo\":{\"@type\":\"ImageObject\",\"inLanguage\":\"es\",\"@id\":\"https:\\\/\\\/retinacentersd.com\\\/en\\\/#\\\/schema\\\/logo\\\/image\\\/\",\"url\":\"https:\\\/\\\/retinacentersd.com\\\/wp-content\\\/uploads\\\/2024\\\/07\\\/RetinaCenterofSD-logo.png\",\"contentUrl\":\"https:\\\/\\\/retinacentersd.com\\\/wp-content\\\/uploads\\\/2024\\\/07\\\/RetinaCenterofSD-logo.png\",\"width\":671,\"height\":372,\"caption\":\"Retina Center of San Diego\"},\"image\":{\"@id\":\"https:\\\/\\\/retinacentersd.com\\\/en\\\/#\\\/schema\\\/logo\\\/image\\\/\"}}]}<\/script>\n<!-- \/ Yoast SEO plugin. -->","yoast_head_json":{"title":"Contact - Retina Center of San Diego","robots":{"index":"index","follow":"follow","max-snippet":"max-snippet:-1","max-image-preview":"max-image-preview:large","max-video-preview":"max-video-preview:-1"},"canonical":"https:\/\/retinacentersd.com\/es\/contact\/","og_locale":"es_MX","og_type":"article","og_title":"Contact - Retina Center of San Diego","og_description":"Contact General questions and feedback By providing my phone number to the Retina Center of San Diego, I agree and acknowledge that Retina Center of San Diego may send text messages to my wireless phone number for any purpose. Message and data rates may apply. Message frequency will vary, and you will be able to...","og_url":"https:\/\/retinacentersd.com\/es\/contact\/","og_site_name":"Retina Center of San Diego","article_modified_time":"2024-08-28T04:39:05+00:00","og_image":[{"width":512,"height":512,"url":"https:\/\/retinacentersd.com\/wp-content\/uploads\/2024\/07\/cropped-RetinaCenterofSD-logo.png","type":"image\/png"}],"twitter_card":"summary_large_image","twitter_misc":{"Tiempo de lectura":"1 minuto"},"schema":{"@context":"https:\/\/schema.org","@graph":[{"@type":"WebPage","@id":"https:\/\/retinacentersd.com\/en\/contact\/","url":"https:\/\/retinacentersd.com\/en\/contact\/","name":"Contact - Retina Center of San Diego","isPartOf":{"@id":"https:\/\/retinacentersd.com\/en\/#website"},"datePublished":"2024-08-02T04:18:40+00:00","dateModified":"2024-08-28T04:39:05+00:00","breadcrumb":{"@id":"https:\/\/retinacentersd.com\/en\/contact\/#breadcrumb"},"inLanguage":"es","potentialAction":[{"@type":"ReadAction","target":["https:\/\/retinacentersd.com\/en\/contact\/"]}]},{"@type":"BreadcrumbList","@id":"https:\/\/retinacentersd.com\/en\/contact\/#breadcrumb","itemListElement":[{"@type":"ListItem","position":1,"name":"Home","item":"https:\/\/retinacentersd.com\/en\/"},{"@type":"ListItem","position":2,"name":"Contact"}]},{"@type":"WebSite","@id":"https:\/\/retinacentersd.com\/en\/#website","url":"https:\/\/retinacentersd.com\/en\/","name":"Retina Center of San Diego","description":"Providing great retina care and treatment to San Diego","publisher":{"@id":"https:\/\/retinacentersd.com\/en\/#organization"},"alternateName":"Retina Center of San Diego","potentialAction":[{"@type":"SearchAction","target":{"@type":"EntryPoint","urlTemplate":"https:\/\/retinacentersd.com\/en\/?s={search_term_string}"},"query-input":{"@type":"PropertyValueSpecification","valueRequired":true,"valueName":"search_term_string"}}],"inLanguage":"es"},{"@type":"Organization","@id":"https:\/\/retinacentersd.com\/en\/#organization","name":"Retina Center of San Diego","alternateName":"Retina Center of San Diego","url":"https:\/\/retinacentersd.com\/en\/","logo":{"@type":"ImageObject","inLanguage":"es","@id":"https:\/\/retinacentersd.com\/en\/#\/schema\/logo\/image\/","url":"https:\/\/retinacentersd.com\/wp-content\/uploads\/2024\/07\/RetinaCenterofSD-logo.png","contentUrl":"https:\/\/retinacentersd.com\/wp-content\/uploads\/2024\/07\/RetinaCenterofSD-logo.png","width":671,"height":372,"caption":"Retina Center of San Diego"},"image":{"@id":"https:\/\/retinacentersd.com\/en\/#\/schema\/logo\/image\/"}}]}},"_links":{"self":[{"href":"https:\/\/retinacentersd.com\/es\/wp-json\/wp\/v2\/pages\/54","targetHints":{"allow":["GET"]}}],"collection":[{"href":"https:\/\/retinacentersd.com\/es\/wp-json\/wp\/v2\/pages"}],"about":[{"href":"https:\/\/retinacentersd.com\/es\/wp-json\/wp\/v2\/types\/page"}],"author":[{"embeddable":true,"href":"https:\/\/retinacentersd.com\/es\/wp-json\/wp\/v2\/users\/1"}],"replies":[{"embeddable":true,"href":"https:\/\/retinacentersd.com\/es\/wp-json\/wp\/v2\/comments?post=54"}],"version-history":[{"count":7,"href":"https:\/\/retinacentersd.com\/es\/wp-json\/wp\/v2\/pages\/54\/revisions"}],"predecessor-version":[{"id":733,"href":"https:\/\/retinacentersd.com\/es\/wp-json\/wp\/v2\/pages\/54\/revisions\/733"}],"wp:attachment":[{"href":"https:\/\/retinacentersd.com\/es\/wp-json\/wp\/v2\/media?parent=54"}],"curies":[{"name":"wp","href":"https:\/\/api.w.org\/{rel}","templated":true}]}}