{"id":52,"date":"2024-08-01T21:18:15","date_gmt":"2024-08-02T04:18:15","guid":{"rendered":"http:\/\/retinacentersd.com\/?page_id=52"},"modified":"2024-09-21T21:33:44","modified_gmt":"2024-09-22T04:33:44","slug":"about-dr-haak","status":"publish","type":"page","link":"https:\/\/retinacentersd.com\/es\/about-dr-haak\/","title":{"rendered":"Sobre Dr. Haak"},"content":{"rendered":"<div class=\"wp-block-columns is-layout-flex wp-container-core-columns-is-layout-9d6595d7 wp-block-columns-is-layout-flex\">\n<div class=\"wp-block-column inner_page__hero-section is-layout-flow wp-block-column-is-layout-flow\">\n<h1 class=\"wp-block-heading inner_page__hero\">Sobre Dr. Haak<\/h1>\n<\/div>\n<\/div>\n\n\n\n<div class=\"wp-block-group\"><div class=\"wp-block-group__inner-container is-layout-constrained wp-block-group-is-layout-constrained\">\n<div class=\"wp-block-columns is-layout-flex wp-container-core-columns-is-layout-9d6595d7 wp-block-columns-is-layout-flex\">\n<div class=\"wp-block-column is-layout-flow wp-block-column-is-layout-flow\">\n<h2 class=\"wp-block-heading\">Conozca al Dr. Haak<\/h2>\n\n\n\n<p>Las habilidades y la experiencia del Dr. Haak son el resultado de 14 a\u00f1os de rigurosa formaci\u00f3n y m\u00e1s de 15 a\u00f1os de experiencia cl\u00ednica.<\/p>\n\n\n\n<p>Termin\u00f3 la escuela de medicina como el mejor de su clase, obtuvo el percentil 98 en los ex\u00e1menes de residencia nacional en oftalmolog\u00eda y complet\u00f3 su beca de cirug\u00eda v\u00edtreo-retiniana en Chicago bajo la gu\u00eda y tutor\u00eda de los pioneros en el campo.<\/p>\n\n\n\n<p>El Dr. Haak est\u00e1 certificado por la Junta Estadounidense de Oftalmolog\u00eda y es miembro de la Sociedad Estadounidense de Especialistas en Retina y de la Academia Estadounidense de Oftalmolog\u00eda.<\/p>\n\n\n\n<iframe loading=\"lazy\" src=\"https:\/\/abop.org\/web-badge\/?ph=31741&#038;view=banner\" width=\"640\" height=\"130\" frameborder=\"0\" title=\"American Board of Ophthalmology Certification Badge\"><\/iframe>\n<\/div>\n\n\n\n<div class=\"wp-block-column is-layout-flow wp-block-column-is-layout-flow\">\n<figure class=\"wp-block-image size-full\"><img loading=\"lazy\" decoding=\"async\" width=\"5760\" height=\"3840\" src=\"http:\/\/retinacentersd.com\/wp-content\/uploads\/2024\/08\/33-1.png\" alt=\"Dr. Haak working\" class=\"wp-image-600\" srcset=\"https:\/\/retinacentersd.com\/wp-content\/uploads\/2024\/08\/33-1.png 5760w, https:\/\/retinacentersd.com\/wp-content\/uploads\/2024\/08\/33-1-300x200.png 300w, https:\/\/retinacentersd.com\/wp-content\/uploads\/2024\/08\/33-1-1024x683.png 1024w, https:\/\/retinacentersd.com\/wp-content\/uploads\/2024\/08\/33-1-768x512.png 768w, https:\/\/retinacentersd.com\/wp-content\/uploads\/2024\/08\/33-1-1536x1024.png 1536w, https:\/\/retinacentersd.com\/wp-content\/uploads\/2024\/08\/33-1-2048x1365.png 2048w, https:\/\/retinacentersd.com\/wp-content\/uploads\/2024\/08\/33-1-18x12.png 18w, https:\/\/retinacentersd.com\/wp-content\/uploads\/2024\/08\/33-1-600x400.png 600w\" sizes=\"auto, (max-width: 5760px) 100vw, 5760px\" \/><\/figure>\n<\/div>\n<\/div>\n<\/div><\/div>\n\n\n\n<hr class=\"wp-block-separator alignfull has-alpha-channel-opacity is-style-wide\" style=\"margin-top:var(--wp--preset--spacing--60);margin-bottom:var(--wp--preset--spacing--60)\"\/>\n\n\n\n<div class=\"wp-block-group is-nowrap is-layout-flex wp-container-core-group-is-layout-ad2f72ca wp-block-group-is-layout-flex\">\n<div class=\"wp-block-columns is-layout-flex wp-container-core-columns-is-layout-9d6595d7 wp-block-columns-is-layout-flex\">\n<div class=\"wp-block-column is-layout-flow wp-block-column-is-layout-flow\">\n<h2 class=\"wp-block-heading\">Educaci\u00f3n y formaci\u00f3n<\/h2>\n\n\n\n<p><strong>Licenciatura en Ciencias en Bioqu\u00edmica. <\/strong>University of California, Davis. <strong><span style=\"text-decoration: underline;\">Graduated with Highest Honors.<\/span><\/strong><\/p>\n\n\n\n<p><strong>Doctor en medicina.<\/strong> University of Wisconsin School of Medicine and Public Health. <strong><span style=\"text-decoration: underline;\">Graduado con honores Alpha Omega Alpha.<\/span><\/strong> El 10% superior de la clase graduada.<\/p>\n\n\n\n<p><strong>Pasant\u00eda.<\/strong> A\u00f1o de transici\u00f3n Harbor-UCLA.<\/p>\n\n\n\n<p><strong>Residencia de Oftalmolog\u00eda. <\/strong>Universidad de California, San Diego. 98% en ex\u00e1menes nacionales.<\/p>\n\n\n\n<p class=\"translation-block\"><strong>Beca de Retina.<\/strong> Capacitaci\u00f3n m\u00e9dica y quir\u00fargica adicional de 2 a\u00f1os en el manejo y tratamiento de trastornos de la retina con l\u00edderes y pioneros en el campo en el Rush University Medical Center e Illinois Retina Associates.<\/p>\n\n\n\n<p><strong>Diplom\u00e1tico de la Junta Americana de Oftalmolog\u00eda<\/strong><br><strong>Miembro de la Academia Americana de Oftalmolog\u00eda<\/strong><br><strong>Miembro de la Sociedad Americana de Especialistas en Retina<\/strong><\/p>\n<\/div>\n\n\n\n<div class=\"wp-block-column is-layout-flow wp-block-column-is-layout-flow\">\n<figure class=\"wp-block-image size-full\"><img loading=\"lazy\" decoding=\"async\" width=\"1200\" height=\"800\" src=\"http:\/\/retinacentersd.com\/wp-content\/uploads\/2024\/08\/dr-haak-and-patient.png\" alt=\"Dr. Haak and a patient\" class=\"wp-image-493\" srcset=\"https:\/\/retinacentersd.com\/wp-content\/uploads\/2024\/08\/dr-haak-and-patient.png 1200w, https:\/\/retinacentersd.com\/wp-content\/uploads\/2024\/08\/dr-haak-and-patient-300x200.png 300w, https:\/\/retinacentersd.com\/wp-content\/uploads\/2024\/08\/dr-haak-and-patient-1024x683.png 1024w, https:\/\/retinacentersd.com\/wp-content\/uploads\/2024\/08\/dr-haak-and-patient-768x512.png 768w, https:\/\/retinacentersd.com\/wp-content\/uploads\/2024\/08\/dr-haak-and-patient-18x12.png 18w, https:\/\/retinacentersd.com\/wp-content\/uploads\/2024\/08\/dr-haak-and-patient-600x400.png 600w\" sizes=\"auto, (max-width: 1200px) 100vw, 1200px\" \/><\/figure>\n<\/div>\n<\/div>\n<\/div>\n\n\n\n<hr class=\"wp-block-separator alignfull has-alpha-channel-opacity is-style-wide\" style=\"margin-top:var(--wp--preset--spacing--60);margin-bottom:var(--wp--preset--spacing--60)\"\/>\n\n\n\n<div class=\"wp-block-group\"><div class=\"wp-block-group__inner-container is-layout-constrained wp-block-group-is-layout-constrained\">\n<h2 class=\"wp-block-heading has-text-align-center\">Membres\u00edas<\/h2>\n\n\n\n<div class=\"wp-block-group is-content-justification-center is-nowrap is-layout-flex wp-container-core-group-is-layout-94bc23d7 wp-block-group-is-layout-flex\">\n<div class=\"wp-block-columns are-vertically-aligned-center is-layout-flex wp-container-core-columns-is-layout-9d6595d7 wp-block-columns-is-layout-flex\">\n<div class=\"wp-block-column is-vertically-aligned-center is-layout-flow wp-block-column-is-layout-flow\">\n<figure class=\"wp-block-image size-full\"><img loading=\"lazy\" decoding=\"async\" width=\"304\" height=\"90\" src=\"http:\/\/retinacentersd.com\/wp-content\/uploads\/2024\/08\/image-004-removebg-preview.png\" alt=\"American Board of Ophthalmology\" class=\"wp-image-796\" srcset=\"https:\/\/retinacentersd.com\/wp-content\/uploads\/2024\/08\/image-004-removebg-preview.png 304w, https:\/\/retinacentersd.com\/wp-content\/uploads\/2024\/08\/image-004-removebg-preview-300x90.png 300w, https:\/\/retinacentersd.com\/wp-content\/uploads\/2024\/08\/image-004-removebg-preview-18x5.png 18w\" sizes=\"auto, (max-width: 304px) 100vw, 304px\" \/><\/figure>\n<\/div>\n\n\n\n<div class=\"wp-block-column is-vertically-aligned-center is-layout-flow wp-block-column-is-layout-flow\">\n<figure class=\"wp-block-image size-full\"><img loading=\"lazy\" decoding=\"async\" width=\"171\" height=\"79\" src=\"http:\/\/retinacentersd.com\/wp-content\/uploads\/2024\/08\/Group-5.png\" alt=\"ASRS\" class=\"wp-image-793\" srcset=\"https:\/\/retinacentersd.com\/wp-content\/uploads\/2024\/08\/Group-5.png 171w, https:\/\/retinacentersd.com\/wp-content\/uploads\/2024\/08\/Group-5-18x8.png 18w\" sizes=\"auto, (max-width: 171px) 100vw, 171px\" \/><\/figure>\n<\/div>\n\n\n\n<div class=\"wp-block-column is-vertically-aligned-center is-layout-flow wp-block-column-is-layout-flow\">\n<figure class=\"wp-block-image size-full\"><img loading=\"lazy\" decoding=\"async\" width=\"303\" height=\"95\" src=\"http:\/\/retinacentersd.com\/wp-content\/uploads\/2024\/08\/image-006-removebg-preview.png\" alt=\"American Academy of Ophthalmology\" class=\"wp-image-794\" srcset=\"https:\/\/retinacentersd.com\/wp-content\/uploads\/2024\/08\/image-006-removebg-preview.png 303w, https:\/\/retinacentersd.com\/wp-content\/uploads\/2024\/08\/image-006-removebg-preview-300x95.png 300w, https:\/\/retinacentersd.com\/wp-content\/uploads\/2024\/08\/image-006-removebg-preview-18x6.png 18w\" sizes=\"auto, (max-width: 303px) 100vw, 303px\" \/><\/figure>\n<\/div>\n\n\n\n<div class=\"wp-block-column is-vertically-aligned-center is-layout-flow wp-block-column-is-layout-flow\">\n<figure class=\"wp-block-image size-full\"><img loading=\"lazy\" decoding=\"async\" width=\"288\" height=\"149\" src=\"http:\/\/retinacentersd.com\/wp-content\/uploads\/2024\/08\/4-removebg-preview.png\" alt=\"Alpha Omega Alpha\" class=\"wp-image-795\" srcset=\"https:\/\/retinacentersd.com\/wp-content\/uploads\/2024\/08\/4-removebg-preview.png 288w, https:\/\/retinacentersd.com\/wp-content\/uploads\/2024\/08\/4-removebg-preview-18x9.png 18w\" sizes=\"auto, (max-width: 288px) 100vw, 288px\" \/><\/figure>\n<\/div>\n<\/div>\n<\/div>\n<\/div><\/div>\n\n\n\n<hr class=\"wp-block-separator alignfull has-alpha-channel-opacity is-style-wide\" style=\"margin-top:var(--wp--preset--spacing--60);margin-bottom:var(--wp--preset--spacing--60)\"\/>\n\n\n\n<div class=\"wp-block-group\"><div class=\"wp-block-group__inner-container is-layout-constrained wp-block-group-is-layout-constrained\">\n<h2 class=\"wp-block-heading has-text-align-center\">Afiliaciones<\/h2>\n\n\n\n<div class=\"wp-block-group is-content-justification-center is-nowrap is-layout-flex wp-container-core-group-is-layout-94bc23d7 wp-block-group-is-layout-flex\">\n<div class=\"wp-block-columns are-vertically-aligned-center is-layout-flex wp-container-core-columns-is-layout-9d6595d7 wp-block-columns-is-layout-flex\">\n<div class=\"wp-block-column is-vertically-aligned-center is-layout-flow wp-block-column-is-layout-flow\" style=\"flex-basis:25%\">\n<figure class=\"wp-block-image size-full\"><img loading=\"lazy\" decoding=\"async\" width=\"990\" height=\"252\" src=\"http:\/\/retinacentersd.com\/wp-content\/uploads\/2024\/08\/scripps-logo-removebg-preview.png\" alt=\"Scripps\" class=\"wp-image-803\" srcset=\"https:\/\/retinacentersd.com\/wp-content\/uploads\/2024\/08\/scripps-logo-removebg-preview.png 990w, https:\/\/retinacentersd.com\/wp-content\/uploads\/2024\/08\/scripps-logo-removebg-preview-300x76.png 300w, https:\/\/retinacentersd.com\/wp-content\/uploads\/2024\/08\/scripps-logo-removebg-preview-768x195.png 768w, https:\/\/retinacentersd.com\/wp-content\/uploads\/2024\/08\/scripps-logo-removebg-preview-18x5.png 18w, https:\/\/retinacentersd.com\/wp-content\/uploads\/2024\/08\/scripps-logo-removebg-preview-600x153.png 600w\" sizes=\"auto, (max-width: 990px) 100vw, 990px\" \/><\/figure>\n<\/div>\n\n\n\n<div class=\"wp-block-column is-vertically-aligned-center is-layout-flow wp-block-column-is-layout-flow\" style=\"flex-basis:25%\">\n<figure class=\"wp-block-image size-full\"><img loading=\"lazy\" decoding=\"async\" width=\"400\" height=\"130\" src=\"http:\/\/retinacentersd.com\/wp-content\/uploads\/2024\/08\/Sharp_HealthCare_Logo-removebg-preview.png\" alt=\"Sharp\" class=\"wp-image-801\" srcset=\"https:\/\/retinacentersd.com\/wp-content\/uploads\/2024\/08\/Sharp_HealthCare_Logo-removebg-preview.png 400w, https:\/\/retinacentersd.com\/wp-content\/uploads\/2024\/08\/Sharp_HealthCare_Logo-removebg-preview-300x98.png 300w, https:\/\/retinacentersd.com\/wp-content\/uploads\/2024\/08\/Sharp_HealthCare_Logo-removebg-preview-18x6.png 18w\" sizes=\"auto, (max-width: 400px) 100vw, 400px\" \/><\/figure>\n<\/div>\n\n\n\n<div class=\"wp-block-column is-vertically-aligned-center is-layout-flow wp-block-column-is-layout-flow\" style=\"flex-basis:25%\">\n<figure class=\"wp-block-image size-full\"><img loading=\"lazy\" decoding=\"async\" width=\"352\" height=\"143\" src=\"http:\/\/retinacentersd.com\/wp-content\/uploads\/2024\/09\/palomar-health-logo-removebg-preview.png\" alt=\"Palomar Health\" class=\"wp-image-1119\" srcset=\"https:\/\/retinacentersd.com\/wp-content\/uploads\/2024\/09\/palomar-health-logo-removebg-preview.png 352w, https:\/\/retinacentersd.com\/wp-content\/uploads\/2024\/09\/palomar-health-logo-removebg-preview-300x122.png 300w, https:\/\/retinacentersd.com\/wp-content\/uploads\/2024\/09\/palomar-health-logo-removebg-preview-18x7.png 18w\" sizes=\"auto, (max-width: 352px) 100vw, 352px\" \/><\/figure>\n<\/div>\n\n\n\n<div class=\"wp-block-column is-vertically-aligned-center is-layout-flow wp-block-column-is-layout-flow\" style=\"flex-basis:25%\">\n<figure class=\"wp-block-image size-full\"><img loading=\"lazy\" decoding=\"async\" width=\"353\" height=\"47\" src=\"http:\/\/retinacentersd.com\/wp-content\/uploads\/2024\/08\/tricity-medical-center.png\" alt=\"TriCity\" class=\"wp-image-802\" srcset=\"https:\/\/retinacentersd.com\/wp-content\/uploads\/2024\/08\/tricity-medical-center.png 353w, https:\/\/retinacentersd.com\/wp-content\/uploads\/2024\/08\/tricity-medical-center-300x40.png 300w, https:\/\/retinacentersd.com\/wp-content\/uploads\/2024\/08\/tricity-medical-center-18x2.png 18w\" sizes=\"auto, (max-width: 353px) 100vw, 353px\" \/><\/figure>\n<\/div>\n<\/div>\n<\/div>\n<\/div><\/div>","protected":false},"excerpt":{"rendered":"<p>About Dr. Haak Meet Dr. Haak Dr. Haak\u2019s skills and expertise comes after 14 years of rigorous training and more than 15 years of clinical experience. He finished medical school at top of his graduating class, earned 98th percentile on national ophthalmology residency board exams, and completed his vitreo-retinal surgery fellowship in Chicago under the&#8230;<\/p>","protected":false},"author":1,"featured_media":0,"parent":0,"menu_order":0,"comment_status":"closed","ping_status":"closed","template":"","meta":{"_coblocks_attr":"","_coblocks_dimensions":"","_coblocks_responsive_height":"","_coblocks_accordion_ie_support":"","_kad_post_transparent":"","_kad_post_title":"","_kad_post_layout":"","_kad_post_sidebar_id":"","_kad_post_content_style":"","_kad_post_vertical_padding":"","_kad_post_feature":"","_kad_post_feature_position":"","_kad_post_header":false,"_kad_post_footer":false,"_kad_post_classname":"","footnotes":""},"class_list":["post-52","page","type-page","status-publish","hentry"],"featured_image_src":null,"yoast_head":"<!-- This site is optimized with the Yoast SEO plugin v27.4 - https:\/\/yoast.com\/product\/yoast-seo-wordpress\/ -->\n<title>About Dr. Haak - Retina Center of San Diego<\/title>\n<meta name=\"robots\" content=\"index, follow, max-snippet:-1, max-image-preview:large, max-video-preview:-1\" \/>\n<link rel=\"canonical\" href=\"https:\/\/retinacentersd.com\/es\/about-dr-haak\/\" \/>\n<meta property=\"og:locale\" content=\"es_MX\" \/>\n<meta property=\"og:type\" content=\"article\" \/>\n<meta property=\"og:title\" content=\"About Dr. Haak - Retina Center of San Diego\" \/>\n<meta property=\"og:description\" content=\"About Dr. Haak Meet Dr. Haak Dr. Haak\u2019s skills and expertise comes after 14 years of rigorous training and more than 15 years of clinical experience. He finished medical school at top of his graduating class, earned 98th percentile on national ophthalmology residency board exams, and completed his vitreo-retinal surgery fellowship in Chicago under the...\" \/>\n<meta property=\"og:url\" content=\"https:\/\/retinacentersd.com\/es\/about-dr-haak\/\" \/>\n<meta property=\"og:site_name\" content=\"Retina Center of San Diego\" \/>\n<meta property=\"article:modified_time\" content=\"2024-09-22T04:33:44+00:00\" \/>\n<meta property=\"og:image\" content=\"http:\/\/retinacentersd.com\/wp-content\/uploads\/2024\/08\/33-1.png\" \/>\n<meta name=\"twitter:card\" content=\"summary_large_image\" \/>\n<meta name=\"twitter:label1\" content=\"Tiempo de lectura\" \/>\n\t<meta name=\"twitter:data1\" content=\"3 minutos\" \/>\n<script type=\"application\/ld+json\" class=\"yoast-schema-graph\">{\"@context\":\"https:\\\/\\\/schema.org\",\"@graph\":[{\"@type\":\"WebPage\",\"@id\":\"https:\\\/\\\/retinacentersd.com\\\/en\\\/about-dr-haak\\\/\",\"url\":\"https:\\\/\\\/retinacentersd.com\\\/en\\\/about-dr-haak\\\/\",\"name\":\"About Dr. Haak - Retina Center of San Diego\",\"isPartOf\":{\"@id\":\"https:\\\/\\\/retinacentersd.com\\\/en\\\/#website\"},\"primaryImageOfPage\":{\"@id\":\"https:\\\/\\\/retinacentersd.com\\\/en\\\/about-dr-haak\\\/#primaryimage\"},\"image\":{\"@id\":\"https:\\\/\\\/retinacentersd.com\\\/en\\\/about-dr-haak\\\/#primaryimage\"},\"thumbnailUrl\":\"http:\\\/\\\/retinacentersd.com\\\/wp-content\\\/uploads\\\/2024\\\/08\\\/33-1.png\",\"datePublished\":\"2024-08-02T04:18:15+00:00\",\"dateModified\":\"2024-09-22T04:33:44+00:00\",\"breadcrumb\":{\"@id\":\"https:\\\/\\\/retinacentersd.com\\\/en\\\/about-dr-haak\\\/#breadcrumb\"},\"inLanguage\":\"es\",\"potentialAction\":[{\"@type\":\"ReadAction\",\"target\":[\"https:\\\/\\\/retinacentersd.com\\\/en\\\/about-dr-haak\\\/\"]}]},{\"@type\":\"ImageObject\",\"inLanguage\":\"es\",\"@id\":\"https:\\\/\\\/retinacentersd.com\\\/en\\\/about-dr-haak\\\/#primaryimage\",\"url\":\"http:\\\/\\\/retinacentersd.com\\\/wp-content\\\/uploads\\\/2024\\\/08\\\/33-1.png\",\"contentUrl\":\"http:\\\/\\\/retinacentersd.com\\\/wp-content\\\/uploads\\\/2024\\\/08\\\/33-1.png\"},{\"@type\":\"BreadcrumbList\",\"@id\":\"https:\\\/\\\/retinacentersd.com\\\/en\\\/about-dr-haak\\\/#breadcrumb\",\"itemListElement\":[{\"@type\":\"ListItem\",\"position\":1,\"name\":\"Home\",\"item\":\"https:\\\/\\\/retinacentersd.com\\\/en\\\/\"},{\"@type\":\"ListItem\",\"position\":2,\"name\":\"About Dr. Haak\"}]},{\"@type\":\"WebSite\",\"@id\":\"https:\\\/\\\/retinacentersd.com\\\/en\\\/#website\",\"url\":\"https:\\\/\\\/retinacentersd.com\\\/en\\\/\",\"name\":\"Retina Center of San Diego\",\"description\":\"Providing great retina care and treatment to San Diego\",\"publisher\":{\"@id\":\"https:\\\/\\\/retinacentersd.com\\\/en\\\/#organization\"},\"alternateName\":\"Retina Center of San Diego\",\"potentialAction\":[{\"@type\":\"SearchAction\",\"target\":{\"@type\":\"EntryPoint\",\"urlTemplate\":\"https:\\\/\\\/retinacentersd.com\\\/en\\\/?s={search_term_string}\"},\"query-input\":{\"@type\":\"PropertyValueSpecification\",\"valueRequired\":true,\"valueName\":\"search_term_string\"}}],\"inLanguage\":\"es\"},{\"@type\":\"Organization\",\"@id\":\"https:\\\/\\\/retinacentersd.com\\\/en\\\/#organization\",\"name\":\"Retina Center of San Diego\",\"alternateName\":\"Retina Center of San Diego\",\"url\":\"https:\\\/\\\/retinacentersd.com\\\/en\\\/\",\"logo\":{\"@type\":\"ImageObject\",\"inLanguage\":\"es\",\"@id\":\"https:\\\/\\\/retinacentersd.com\\\/en\\\/#\\\/schema\\\/logo\\\/image\\\/\",\"url\":\"https:\\\/\\\/retinacentersd.com\\\/wp-content\\\/uploads\\\/2024\\\/07\\\/RetinaCenterofSD-logo.png\",\"contentUrl\":\"https:\\\/\\\/retinacentersd.com\\\/wp-content\\\/uploads\\\/2024\\\/07\\\/RetinaCenterofSD-logo.png\",\"width\":671,\"height\":372,\"caption\":\"Retina Center of San Diego\"},\"image\":{\"@id\":\"https:\\\/\\\/retinacentersd.com\\\/en\\\/#\\\/schema\\\/logo\\\/image\\\/\"}}]}<\/script>\n<!-- \/ Yoast SEO plugin. -->","yoast_head_json":{"title":"About Dr. Haak - Retina Center of San Diego","robots":{"index":"index","follow":"follow","max-snippet":"max-snippet:-1","max-image-preview":"max-image-preview:large","max-video-preview":"max-video-preview:-1"},"canonical":"https:\/\/retinacentersd.com\/es\/about-dr-haak\/","og_locale":"es_MX","og_type":"article","og_title":"About Dr. Haak - Retina Center of San Diego","og_description":"About Dr. Haak Meet Dr. Haak Dr. Haak\u2019s skills and expertise comes after 14 years of rigorous training and more than 15 years of clinical experience. He finished medical school at top of his graduating class, earned 98th percentile on national ophthalmology residency board exams, and completed his vitreo-retinal surgery fellowship in Chicago under the...","og_url":"https:\/\/retinacentersd.com\/es\/about-dr-haak\/","og_site_name":"Retina Center of San Diego","article_modified_time":"2024-09-22T04:33:44+00:00","og_image":[{"url":"http:\/\/retinacentersd.com\/wp-content\/uploads\/2024\/08\/33-1.png","type":"","width":"","height":""}],"twitter_card":"summary_large_image","twitter_misc":{"Tiempo de lectura":"3 minutos"},"schema":{"@context":"https:\/\/schema.org","@graph":[{"@type":"WebPage","@id":"https:\/\/retinacentersd.com\/en\/about-dr-haak\/","url":"https:\/\/retinacentersd.com\/en\/about-dr-haak\/","name":"About Dr. Haak - Retina Center of San Diego","isPartOf":{"@id":"https:\/\/retinacentersd.com\/en\/#website"},"primaryImageOfPage":{"@id":"https:\/\/retinacentersd.com\/en\/about-dr-haak\/#primaryimage"},"image":{"@id":"https:\/\/retinacentersd.com\/en\/about-dr-haak\/#primaryimage"},"thumbnailUrl":"http:\/\/retinacentersd.com\/wp-content\/uploads\/2024\/08\/33-1.png","datePublished":"2024-08-02T04:18:15+00:00","dateModified":"2024-09-22T04:33:44+00:00","breadcrumb":{"@id":"https:\/\/retinacentersd.com\/en\/about-dr-haak\/#breadcrumb"},"inLanguage":"es","potentialAction":[{"@type":"ReadAction","target":["https:\/\/retinacentersd.com\/en\/about-dr-haak\/"]}]},{"@type":"ImageObject","inLanguage":"es","@id":"https:\/\/retinacentersd.com\/en\/about-dr-haak\/#primaryimage","url":"http:\/\/retinacentersd.com\/wp-content\/uploads\/2024\/08\/33-1.png","contentUrl":"http:\/\/retinacentersd.com\/wp-content\/uploads\/2024\/08\/33-1.png"},{"@type":"BreadcrumbList","@id":"https:\/\/retinacentersd.com\/en\/about-dr-haak\/#breadcrumb","itemListElement":[{"@type":"ListItem","position":1,"name":"Home","item":"https:\/\/retinacentersd.com\/en\/"},{"@type":"ListItem","position":2,"name":"About Dr. Haak"}]},{"@type":"WebSite","@id":"https:\/\/retinacentersd.com\/en\/#website","url":"https:\/\/retinacentersd.com\/en\/","name":"Retina Center of San Diego","description":"Providing great retina care and treatment to San Diego","publisher":{"@id":"https:\/\/retinacentersd.com\/en\/#organization"},"alternateName":"Retina Center of San Diego","potentialAction":[{"@type":"SearchAction","target":{"@type":"EntryPoint","urlTemplate":"https:\/\/retinacentersd.com\/en\/?s={search_term_string}"},"query-input":{"@type":"PropertyValueSpecification","valueRequired":true,"valueName":"search_term_string"}}],"inLanguage":"es"},{"@type":"Organization","@id":"https:\/\/retinacentersd.com\/en\/#organization","name":"Retina Center of San Diego","alternateName":"Retina Center of San Diego","url":"https:\/\/retinacentersd.com\/en\/","logo":{"@type":"ImageObject","inLanguage":"es","@id":"https:\/\/retinacentersd.com\/en\/#\/schema\/logo\/image\/","url":"https:\/\/retinacentersd.com\/wp-content\/uploads\/2024\/07\/RetinaCenterofSD-logo.png","contentUrl":"https:\/\/retinacentersd.com\/wp-content\/uploads\/2024\/07\/RetinaCenterofSD-logo.png","width":671,"height":372,"caption":"Retina Center of San Diego"},"image":{"@id":"https:\/\/retinacentersd.com\/en\/#\/schema\/logo\/image\/"}}]}},"_links":{"self":[{"href":"https:\/\/retinacentersd.com\/es\/wp-json\/wp\/v2\/pages\/52","targetHints":{"allow":["GET"]}}],"collection":[{"href":"https:\/\/retinacentersd.com\/es\/wp-json\/wp\/v2\/pages"}],"about":[{"href":"https:\/\/retinacentersd.com\/es\/wp-json\/wp\/v2\/types\/page"}],"author":[{"embeddable":true,"href":"https:\/\/retinacentersd.com\/es\/wp-json\/wp\/v2\/users\/1"}],"replies":[{"embeddable":true,"href":"https:\/\/retinacentersd.com\/es\/wp-json\/wp\/v2\/comments?post=52"}],"version-history":[{"count":21,"href":"https:\/\/retinacentersd.com\/es\/wp-json\/wp\/v2\/pages\/52\/revisions"}],"predecessor-version":[{"id":1194,"href":"https:\/\/retinacentersd.com\/es\/wp-json\/wp\/v2\/pages\/52\/revisions\/1194"}],"wp:attachment":[{"href":"https:\/\/retinacentersd.com\/es\/wp-json\/wp\/v2\/media?parent=52"}],"curies":[{"name":"wp","href":"https:\/\/api.w.org\/{rel}","templated":true}]}}