{"id":221,"date":"2024-08-13T11:56:31","date_gmt":"2024-08-13T18:56:31","guid":{"rendered":"https:\/\/retinacentersd.com\/?page_id=221"},"modified":"2024-10-17T06:44:46","modified_gmt":"2024-10-17T13:44:46","slug":"lattice-degeneration-of-the-retina","status":"publish","type":"page","link":"https:\/\/retinacentersd.com\/es\/conditions\/lattice-degeneration-of-the-retina\/","title":{"rendered":"Degeneraci\u00f3n reticular de la retina"},"content":{"rendered":"<div class=\"wp-block-columns is-layout-flex wp-container-core-columns-is-layout-9d6595d7 wp-block-columns-is-layout-flex\">\n<div class=\"wp-block-column inner_page__hero-section is-layout-flow wp-block-column-is-layout-flow\">\n<h1 class=\"wp-block-heading inner_page__hero has-theme-palette-9-color has-text-color has-link-color wp-elements-a6e7f9b8d4dac7c17bd9ea4137ce26a6\">Degeneraci\u00f3n reticular de la retina<\/h1>\n<\/div>\n<\/div>\n\n\n\n<div class=\"wp-block-group\"><div class=\"wp-block-group__inner-container is-layout-constrained wp-block-group-is-layout-constrained\">\n<div class=\"wp-block-columns is-layout-flex wp-container-core-columns-is-layout-9d6595d7 wp-block-columns-is-layout-flex\">\n<div class=\"wp-block-column is-layout-flow wp-block-column-is-layout-flow\" style=\"flex-basis:50%\">\n<h2 class=\"wp-block-heading\">\u00bfQu\u00e9 es la degeneraci\u00f3n reticular de la retina?<\/h2>\n\n\n\n<p class=\"translation-block\">La degeneraci\u00f3n reticular de la retina es una afecci\u00f3n que se caracteriza por el adelgazamiento y debilitamiento de la retina, en particular en un patr\u00f3n que se asemeja a una estructura reticular. Esta degeneraci\u00f3n se produce t\u00edpicamente en la retina perif\u00e9rica, que son los bordes externos de la retina que se alejan de la m\u00e1cula, la parte central de la retina responsable de la visi\u00f3n central n\u00edtida.<\/p>\n\n\n\n<p>La degeneraci\u00f3n reticular se considera una forma de adelgazamiento y debilitamiento de la retina y puede predisponer a las personas a un mayor riesgo de desgarros, desprendimientos u otras complicaciones de la retina. Si bien la degeneraci\u00f3n reticular en s\u00ed misma puede no causar s\u00edntomas ni problemas de visi\u00f3n, es importante porque puede aumentar la probabilidad de otros problemas de retina, en particular si hay tracci\u00f3n o tir\u00f3n asociado en la retina.<\/p>\n\n\n\n<p class=\"translation-block\">La degeneraci\u00f3n reticular suele diagnosticarse durante un examen ocular completo realizado por un especialista en retina. Es posible que utilice t\u00e9cnicas como el examen del fondo de ojo con dilataci\u00f3n, en el que se utilizan lentes especiales e iluminaci\u00f3n para examinar el interior del ojo e identificar \u00e1reas de adelgazamiento o debilitamiento de la retina.<\/p>\n\n\n\n<h2 class=\"wp-block-heading\">Tratamientos para la degeneraci\u00f3n reticular de la retina<\/h2>\n\n\n\n<p>El tratamiento de la degeneraci\u00f3n reticular no siempre es necesario, especialmente si no hay s\u00edntomas ni complicaciones asociadas. Sin embargo, se puede recomendar a las personas con degeneraci\u00f3n reticular que se sometan a controles peri\u00f3dicos por parte de un especialista en retina para detectar cualquier cambio o complicaci\u00f3n de forma temprana.<\/p>\n\n\n\n<p>El tratamiento de la degeneraci\u00f3n reticular no siempre es necesario, especialmente si no hay s\u00edntomas ni complicaciones asociadas. Sin embargo, se puede recomendar a las personas con degeneraci\u00f3n reticular que se sometan a controles regulares por parte de un oftalm\u00f3logo para detectar cualquier cambio o complicaci\u00f3n de forma temprana.<\/p>\n\n\n\n<p>En general, la detecci\u00f3n temprana y el tratamiento adecuado de la degeneraci\u00f3n reticular y los problemas retinianos asociados son importantes para prevenir la p\u00e9rdida de visi\u00f3n y preservar la salud ocular. Los ex\u00e1menes oculares regulares y el tratamiento oportuno de cualquier desgarro o desprendimiento de retina son esenciales para las personas con degeneraci\u00f3n reticular.<\/p>\n<\/div>\n\n\n\n<div class=\"wp-block-column is-layout-flow wp-block-column-is-layout-flow\" style=\"flex-basis:50%\">\n<figure class=\"wp-block-image size-full\"><img loading=\"lazy\" decoding=\"async\" width=\"874\" height=\"934\" src=\"http:\/\/retinacentersd.com\/wp-content\/uploads\/2024\/08\/54.png\" alt=\"Lattice Degeneration of the Retina\" class=\"wp-image-338\" srcset=\"https:\/\/retinacentersd.com\/wp-content\/uploads\/2024\/08\/54.png 874w, https:\/\/retinacentersd.com\/wp-content\/uploads\/2024\/08\/54-281x300.png 281w, https:\/\/retinacentersd.com\/wp-content\/uploads\/2024\/08\/54-768x821.png 768w, https:\/\/retinacentersd.com\/wp-content\/uploads\/2024\/08\/54-11x12.png 11w, https:\/\/retinacentersd.com\/wp-content\/uploads\/2024\/08\/54-600x641.png 600w\" sizes=\"auto, (max-width: 874px) 100vw, 874px\" \/><\/figure>\n\n\n\n<figure class=\"wp-block-image size-full is-resized\"><img loading=\"lazy\" decoding=\"async\" width=\"1748\" height=\"1284\" src=\"http:\/\/retinacentersd.com\/wp-content\/uploads\/2024\/08\/57.png\" alt=\"Lattice Degeneration of the Retina\" class=\"wp-image-339\" style=\"width:572px;height:auto\" srcset=\"https:\/\/retinacentersd.com\/wp-content\/uploads\/2024\/08\/57.png 1748w, https:\/\/retinacentersd.com\/wp-content\/uploads\/2024\/08\/57-300x220.png 300w, https:\/\/retinacentersd.com\/wp-content\/uploads\/2024\/08\/57-1024x752.png 1024w, https:\/\/retinacentersd.com\/wp-content\/uploads\/2024\/08\/57-768x564.png 768w, https:\/\/retinacentersd.com\/wp-content\/uploads\/2024\/08\/57-1536x1128.png 1536w, https:\/\/retinacentersd.com\/wp-content\/uploads\/2024\/08\/57-16x12.png 16w, https:\/\/retinacentersd.com\/wp-content\/uploads\/2024\/08\/57-600x441.png 600w\" sizes=\"auto, (max-width: 1748px) 100vw, 1748px\" \/><\/figure>\n\n\n\n<figure class=\"wp-block-image size-full\"><img loading=\"lazy\" decoding=\"async\" width=\"1662\" height=\"1368\" src=\"http:\/\/retinacentersd.com\/wp-content\/uploads\/2024\/08\/58.png\" alt=\"Lattice Degeneration of the Retina\" class=\"wp-image-337\" srcset=\"https:\/\/retinacentersd.com\/wp-content\/uploads\/2024\/08\/58.png 1662w, https:\/\/retinacentersd.com\/wp-content\/uploads\/2024\/08\/58-300x247.png 300w, https:\/\/retinacentersd.com\/wp-content\/uploads\/2024\/08\/58-1024x843.png 1024w, https:\/\/retinacentersd.com\/wp-content\/uploads\/2024\/08\/58-768x632.png 768w, https:\/\/retinacentersd.com\/wp-content\/uploads\/2024\/08\/58-1536x1264.png 1536w, https:\/\/retinacentersd.com\/wp-content\/uploads\/2024\/08\/58-15x12.png 15w, https:\/\/retinacentersd.com\/wp-content\/uploads\/2024\/08\/58-600x494.png 600w\" sizes=\"auto, (max-width: 1662px) 100vw, 1662px\" \/><\/figure>\n\n\n\n<figure class=\"wp-block-image size-full\"><img loading=\"lazy\" decoding=\"async\" width=\"1044\" height=\"1442\" src=\"http:\/\/retinacentersd.com\/wp-content\/uploads\/2024\/08\/30.png\" alt=\"Lattice Degeneration of the Retina\" class=\"wp-image-522\" srcset=\"https:\/\/retinacentersd.com\/wp-content\/uploads\/2024\/08\/30.png 1044w, https:\/\/retinacentersd.com\/wp-content\/uploads\/2024\/08\/30-217x300.png 217w, https:\/\/retinacentersd.com\/wp-content\/uploads\/2024\/08\/30-741x1024.png 741w, https:\/\/retinacentersd.com\/wp-content\/uploads\/2024\/08\/30-768x1061.png 768w, https:\/\/retinacentersd.com\/wp-content\/uploads\/2024\/08\/30-9x12.png 9w, https:\/\/retinacentersd.com\/wp-content\/uploads\/2024\/08\/30-600x829.png 600w\" sizes=\"auto, (max-width: 1044px) 100vw, 1044px\" \/><\/figure>\n<\/div>\n<\/div>\n<\/div><\/div>\n\n\n\n<hr class=\"wp-block-separator alignfull has-alpha-channel-opacity is-style-wide\" style=\"margin-top:var(--wp--preset--spacing--60);margin-bottom:var(--wp--preset--spacing--60)\"\/>\n\n\n<div style=\"background-color: #f8f8f8; border-width: 2px; border-color: #ECECEC; \" class=\"ub_call_to_action wp-block-ub-call-to-action-block\" id=\"ub_call_to_action_ec3437a8-dac8-4a41-b53b-93860cfd8a48\">\n\t\t\t<div class=\"ub_call_to_action_headline\">\n\t\t\t\t<h2 class=\"ub_call_to_action_headline_text translation-block\" style=\"font-size: 30px; text-align: center; \">Visite el Centro de Retina de San Diego<br>para una evaluaci\u00f3n y para hablar sobre el posible tratamiento con l\u00e1ser<br>de la degeneraci\u00f3n reticular de la retina.<\/h2>\n\t\t\t<\/div>\n\t\t\t<div class=\"ub_call_to_action_content\">\n\t\t\t\t<p class=\"ub_cta_content_text\" style=\"font-size: 15px; text-align: center; \"><\/p>\n\t\t\t<\/div>\n\t\t\t<div class=\"ub_call_to_action_button\">\n\t\t\t\t<a href=\"http:\/\/retinacentersd.com\/es\/request-appointment\/\" target=\"_self\" rel=\"noopener noreferrer\" class=\"ub_cta_button\" style=\"background-color: var(--global-palette1); width: 250px; \">\n\t\t\t\t\t<p class=\"ub_cta_button_text\" style=\"color: var(--global-palette9); font-size: 14px; \">Solicitar una cita<\/p>\n\t\t\t\t<\/a>\n\t\t\t<\/div>\n\t\t<\/div>","protected":false},"excerpt":{"rendered":"<p>Lattice Degeneration of the Retina What is Lattice Degeneration of the Retina? Retinal lattice degeneration is a condition characterized by thinning andweakening of the retina, particularly in a pattern that resembles a lattice or grid-like structure. This degeneration typically occurs in the peripheral retina, which is the outer edges of the retina away from the&#8230;<\/p>","protected":false},"author":1,"featured_media":0,"parent":50,"menu_order":0,"comment_status":"closed","ping_status":"closed","template":"","meta":{"_coblocks_attr":"","_coblocks_dimensions":"","_coblocks_responsive_height":"","_coblocks_accordion_ie_support":"","_kad_post_transparent":"","_kad_post_title":"","_kad_post_layout":"","_kad_post_sidebar_id":"","_kad_post_content_style":"","_kad_post_vertical_padding":"","_kad_post_feature":"","_kad_post_feature_position":"","_kad_post_header":false,"_kad_post_footer":false,"_kad_post_classname":"","footnotes":""},"class_list":["post-221","page","type-page","status-publish","hentry"],"featured_image_src":null,"yoast_head":"<!-- This site is optimized with the Yoast SEO plugin v27.5 - https:\/\/yoast.com\/product\/yoast-seo-wordpress\/ -->\n<title>Lattice Degeneration of the Retina - Retina Center of San Diego<\/title>\n<meta name=\"description\" content=\"Visit Retina Center of San Diego for evaluation and to discuss potential laser treatment of Lattice Degeneration of the Retina. Contact us to schedule your appointment.\" \/>\n<meta name=\"robots\" content=\"index, follow, max-snippet:-1, max-image-preview:large, max-video-preview:-1\" \/>\n<link rel=\"canonical\" href=\"https:\/\/retinacentersd.com\/es\/conditions\/lattice-degeneration-of-the-retina\/\" \/>\n<meta property=\"og:locale\" content=\"es_MX\" \/>\n<meta property=\"og:type\" content=\"article\" \/>\n<meta property=\"og:title\" content=\"Lattice Degeneration of the Retina - Retina Center of San Diego\" \/>\n<meta property=\"og:description\" content=\"Visit Retina Center of San Diego for evaluation and to discuss potential laser treatment of Lattice Degeneration of the Retina. Contact us to schedule your appointment.\" \/>\n<meta property=\"og:url\" content=\"https:\/\/retinacentersd.com\/es\/conditions\/lattice-degeneration-of-the-retina\/\" \/>\n<meta property=\"og:site_name\" content=\"Retina Center of San Diego\" \/>\n<meta property=\"article:modified_time\" content=\"2024-10-17T13:44:46+00:00\" \/>\n<meta property=\"og:image\" content=\"http:\/\/retinacentersd.com\/wp-content\/uploads\/2024\/08\/54.png\" \/>\n<meta name=\"twitter:card\" content=\"summary_large_image\" \/>\n<meta name=\"twitter:label1\" content=\"Tiempo de lectura\" \/>\n\t<meta name=\"twitter:data1\" content=\"3 minutos\" \/>\n<script type=\"application\/ld+json\" class=\"yoast-schema-graph\">{\"@context\":\"https:\\\/\\\/schema.org\",\"@graph\":[{\"@type\":\"WebPage\",\"@id\":\"https:\\\/\\\/retinacentersd.com\\\/es\\\/conditions\\\/lattice-degeneration-of-the-retina\\\/\",\"url\":\"https:\\\/\\\/retinacentersd.com\\\/es\\\/conditions\\\/lattice-degeneration-of-the-retina\\\/\",\"name\":\"Lattice Degeneration of the Retina - Retina Center of San Diego\",\"isPartOf\":{\"@id\":\"https:\\\/\\\/retinacentersd.com\\\/en\\\/#website\"},\"primaryImageOfPage\":{\"@id\":\"https:\\\/\\\/retinacentersd.com\\\/es\\\/conditions\\\/lattice-degeneration-of-the-retina\\\/#primaryimage\"},\"image\":{\"@id\":\"https:\\\/\\\/retinacentersd.com\\\/es\\\/conditions\\\/lattice-degeneration-of-the-retina\\\/#primaryimage\"},\"thumbnailUrl\":\"http:\\\/\\\/retinacentersd.com\\\/wp-content\\\/uploads\\\/2024\\\/08\\\/54.png\",\"datePublished\":\"2024-08-13T18:56:31+00:00\",\"dateModified\":\"2024-10-17T13:44:46+00:00\",\"description\":\"Visit Retina Center of San Diego for evaluation and to discuss potential laser treatment of Lattice Degeneration of the Retina. Contact us to schedule your appointment.\",\"breadcrumb\":{\"@id\":\"https:\\\/\\\/retinacentersd.com\\\/es\\\/conditions\\\/lattice-degeneration-of-the-retina\\\/#breadcrumb\"},\"inLanguage\":\"es\",\"potentialAction\":[{\"@type\":\"ReadAction\",\"target\":[\"https:\\\/\\\/retinacentersd.com\\\/es\\\/conditions\\\/lattice-degeneration-of-the-retina\\\/\"]}]},{\"@type\":\"ImageObject\",\"inLanguage\":\"es\",\"@id\":\"https:\\\/\\\/retinacentersd.com\\\/es\\\/conditions\\\/lattice-degeneration-of-the-retina\\\/#primaryimage\",\"url\":\"http:\\\/\\\/retinacentersd.com\\\/wp-content\\\/uploads\\\/2024\\\/08\\\/54.png\",\"contentUrl\":\"http:\\\/\\\/retinacentersd.com\\\/wp-content\\\/uploads\\\/2024\\\/08\\\/54.png\"},{\"@type\":\"BreadcrumbList\",\"@id\":\"https:\\\/\\\/retinacentersd.com\\\/es\\\/conditions\\\/lattice-degeneration-of-the-retina\\\/#breadcrumb\",\"itemListElement\":[{\"@type\":\"ListItem\",\"position\":1,\"name\":\"Home\",\"item\":\"https:\\\/\\\/retinacentersd.com\\\/en\\\/\"},{\"@type\":\"ListItem\",\"position\":2,\"name\":\"Conditions\",\"item\":\"https:\\\/\\\/retinacentersd.com\\\/en\\\/conditions\\\/\"},{\"@type\":\"ListItem\",\"position\":3,\"name\":\"Lattice Degeneration of the Retina\"}]},{\"@type\":\"WebSite\",\"@id\":\"https:\\\/\\\/retinacentersd.com\\\/en\\\/#website\",\"url\":\"https:\\\/\\\/retinacentersd.com\\\/en\\\/\",\"name\":\"Retina Center of San Diego\",\"description\":\"Providing great retina care and treatment to San Diego\",\"publisher\":{\"@id\":\"https:\\\/\\\/retinacentersd.com\\\/en\\\/#organization\"},\"alternateName\":\"Retina Center of San Diego\",\"potentialAction\":[{\"@type\":\"SearchAction\",\"target\":{\"@type\":\"EntryPoint\",\"urlTemplate\":\"https:\\\/\\\/retinacentersd.com\\\/en\\\/?s={search_term_string}\"},\"query-input\":{\"@type\":\"PropertyValueSpecification\",\"valueRequired\":true,\"valueName\":\"search_term_string\"}}],\"inLanguage\":\"es\"},{\"@type\":\"Organization\",\"@id\":\"https:\\\/\\\/retinacentersd.com\\\/en\\\/#organization\",\"name\":\"Retina Center of San Diego\",\"alternateName\":\"Retina Center of San Diego\",\"url\":\"https:\\\/\\\/retinacentersd.com\\\/en\\\/\",\"logo\":{\"@type\":\"ImageObject\",\"inLanguage\":\"es\",\"@id\":\"https:\\\/\\\/retinacentersd.com\\\/en\\\/#\\\/schema\\\/logo\\\/image\\\/\",\"url\":\"https:\\\/\\\/retinacentersd.com\\\/wp-content\\\/uploads\\\/2024\\\/07\\\/RetinaCenterofSD-logo.png\",\"contentUrl\":\"https:\\\/\\\/retinacentersd.com\\\/wp-content\\\/uploads\\\/2024\\\/07\\\/RetinaCenterofSD-logo.png\",\"width\":671,\"height\":372,\"caption\":\"Retina Center of San Diego\"},\"image\":{\"@id\":\"https:\\\/\\\/retinacentersd.com\\\/en\\\/#\\\/schema\\\/logo\\\/image\\\/\"}}]}<\/script>\n<!-- \/ Yoast SEO plugin. -->","yoast_head_json":{"title":"Lattice Degeneration of the Retina - Retina Center of San Diego","description":"Visit Retina Center of San Diego for evaluation and to discuss potential laser treatment of Lattice Degeneration of the Retina. Contact us to schedule your appointment.","robots":{"index":"index","follow":"follow","max-snippet":"max-snippet:-1","max-image-preview":"max-image-preview:large","max-video-preview":"max-video-preview:-1"},"canonical":"https:\/\/retinacentersd.com\/es\/conditions\/lattice-degeneration-of-the-retina\/","og_locale":"es_MX","og_type":"article","og_title":"Lattice Degeneration of the Retina - Retina Center of San Diego","og_description":"Visit Retina Center of San Diego for evaluation and to discuss potential laser treatment of Lattice Degeneration of the Retina. Contact us to schedule your appointment.","og_url":"https:\/\/retinacentersd.com\/es\/conditions\/lattice-degeneration-of-the-retina\/","og_site_name":"Retina Center of San Diego","article_modified_time":"2024-10-17T13:44:46+00:00","og_image":[{"url":"http:\/\/retinacentersd.com\/wp-content\/uploads\/2024\/08\/54.png","type":"","width":"","height":""}],"twitter_card":"summary_large_image","twitter_misc":{"Tiempo de lectura":"3 minutos"},"schema":{"@context":"https:\/\/schema.org","@graph":[{"@type":"WebPage","@id":"https:\/\/retinacentersd.com\/es\/conditions\/lattice-degeneration-of-the-retina\/","url":"https:\/\/retinacentersd.com\/es\/conditions\/lattice-degeneration-of-the-retina\/","name":"Lattice Degeneration of the Retina - Retina Center of San Diego","isPartOf":{"@id":"https:\/\/retinacentersd.com\/en\/#website"},"primaryImageOfPage":{"@id":"https:\/\/retinacentersd.com\/es\/conditions\/lattice-degeneration-of-the-retina\/#primaryimage"},"image":{"@id":"https:\/\/retinacentersd.com\/es\/conditions\/lattice-degeneration-of-the-retina\/#primaryimage"},"thumbnailUrl":"http:\/\/retinacentersd.com\/wp-content\/uploads\/2024\/08\/54.png","datePublished":"2024-08-13T18:56:31+00:00","dateModified":"2024-10-17T13:44:46+00:00","description":"Visit Retina Center of San Diego for evaluation and to discuss potential laser treatment of Lattice Degeneration of the Retina. Contact us to schedule your appointment.","breadcrumb":{"@id":"https:\/\/retinacentersd.com\/es\/conditions\/lattice-degeneration-of-the-retina\/#breadcrumb"},"inLanguage":"es","potentialAction":[{"@type":"ReadAction","target":["https:\/\/retinacentersd.com\/es\/conditions\/lattice-degeneration-of-the-retina\/"]}]},{"@type":"ImageObject","inLanguage":"es","@id":"https:\/\/retinacentersd.com\/es\/conditions\/lattice-degeneration-of-the-retina\/#primaryimage","url":"http:\/\/retinacentersd.com\/wp-content\/uploads\/2024\/08\/54.png","contentUrl":"http:\/\/retinacentersd.com\/wp-content\/uploads\/2024\/08\/54.png"},{"@type":"BreadcrumbList","@id":"https:\/\/retinacentersd.com\/es\/conditions\/lattice-degeneration-of-the-retina\/#breadcrumb","itemListElement":[{"@type":"ListItem","position":1,"name":"Home","item":"https:\/\/retinacentersd.com\/en\/"},{"@type":"ListItem","position":2,"name":"Conditions","item":"https:\/\/retinacentersd.com\/en\/conditions\/"},{"@type":"ListItem","position":3,"name":"Lattice Degeneration of the Retina"}]},{"@type":"WebSite","@id":"https:\/\/retinacentersd.com\/en\/#website","url":"https:\/\/retinacentersd.com\/en\/","name":"Retina Center of San Diego","description":"Providing great retina care and treatment to San Diego","publisher":{"@id":"https:\/\/retinacentersd.com\/en\/#organization"},"alternateName":"Retina Center of San Diego","potentialAction":[{"@type":"SearchAction","target":{"@type":"EntryPoint","urlTemplate":"https:\/\/retinacentersd.com\/en\/?s={search_term_string}"},"query-input":{"@type":"PropertyValueSpecification","valueRequired":true,"valueName":"search_term_string"}}],"inLanguage":"es"},{"@type":"Organization","@id":"https:\/\/retinacentersd.com\/en\/#organization","name":"Retina Center of San Diego","alternateName":"Retina Center of San Diego","url":"https:\/\/retinacentersd.com\/en\/","logo":{"@type":"ImageObject","inLanguage":"es","@id":"https:\/\/retinacentersd.com\/en\/#\/schema\/logo\/image\/","url":"https:\/\/retinacentersd.com\/wp-content\/uploads\/2024\/07\/RetinaCenterofSD-logo.png","contentUrl":"https:\/\/retinacentersd.com\/wp-content\/uploads\/2024\/07\/RetinaCenterofSD-logo.png","width":671,"height":372,"caption":"Retina Center of San Diego"},"image":{"@id":"https:\/\/retinacentersd.com\/en\/#\/schema\/logo\/image\/"}}]}},"_links":{"self":[{"href":"https:\/\/retinacentersd.com\/es\/wp-json\/wp\/v2\/pages\/221","targetHints":{"allow":["GET"]}}],"collection":[{"href":"https:\/\/retinacentersd.com\/es\/wp-json\/wp\/v2\/pages"}],"about":[{"href":"https:\/\/retinacentersd.com\/es\/wp-json\/wp\/v2\/types\/page"}],"author":[{"embeddable":true,"href":"https:\/\/retinacentersd.com\/es\/wp-json\/wp\/v2\/users\/1"}],"replies":[{"embeddable":true,"href":"https:\/\/retinacentersd.com\/es\/wp-json\/wp\/v2\/comments?post=221"}],"version-history":[{"count":7,"href":"https:\/\/retinacentersd.com\/es\/wp-json\/wp\/v2\/pages\/221\/revisions"}],"predecessor-version":[{"id":1355,"href":"https:\/\/retinacentersd.com\/es\/wp-json\/wp\/v2\/pages\/221\/revisions\/1355"}],"up":[{"embeddable":true,"href":"https:\/\/retinacentersd.com\/es\/wp-json\/wp\/v2\/pages\/50"}],"wp:attachment":[{"href":"https:\/\/retinacentersd.com\/es\/wp-json\/wp\/v2\/media?parent=221"}],"curies":[{"name":"wp","href":"https:\/\/api.w.org\/{rel}","templated":true}]}}