{"id":207,"date":"2024-08-13T11:48:27","date_gmt":"2024-08-13T18:48:27","guid":{"rendered":"https:\/\/retinacentersd.com\/?page_id=207"},"modified":"2024-10-17T05:50:17","modified_gmt":"2024-10-17T12:50:17","slug":"retinal-tears","status":"publish","type":"page","link":"https:\/\/retinacentersd.com\/es\/conditions\/retinal-tears\/","title":{"rendered":"Desgarros de retina"},"content":{"rendered":"<div class=\"wp-block-columns is-layout-flex wp-container-core-columns-is-layout-9d6595d7 wp-block-columns-is-layout-flex\">\n<div class=\"wp-block-column inner_page__hero-section is-layout-flow wp-block-column-is-layout-flow\">\n<h1 class=\"wp-block-heading inner_page__hero has-theme-palette-9-color has-text-color has-link-color wp-elements-698335c39203c694af0d4384ab929de1\">Desgarros de retina<\/h1>\n<\/div>\n<\/div>\n\n\n\n<div class=\"wp-block-group\"><div class=\"wp-block-group__inner-container is-layout-constrained wp-block-group-is-layout-constrained\">\n<div class=\"wp-block-columns is-layout-flex wp-container-core-columns-is-layout-9d6595d7 wp-block-columns-is-layout-flex\">\n<div class=\"wp-block-column is-layout-flow wp-block-column-is-layout-flow\" style=\"flex-basis:50%\">\n<h2 class=\"wp-block-heading\">\u00bfQu\u00e9 son los desgarros de retina?<\/h2>\n\n\n\n<p>Un desgarro de retina es una afecci\u00f3n en la que se produce una rotura o abertura en la retina, el tejido sensible a la luz que se encuentra en la parte posterior del ojo. Los desgarros de retina pueden ocurrir cuando el humor v\u00edtreo del interior del ojo se separa de la retina, lo que provoca tracci\u00f3n, o cuando hay un traumatismo en el ojo. Si no se tratan, los desgarros de retina pueden provocar un desprendimiento de retina, una afecci\u00f3n m\u00e1s grave en la que la retina se separa del tejido subyacente, lo que puede provocar p\u00e9rdida de la visi\u00f3n o ceguera.<\/p>\n\n\n\n<p>Los s\u00edntomas de un desgarro de retina pueden incluir:<\/p>\n\n\n\n<ul class=\"wp-block-list\">\n<li>Aparici\u00f3n repentina de moscas volantes (manchas o telara\u00f1as) en el campo visual.<\/li>\n\n\n\n<li>Destellos de luz en el ojo afectado, especialmente al mover los ojos.<\/li>\n\n\n\n<li>Una sombra o velo similar a una cortina que cruza su campo de visi\u00f3n.<\/li>\n<\/ul>\n\n\n\n<h2 class=\"wp-block-heading\">Tratamientos para los desgarros de retina<\/h2>\n\n\n\n<p>El tratamiento de un desgarro de retina generalmente implica rodear el desgarro para evitar que el l\u00edquido se filtre por debajo de la retina y provoque un desprendimiento. Las opciones de tratamiento espec\u00edficas dependen del tama\u00f1o y la ubicaci\u00f3n del desgarro:<\/p>\n\n\n\n<ul class=\"wp-block-list\">\n<li>Fotocoagulaci\u00f3n con l\u00e1ser: este procedimiento utiliza l\u00e1ser para crear peque\u00f1as quemaduras alrededor del desgarro de retina, lo que crea tejido cicatricial que puede sellar el desgarro y evitar que el l\u00edquido se extienda m\u00e1s all\u00e1 del desgarro de retina y se convierta en un desprendimiento de retina.<\/li>\n<\/ul>\n<\/div>\n\n\n\n<div class=\"wp-block-column is-layout-flow wp-block-column-is-layout-flow\" style=\"flex-basis:50%\">\n<figure class=\"wp-block-image size-full is-resized\"><img loading=\"lazy\" decoding=\"async\" width=\"1028\" height=\"598\" src=\"http:\/\/retinacentersd.com\/wp-content\/uploads\/2024\/08\/24.png\" alt=\"Retinal tears\" class=\"wp-image-300\" style=\"width:572px;height:auto\" srcset=\"https:\/\/retinacentersd.com\/wp-content\/uploads\/2024\/08\/24.png 1028w, https:\/\/retinacentersd.com\/wp-content\/uploads\/2024\/08\/24-300x175.png 300w, https:\/\/retinacentersd.com\/wp-content\/uploads\/2024\/08\/24-1024x596.png 1024w, https:\/\/retinacentersd.com\/wp-content\/uploads\/2024\/08\/24-768x447.png 768w, https:\/\/retinacentersd.com\/wp-content\/uploads\/2024\/08\/24-18x10.png 18w, https:\/\/retinacentersd.com\/wp-content\/uploads\/2024\/08\/24-600x349.png 600w\" sizes=\"auto, (max-width: 1028px) 100vw, 1028px\" \/><\/figure>\n\n\n\n<figure class=\"wp-block-image size-full\"><img loading=\"lazy\" decoding=\"async\" width=\"1148\" height=\"916\" src=\"http:\/\/retinacentersd.com\/wp-content\/uploads\/2024\/08\/25.png\" alt=\"Retinal tears\" class=\"wp-image-301\" srcset=\"https:\/\/retinacentersd.com\/wp-content\/uploads\/2024\/08\/25.png 1148w, https:\/\/retinacentersd.com\/wp-content\/uploads\/2024\/08\/25-300x239.png 300w, https:\/\/retinacentersd.com\/wp-content\/uploads\/2024\/08\/25-1024x817.png 1024w, https:\/\/retinacentersd.com\/wp-content\/uploads\/2024\/08\/25-768x613.png 768w, https:\/\/retinacentersd.com\/wp-content\/uploads\/2024\/08\/25-15x12.png 15w, https:\/\/retinacentersd.com\/wp-content\/uploads\/2024\/08\/25-600x479.png 600w\" sizes=\"auto, (max-width: 1148px) 100vw, 1148px\" \/><\/figure>\n\n\n\n<figure class=\"wp-block-image size-full\"><img loading=\"lazy\" decoding=\"async\" width=\"1482\" height=\"1442\" src=\"http:\/\/retinacentersd.com\/wp-content\/uploads\/2024\/08\/26.png\" alt=\"Retinal tears\" class=\"wp-image-302\" srcset=\"https:\/\/retinacentersd.com\/wp-content\/uploads\/2024\/08\/26.png 1482w, https:\/\/retinacentersd.com\/wp-content\/uploads\/2024\/08\/26-300x292.png 300w, https:\/\/retinacentersd.com\/wp-content\/uploads\/2024\/08\/26-1024x996.png 1024w, https:\/\/retinacentersd.com\/wp-content\/uploads\/2024\/08\/26-768x747.png 768w, https:\/\/retinacentersd.com\/wp-content\/uploads\/2024\/08\/26-12x12.png 12w, https:\/\/retinacentersd.com\/wp-content\/uploads\/2024\/08\/26-600x584.png 600w\" sizes=\"auto, (max-width: 1482px) 100vw, 1482px\" \/><\/figure>\n<\/div>\n<\/div>\n<\/div><\/div>\n\n\n\n<hr class=\"wp-block-separator alignfull has-alpha-channel-opacity is-style-wide\" style=\"margin-top:var(--wp--preset--spacing--60);margin-bottom:var(--wp--preset--spacing--60)\"\/>\n\n\n\n<div class=\"wp-block-group\"><div class=\"wp-block-group__inner-container is-layout-constrained wp-block-group-is-layout-constrained\">\n<h2 class=\"wp-block-heading\">V\u00eddeos sobre desgarros de retina<\/h2>\n\n\n\n<div class=\"wp-block-columns is-layout-flex wp-container-core-columns-is-layout-9d6595d7 wp-block-columns-is-layout-flex\">\n<div class=\"wp-block-column is-layout-flow wp-block-column-is-layout-flow\">\n<h3 class=\"wp-block-heading\">Ingl\u00e9s<\/h3>\n\n\n\n<figure class=\"wp-block-embed is-type-video is-provider-youtube wp-block-embed-youtube wp-embed-aspect-16-9 wp-has-aspect-ratio\"><div class=\"wp-block-embed__wrapper\">\n<iframe loading=\"lazy\"  id=\"_ytid_98848\"  width=\"1290\" height=\"725\"  data-origwidth=\"1290\" data-origheight=\"725\" src=\"https:\/\/www.youtube.com\/embed\/_nku1cz_pco?enablejsapi=1&#038;autoplay=0&#038;cc_load_policy=0&#038;cc_lang_pref=&#038;iv_load_policy=1&#038;loop=0&#038;rel=1&#038;fs=1&#038;playsinline=0&#038;autohide=2&#038;theme=dark&#038;color=red&#038;controls=1&#038;disablekb=0&#038;\" class=\"__youtube_prefs__  epyt-is-override  no-lazyload\" title=\"YouTube player\"  allow=\"fullscreen; accelerometer; autoplay; clipboard-write; encrypted-media; gyroscope; picture-in-picture; web-share\" referrerpolicy=\"strict-origin-when-cross-origin\" allowfullscreen data-no-lazy=\"1\" data-skipgform_ajax_framebjll=\"\"><\/iframe>\n<\/div><\/figure>\n<\/div>\n\n\n\n<div class=\"wp-block-column is-layout-flow wp-block-column-is-layout-flow\">\n<h3 class=\"wp-block-heading\">Espa\u00f1ol<\/h3>\n\n\n\n<figure class=\"wp-block-embed is-type-video is-provider-youtube wp-block-embed-youtube wp-embed-aspect-16-9 wp-has-aspect-ratio\"><div class=\"wp-block-embed__wrapper\">\n<iframe loading=\"lazy\"  id=\"_ytid_70597\"  width=\"1290\" height=\"725\"  data-origwidth=\"1290\" data-origheight=\"725\" src=\"https:\/\/www.youtube.com\/embed\/38sus_7t2oc?enablejsapi=1&#038;autoplay=0&#038;cc_load_policy=0&#038;cc_lang_pref=&#038;iv_load_policy=1&#038;loop=0&#038;rel=1&#038;fs=1&#038;playsinline=0&#038;autohide=2&#038;theme=dark&#038;color=red&#038;controls=1&#038;disablekb=0&#038;\" class=\"__youtube_prefs__  epyt-is-override  no-lazyload\" title=\"YouTube player\"  allow=\"fullscreen; accelerometer; autoplay; clipboard-write; encrypted-media; gyroscope; picture-in-picture; web-share\" referrerpolicy=\"strict-origin-when-cross-origin\" allowfullscreen data-no-lazy=\"1\" data-skipgform_ajax_framebjll=\"\"><\/iframe>\n<\/div><\/figure>\n<\/div>\n<\/div>\n<\/div><\/div>\n\n\n\n<hr class=\"wp-block-separator alignfull has-alpha-channel-opacity is-style-wide\" style=\"margin-top:var(--wp--preset--spacing--60);margin-bottom:var(--wp--preset--spacing--60)\"\/>\n\n\n<div style=\"background-color: #f8f8f8; border-width: 2px; border-color: #ECECEC; \" class=\"ub_call_to_action wp-block-ub-call-to-action-block\" id=\"ub_call_to_action_6c0ae026-9fb2-4907-969f-0fbb0ee814dd\">\n\t\t\t<div class=\"ub_call_to_action_headline\">\n\t\t\t\t<h2 class=\"ub_call_to_action_headline_text\" style=\"font-size: 30px; text-align: center; \">Visita el Centro de Retina de San Diego <br>para evaluaci\u00f3n y tratamiento de desgarros de retina<\/h2>\n\t\t\t<\/div>\n\t\t\t<div class=\"ub_call_to_action_content\">\n\t\t\t\t<p class=\"ub_cta_content_text\" style=\"font-size: 15px; text-align: center; \"><\/p>\n\t\t\t<\/div>\n\t\t\t<div class=\"ub_call_to_action_button\">\n\t\t\t\t<a href=\"\/es\/request-appointment\/\" target=\"_self\" rel=\"noopener noreferrer\" class=\"ub_cta_button\" style=\"background-color: var(--global-palette1); width: 250px; \">\n\t\t\t\t\t<p class=\"ub_cta_button_text\" style=\"color: var(--global-palette9); font-size: 14px; \">Solicitar una cita<\/p>\n\t\t\t\t<\/a>\n\t\t\t<\/div>\n\t\t<\/div>","protected":false},"excerpt":{"rendered":"<p>Retinal Tears What are Retinal Tears? A retinal tear is a condition where a break or opening occurs in the retina, the light-sensitive tissue at the back of the eye. Retinal tears can occur when the vitreous gel inside the eye pulls away from the retina, causing traction or when there is trauma to the&#8230;<\/p>","protected":false},"author":1,"featured_media":0,"parent":50,"menu_order":0,"comment_status":"closed","ping_status":"closed","template":"","meta":{"_coblocks_attr":"","_coblocks_dimensions":"","_coblocks_responsive_height":"","_coblocks_accordion_ie_support":"","_kad_post_transparent":"","_kad_post_title":"","_kad_post_layout":"","_kad_post_sidebar_id":"","_kad_post_content_style":"","_kad_post_vertical_padding":"","_kad_post_feature":"","_kad_post_feature_position":"","_kad_post_header":false,"_kad_post_footer":false,"_kad_post_classname":"","footnotes":""},"class_list":["post-207","page","type-page","status-publish","hentry"],"featured_image_src":null,"yoast_head":"<!-- This site is optimized with the Yoast SEO plugin v27.4 - https:\/\/yoast.com\/product\/yoast-seo-wordpress\/ -->\n<title>Retinal Tears - Retina Center of San Diego<\/title>\n<meta name=\"description\" content=\"Protect your vision with timely retinal tear treatment at Retina Center of San Diego. Our experts offer advanced techniques to repair tears and prevent further damage.\" \/>\n<meta name=\"robots\" content=\"index, follow, max-snippet:-1, max-image-preview:large, max-video-preview:-1\" \/>\n<link rel=\"canonical\" href=\"https:\/\/retinacentersd.com\/es\/conditions\/retinal-tears\/\" \/>\n<meta property=\"og:locale\" content=\"es_MX\" \/>\n<meta property=\"og:type\" content=\"article\" \/>\n<meta property=\"og:title\" content=\"Retinal Tears - Retina Center of San Diego\" \/>\n<meta property=\"og:description\" content=\"Protect your vision with timely retinal tear treatment at Retina Center of San Diego. Our experts offer advanced techniques to repair tears and prevent further damage.\" \/>\n<meta property=\"og:url\" content=\"https:\/\/retinacentersd.com\/es\/conditions\/retinal-tears\/\" \/>\n<meta property=\"og:site_name\" content=\"Retina Center of San Diego\" \/>\n<meta property=\"article:modified_time\" content=\"2024-10-17T12:50:17+00:00\" \/>\n<meta property=\"og:image\" content=\"http:\/\/retinacentersd.com\/wp-content\/uploads\/2024\/08\/24.png\" \/>\n<meta name=\"twitter:card\" content=\"summary_large_image\" \/>\n<meta name=\"twitter:label1\" content=\"Tiempo de lectura\" \/>\n\t<meta name=\"twitter:data1\" content=\"2 minutos\" \/>\n<script type=\"application\/ld+json\" class=\"yoast-schema-graph\">{\"@context\":\"https:\\\/\\\/schema.org\",\"@graph\":[{\"@type\":\"WebPage\",\"@id\":\"https:\\\/\\\/retinacentersd.com\\\/en\\\/conditions\\\/retinal-tears\\\/\",\"url\":\"https:\\\/\\\/retinacentersd.com\\\/en\\\/conditions\\\/retinal-tears\\\/\",\"name\":\"Retinal Tears - Retina Center of San Diego\",\"isPartOf\":{\"@id\":\"https:\\\/\\\/retinacentersd.com\\\/en\\\/#website\"},\"primaryImageOfPage\":{\"@id\":\"https:\\\/\\\/retinacentersd.com\\\/en\\\/conditions\\\/retinal-tears\\\/#primaryimage\"},\"image\":{\"@id\":\"https:\\\/\\\/retinacentersd.com\\\/en\\\/conditions\\\/retinal-tears\\\/#primaryimage\"},\"thumbnailUrl\":\"http:\\\/\\\/retinacentersd.com\\\/wp-content\\\/uploads\\\/2024\\\/08\\\/24.png\",\"datePublished\":\"2024-08-13T18:48:27+00:00\",\"dateModified\":\"2024-10-17T12:50:17+00:00\",\"description\":\"Protect your vision with timely retinal tear treatment at Retina Center of San Diego. Our experts offer advanced techniques to repair tears and prevent further damage.\",\"breadcrumb\":{\"@id\":\"https:\\\/\\\/retinacentersd.com\\\/en\\\/conditions\\\/retinal-tears\\\/#breadcrumb\"},\"inLanguage\":\"es\",\"potentialAction\":[{\"@type\":\"ReadAction\",\"target\":[\"https:\\\/\\\/retinacentersd.com\\\/en\\\/conditions\\\/retinal-tears\\\/\"]}]},{\"@type\":\"ImageObject\",\"inLanguage\":\"es\",\"@id\":\"https:\\\/\\\/retinacentersd.com\\\/en\\\/conditions\\\/retinal-tears\\\/#primaryimage\",\"url\":\"http:\\\/\\\/retinacentersd.com\\\/wp-content\\\/uploads\\\/2024\\\/08\\\/24.png\",\"contentUrl\":\"http:\\\/\\\/retinacentersd.com\\\/wp-content\\\/uploads\\\/2024\\\/08\\\/24.png\"},{\"@type\":\"BreadcrumbList\",\"@id\":\"https:\\\/\\\/retinacentersd.com\\\/en\\\/conditions\\\/retinal-tears\\\/#breadcrumb\",\"itemListElement\":[{\"@type\":\"ListItem\",\"position\":1,\"name\":\"Home\",\"item\":\"https:\\\/\\\/retinacentersd.com\\\/en\\\/\"},{\"@type\":\"ListItem\",\"position\":2,\"name\":\"Conditions\",\"item\":\"https:\\\/\\\/retinacentersd.com\\\/en\\\/conditions\\\/\"},{\"@type\":\"ListItem\",\"position\":3,\"name\":\"Retinal Tears\"}]},{\"@type\":\"WebSite\",\"@id\":\"https:\\\/\\\/retinacentersd.com\\\/en\\\/#website\",\"url\":\"https:\\\/\\\/retinacentersd.com\\\/en\\\/\",\"name\":\"Retina Center of San Diego\",\"description\":\"Providing great retina care and treatment to San Diego\",\"publisher\":{\"@id\":\"https:\\\/\\\/retinacentersd.com\\\/en\\\/#organization\"},\"alternateName\":\"Retina Center of San Diego\",\"potentialAction\":[{\"@type\":\"SearchAction\",\"target\":{\"@type\":\"EntryPoint\",\"urlTemplate\":\"https:\\\/\\\/retinacentersd.com\\\/en\\\/?s={search_term_string}\"},\"query-input\":{\"@type\":\"PropertyValueSpecification\",\"valueRequired\":true,\"valueName\":\"search_term_string\"}}],\"inLanguage\":\"es\"},{\"@type\":\"Organization\",\"@id\":\"https:\\\/\\\/retinacentersd.com\\\/en\\\/#organization\",\"name\":\"Retina Center of San Diego\",\"alternateName\":\"Retina Center of San Diego\",\"url\":\"https:\\\/\\\/retinacentersd.com\\\/en\\\/\",\"logo\":{\"@type\":\"ImageObject\",\"inLanguage\":\"es\",\"@id\":\"https:\\\/\\\/retinacentersd.com\\\/en\\\/#\\\/schema\\\/logo\\\/image\\\/\",\"url\":\"https:\\\/\\\/retinacentersd.com\\\/wp-content\\\/uploads\\\/2024\\\/07\\\/RetinaCenterofSD-logo.png\",\"contentUrl\":\"https:\\\/\\\/retinacentersd.com\\\/wp-content\\\/uploads\\\/2024\\\/07\\\/RetinaCenterofSD-logo.png\",\"width\":671,\"height\":372,\"caption\":\"Retina Center of San Diego\"},\"image\":{\"@id\":\"https:\\\/\\\/retinacentersd.com\\\/en\\\/#\\\/schema\\\/logo\\\/image\\\/\"}}]}<\/script>\n<!-- \/ Yoast SEO plugin. -->","yoast_head_json":{"title":"Retinal Tears - Retina Center of San Diego","description":"Protect your vision with timely retinal tear treatment at Retina Center of San Diego. Our experts offer advanced techniques to repair tears and prevent further damage.","robots":{"index":"index","follow":"follow","max-snippet":"max-snippet:-1","max-image-preview":"max-image-preview:large","max-video-preview":"max-video-preview:-1"},"canonical":"https:\/\/retinacentersd.com\/es\/conditions\/retinal-tears\/","og_locale":"es_MX","og_type":"article","og_title":"Retinal Tears - Retina Center of San Diego","og_description":"Protect your vision with timely retinal tear treatment at Retina Center of San Diego. Our experts offer advanced techniques to repair tears and prevent further damage.","og_url":"https:\/\/retinacentersd.com\/es\/conditions\/retinal-tears\/","og_site_name":"Retina Center of San Diego","article_modified_time":"2024-10-17T12:50:17+00:00","og_image":[{"url":"http:\/\/retinacentersd.com\/wp-content\/uploads\/2024\/08\/24.png","type":"","width":"","height":""}],"twitter_card":"summary_large_image","twitter_misc":{"Tiempo de lectura":"2 minutos"},"schema":{"@context":"https:\/\/schema.org","@graph":[{"@type":"WebPage","@id":"https:\/\/retinacentersd.com\/en\/conditions\/retinal-tears\/","url":"https:\/\/retinacentersd.com\/en\/conditions\/retinal-tears\/","name":"Retinal Tears - Retina Center of San Diego","isPartOf":{"@id":"https:\/\/retinacentersd.com\/en\/#website"},"primaryImageOfPage":{"@id":"https:\/\/retinacentersd.com\/en\/conditions\/retinal-tears\/#primaryimage"},"image":{"@id":"https:\/\/retinacentersd.com\/en\/conditions\/retinal-tears\/#primaryimage"},"thumbnailUrl":"http:\/\/retinacentersd.com\/wp-content\/uploads\/2024\/08\/24.png","datePublished":"2024-08-13T18:48:27+00:00","dateModified":"2024-10-17T12:50:17+00:00","description":"Protect your vision with timely retinal tear treatment at Retina Center of San Diego. Our experts offer advanced techniques to repair tears and prevent further damage.","breadcrumb":{"@id":"https:\/\/retinacentersd.com\/en\/conditions\/retinal-tears\/#breadcrumb"},"inLanguage":"es","potentialAction":[{"@type":"ReadAction","target":["https:\/\/retinacentersd.com\/en\/conditions\/retinal-tears\/"]}]},{"@type":"ImageObject","inLanguage":"es","@id":"https:\/\/retinacentersd.com\/en\/conditions\/retinal-tears\/#primaryimage","url":"http:\/\/retinacentersd.com\/wp-content\/uploads\/2024\/08\/24.png","contentUrl":"http:\/\/retinacentersd.com\/wp-content\/uploads\/2024\/08\/24.png"},{"@type":"BreadcrumbList","@id":"https:\/\/retinacentersd.com\/en\/conditions\/retinal-tears\/#breadcrumb","itemListElement":[{"@type":"ListItem","position":1,"name":"Home","item":"https:\/\/retinacentersd.com\/en\/"},{"@type":"ListItem","position":2,"name":"Conditions","item":"https:\/\/retinacentersd.com\/en\/conditions\/"},{"@type":"ListItem","position":3,"name":"Retinal Tears"}]},{"@type":"WebSite","@id":"https:\/\/retinacentersd.com\/en\/#website","url":"https:\/\/retinacentersd.com\/en\/","name":"Retina Center of San Diego","description":"Providing great retina care and treatment to San Diego","publisher":{"@id":"https:\/\/retinacentersd.com\/en\/#organization"},"alternateName":"Retina Center of San Diego","potentialAction":[{"@type":"SearchAction","target":{"@type":"EntryPoint","urlTemplate":"https:\/\/retinacentersd.com\/en\/?s={search_term_string}"},"query-input":{"@type":"PropertyValueSpecification","valueRequired":true,"valueName":"search_term_string"}}],"inLanguage":"es"},{"@type":"Organization","@id":"https:\/\/retinacentersd.com\/en\/#organization","name":"Retina Center of San Diego","alternateName":"Retina Center of San Diego","url":"https:\/\/retinacentersd.com\/en\/","logo":{"@type":"ImageObject","inLanguage":"es","@id":"https:\/\/retinacentersd.com\/en\/#\/schema\/logo\/image\/","url":"https:\/\/retinacentersd.com\/wp-content\/uploads\/2024\/07\/RetinaCenterofSD-logo.png","contentUrl":"https:\/\/retinacentersd.com\/wp-content\/uploads\/2024\/07\/RetinaCenterofSD-logo.png","width":671,"height":372,"caption":"Retina Center of San Diego"},"image":{"@id":"https:\/\/retinacentersd.com\/en\/#\/schema\/logo\/image\/"}}]}},"_links":{"self":[{"href":"https:\/\/retinacentersd.com\/es\/wp-json\/wp\/v2\/pages\/207","targetHints":{"allow":["GET"]}}],"collection":[{"href":"https:\/\/retinacentersd.com\/es\/wp-json\/wp\/v2\/pages"}],"about":[{"href":"https:\/\/retinacentersd.com\/es\/wp-json\/wp\/v2\/types\/page"}],"author":[{"embeddable":true,"href":"https:\/\/retinacentersd.com\/es\/wp-json\/wp\/v2\/users\/1"}],"replies":[{"embeddable":true,"href":"https:\/\/retinacentersd.com\/es\/wp-json\/wp\/v2\/comments?post=207"}],"version-history":[{"count":5,"href":"https:\/\/retinacentersd.com\/es\/wp-json\/wp\/v2\/pages\/207\/revisions"}],"predecessor-version":[{"id":1333,"href":"https:\/\/retinacentersd.com\/es\/wp-json\/wp\/v2\/pages\/207\/revisions\/1333"}],"up":[{"embeddable":true,"href":"https:\/\/retinacentersd.com\/es\/wp-json\/wp\/v2\/pages\/50"}],"wp:attachment":[{"href":"https:\/\/retinacentersd.com\/es\/wp-json\/wp\/v2\/media?parent=207"}],"curies":[{"name":"wp","href":"https:\/\/api.w.org\/{rel}","templated":true}]}}