{"id":205,"date":"2024-08-13T11:48:09","date_gmt":"2024-08-13T18:48:09","guid":{"rendered":"https:\/\/retinacentersd.com\/?page_id=205"},"modified":"2024-10-17T06:42:20","modified_gmt":"2024-10-17T13:42:20","slug":"flashes-and-floaters","status":"publish","type":"page","link":"https:\/\/retinacentersd.com\/es\/conditions\/flashes-and-floaters\/","title":{"rendered":"Destellos y flotadores"},"content":{"rendered":"<div class=\"wp-block-columns is-layout-flex wp-container-core-columns-is-layout-9d6595d7 wp-block-columns-is-layout-flex\">\n<div class=\"wp-block-column inner_page__hero-section is-layout-flow wp-block-column-is-layout-flow\">\n<h1 class=\"wp-block-heading inner_page__hero has-theme-palette-9-color has-text-color has-link-color wp-elements-7f9011ca459af0cedfe77fa0c7ba9a3b\">Destellos y flotadores<\/h1>\n<\/div>\n<\/div>\n\n\n\n<div class=\"wp-block-group\"><div class=\"wp-block-group__inner-container is-layout-constrained wp-block-group-is-layout-constrained\">\n<div class=\"wp-block-columns is-layout-flex wp-container-core-columns-is-layout-9d6595d7 wp-block-columns-is-layout-flex\">\n<div class=\"wp-block-column is-layout-flow wp-block-column-is-layout-flow\" style=\"flex-basis:50%\">\n<h2 class=\"wp-block-heading\">\u00bfQu\u00e9 son los destellos y los flotadores?<\/h2>\n\n\n\n<p>Las moscas volantes son peque\u00f1as motas o nubes semitransparentes que parecen flotar en el campo visual. Pueden tener diversas formas, como puntos, l\u00edneas o hebras similares a telara\u00f1as, y pueden parecer que flotan o se mueven cuando intentas enfocarlas. Las moscas volantes suelen ser m\u00e1s visibles cuando miras un fondo liso, como una pared vac\u00eda o un cielo despejado.<\/p>\n\n\n\n<p>Las moscas volantes son causadas por peque\u00f1os grumos de gel o c\u00e9lulas dentro del v\u00edtreo, la sustancia gelatinosa transparente que llena el interior del ojo. A medida que envejecemos, el gel v\u00edtreo puede encogerse y volverse m\u00e1s l\u00edquido, lo que hace que se separe de la retina (el tejido sensible a la luz en la parte posterior del ojo). A medida que el v\u00edtreo se separa, a veces puede proyectar sombras sobre la retina, que aparecen como moscas volantes.<\/p>\n\n\n\n<p>Si bien los flotadores son comunes y pueden ser inofensivos, <strong>a veces pueden ser un signo de una afecci\u00f3n ocular m\u00e1s grave, como un desgarro o desprendimiento de retina.<\/strong> Si de repente nota un aumento significativo de moscas volantes, destellos de luz en su visi\u00f3n perif\u00e9rica o una sombra similar a una cortina que se mueve a trav\u00e9s de su campo visual, es importante consultar r\u00e1pidamente a un especialista en retina lo antes posible.<\/p>\n<\/div>\n\n\n\n<div class=\"wp-block-column is-layout-flow wp-block-column-is-layout-flow\" style=\"flex-basis:50%\">\n<figure class=\"wp-block-image size-full is-resized\"><img loading=\"lazy\" decoding=\"async\" width=\"708\" height=\"378\" src=\"http:\/\/retinacentersd.com\/wp-content\/uploads\/2024\/08\/21-1.png\" alt=\"Flashes and Floaters\" class=\"wp-image-513\" style=\"width:572px;height:auto\" srcset=\"https:\/\/retinacentersd.com\/wp-content\/uploads\/2024\/08\/21-1.png 708w, https:\/\/retinacentersd.com\/wp-content\/uploads\/2024\/08\/21-1-300x160.png 300w, https:\/\/retinacentersd.com\/wp-content\/uploads\/2024\/08\/21-1-18x10.png 18w, https:\/\/retinacentersd.com\/wp-content\/uploads\/2024\/08\/21-1-600x320.png 600w\" sizes=\"auto, (max-width: 708px) 100vw, 708px\" \/><\/figure>\n\n\n\n<figure class=\"wp-block-image size-full\"><img loading=\"lazy\" decoding=\"async\" width=\"672\" height=\"528\" src=\"http:\/\/retinacentersd.com\/wp-content\/uploads\/2024\/08\/flashes-floaters-vs-clear-vision.png\" alt=\"Normal eye vs flashes and floaters\" class=\"wp-image-296\" srcset=\"https:\/\/retinacentersd.com\/wp-content\/uploads\/2024\/08\/flashes-floaters-vs-clear-vision.png 672w, https:\/\/retinacentersd.com\/wp-content\/uploads\/2024\/08\/flashes-floaters-vs-clear-vision-300x236.png 300w, https:\/\/retinacentersd.com\/wp-content\/uploads\/2024\/08\/flashes-floaters-vs-clear-vision-15x12.png 15w, https:\/\/retinacentersd.com\/wp-content\/uploads\/2024\/08\/flashes-floaters-vs-clear-vision-600x471.png 600w\" sizes=\"auto, (max-width: 672px) 100vw, 672px\" \/><\/figure>\n\n\n\n<figure class=\"wp-block-image size-full\"><img loading=\"lazy\" decoding=\"async\" width=\"2546\" height=\"1689\" src=\"http:\/\/retinacentersd.com\/wp-content\/uploads\/2024\/08\/22-1.png\" alt=\"Flashes and Floaters\" class=\"wp-image-514\" srcset=\"https:\/\/retinacentersd.com\/wp-content\/uploads\/2024\/08\/22-1.png 2546w, https:\/\/retinacentersd.com\/wp-content\/uploads\/2024\/08\/22-1-300x199.png 300w, https:\/\/retinacentersd.com\/wp-content\/uploads\/2024\/08\/22-1-1024x679.png 1024w, https:\/\/retinacentersd.com\/wp-content\/uploads\/2024\/08\/22-1-768x509.png 768w, https:\/\/retinacentersd.com\/wp-content\/uploads\/2024\/08\/22-1-1536x1019.png 1536w, https:\/\/retinacentersd.com\/wp-content\/uploads\/2024\/08\/22-1-2048x1359.png 2048w, https:\/\/retinacentersd.com\/wp-content\/uploads\/2024\/08\/22-1-18x12.png 18w, https:\/\/retinacentersd.com\/wp-content\/uploads\/2024\/08\/22-1-600x398.png 600w\" sizes=\"auto, (max-width: 2546px) 100vw, 2546px\" \/><\/figure>\n\n\n\n<figure class=\"wp-block-image size-full\"><img loading=\"lazy\" decoding=\"async\" width=\"1338\" height=\"512\" src=\"http:\/\/retinacentersd.com\/wp-content\/uploads\/2024\/08\/23.png\" alt=\"Flashes and Floaters\" class=\"wp-image-515\" srcset=\"https:\/\/retinacentersd.com\/wp-content\/uploads\/2024\/08\/23.png 1338w, https:\/\/retinacentersd.com\/wp-content\/uploads\/2024\/08\/23-300x115.png 300w, https:\/\/retinacentersd.com\/wp-content\/uploads\/2024\/08\/23-1024x392.png 1024w, https:\/\/retinacentersd.com\/wp-content\/uploads\/2024\/08\/23-768x294.png 768w, https:\/\/retinacentersd.com\/wp-content\/uploads\/2024\/08\/23-18x7.png 18w, https:\/\/retinacentersd.com\/wp-content\/uploads\/2024\/08\/23-600x230.png 600w\" sizes=\"auto, (max-width: 1338px) 100vw, 1338px\" \/><\/figure>\n<\/div>\n<\/div>\n<\/div><\/div>\n\n\n\n<hr class=\"wp-block-separator alignfull has-alpha-channel-opacity is-style-wide\" style=\"margin-top:var(--wp--preset--spacing--60);margin-bottom:var(--wp--preset--spacing--60)\"\/>\n\n\n\n<div class=\"wp-block-group\"><div class=\"wp-block-group__inner-container is-layout-constrained wp-block-group-is-layout-constrained\">\n<h2 class=\"wp-block-heading\">V\u00eddeos sobre destellos y los flotadores<\/h2>\n\n\n\n<div class=\"wp-block-columns is-layout-flex wp-container-core-columns-is-layout-9d6595d7 wp-block-columns-is-layout-flex\">\n<div class=\"wp-block-column is-layout-flow wp-block-column-is-layout-flow\">\n<h3 class=\"wp-block-heading\">Ingl\u00e9s<\/h3>\n\n\n\n<figure class=\"wp-block-embed is-type-video is-provider-youtube wp-block-embed-youtube wp-embed-aspect-16-9 wp-has-aspect-ratio\"><div class=\"wp-block-embed__wrapper\">\n<iframe loading=\"lazy\"  id=\"_ytid_51513\"  width=\"1290\" height=\"725\"  data-origwidth=\"1290\" data-origheight=\"725\" src=\"https:\/\/www.youtube.com\/embed\/hFFlhKYXMuw?enablejsapi=1&#038;autoplay=0&#038;cc_load_policy=0&#038;cc_lang_pref=&#038;iv_load_policy=1&#038;loop=0&#038;rel=1&#038;fs=1&#038;playsinline=0&#038;autohide=2&#038;theme=dark&#038;color=red&#038;controls=1&#038;disablekb=0&#038;\" class=\"__youtube_prefs__  epyt-is-override  no-lazyload\" title=\"YouTube player\"  allow=\"fullscreen; accelerometer; autoplay; clipboard-write; encrypted-media; gyroscope; picture-in-picture; web-share\" referrerpolicy=\"strict-origin-when-cross-origin\" allowfullscreen data-no-lazy=\"1\" data-skipgform_ajax_framebjll=\"\"><\/iframe>\n<\/div><\/figure>\n\n\n\n<figure class=\"wp-block-embed is-type-video is-provider-youtube wp-block-embed-youtube wp-embed-aspect-16-9 wp-has-aspect-ratio\"><div class=\"wp-block-embed__wrapper\">\n<iframe loading=\"lazy\"  id=\"_ytid_10305\"  width=\"1290\" height=\"725\"  data-origwidth=\"1290\" data-origheight=\"725\" src=\"https:\/\/www.youtube.com\/embed\/2aadrXH6oic?enablejsapi=1&#038;autoplay=0&#038;cc_load_policy=0&#038;cc_lang_pref=&#038;iv_load_policy=1&#038;loop=0&#038;rel=1&#038;fs=1&#038;playsinline=0&#038;autohide=2&#038;theme=dark&#038;color=red&#038;controls=1&#038;disablekb=0&#038;\" class=\"__youtube_prefs__  epyt-is-override  no-lazyload\" title=\"YouTube player\"  allow=\"fullscreen; accelerometer; autoplay; clipboard-write; encrypted-media; gyroscope; picture-in-picture; web-share\" referrerpolicy=\"strict-origin-when-cross-origin\" allowfullscreen data-no-lazy=\"1\" data-skipgform_ajax_framebjll=\"\"><\/iframe>\n<\/div><\/figure>\n<\/div>\n\n\n\n<div class=\"wp-block-column is-layout-flow wp-block-column-is-layout-flow\">\n<h3 class=\"wp-block-heading\">Espa\u00f1ol<\/h3>\n\n\n\n<figure class=\"wp-block-embed is-type-video is-provider-youtube wp-block-embed-youtube wp-embed-aspect-16-9 wp-has-aspect-ratio\"><div class=\"wp-block-embed__wrapper\">\n<iframe loading=\"lazy\"  id=\"_ytid_83907\"  width=\"1290\" height=\"725\"  data-origwidth=\"1290\" data-origheight=\"725\" src=\"https:\/\/www.youtube.com\/embed\/4GdTqWXw0fY?enablejsapi=1&#038;autoplay=0&#038;cc_load_policy=0&#038;cc_lang_pref=&#038;iv_load_policy=1&#038;loop=0&#038;rel=1&#038;fs=1&#038;playsinline=0&#038;autohide=2&#038;theme=dark&#038;color=red&#038;controls=1&#038;disablekb=0&#038;\" class=\"__youtube_prefs__  epyt-is-override  no-lazyload\" title=\"YouTube player\"  allow=\"fullscreen; accelerometer; autoplay; clipboard-write; encrypted-media; gyroscope; picture-in-picture; web-share\" referrerpolicy=\"strict-origin-when-cross-origin\" allowfullscreen data-no-lazy=\"1\" data-skipgform_ajax_framebjll=\"\"><\/iframe>\n<\/div><\/figure>\n<\/div>\n<\/div>\n<\/div><\/div>\n\n\n\n<hr class=\"wp-block-separator alignfull has-alpha-channel-opacity is-style-wide\" style=\"margin-top:var(--wp--preset--spacing--60);margin-bottom:var(--wp--preset--spacing--60)\"\/>\n\n\n<div style=\"background-color: #f8f8f8; border-width: 2px; border-color: #ECECEC; \" class=\"ub_call_to_action wp-block-ub-call-to-action-block\" id=\"ub_call_to_action_a1c018b6-8129-4f92-b1b1-d41cfc91f38f\">\n\t\t\t<div class=\"ub_call_to_action_headline\">\n\t\t\t\t<h2 class=\"ub_call_to_action_headline_text\" style=\"font-size: 30px; text-align: center; \">Visita el Centro de Retina de San Diego <br>para evaluaci\u00f3n de destellos y moscas volantes<\/h2>\n\t\t\t<\/div>\n\t\t\t<div class=\"ub_call_to_action_content\">\n\t\t\t\t<p class=\"ub_cta_content_text\" style=\"font-size: 15px; text-align: center; \"><\/p>\n\t\t\t<\/div>\n\t\t\t<div class=\"ub_call_to_action_button\">\n\t\t\t\t<a href=\"\/es\/request-appointment\/\" target=\"_self\" rel=\"noopener noreferrer\" class=\"ub_cta_button\" style=\"background-color: var(--global-palette1); width: 250px; \">\n\t\t\t\t\t<p class=\"ub_cta_button_text\" style=\"color: var(--global-palette9); font-size: 14px; \">Solicitar una cita<\/p>\n\t\t\t\t<\/a>\n\t\t\t<\/div>\n\t\t<\/div>","protected":false},"excerpt":{"rendered":"<p>Flashes and Floaters What are Flashes and Floaters? Floaters are small, semi-transparent specks or clouds that appear to float in your field of vision. They can be various shapes, such as dots, lines, or cobweb-like strands, and they may seem to drift or move when you try to focus on them. Floaters are typically more&#8230;<\/p>","protected":false},"author":1,"featured_media":0,"parent":50,"menu_order":0,"comment_status":"closed","ping_status":"closed","template":"","meta":{"_coblocks_attr":"","_coblocks_dimensions":"","_coblocks_responsive_height":"","_coblocks_accordion_ie_support":"","_kad_post_transparent":"","_kad_post_title":"","_kad_post_layout":"","_kad_post_sidebar_id":"","_kad_post_content_style":"","_kad_post_vertical_padding":"","_kad_post_feature":"","_kad_post_feature_position":"","_kad_post_header":false,"_kad_post_footer":false,"_kad_post_classname":"","footnotes":""},"class_list":["post-205","page","type-page","status-publish","hentry"],"featured_image_src":null,"yoast_head":"<!-- This site is optimized with the Yoast SEO plugin v27.4 - https:\/\/yoast.com\/product\/yoast-seo-wordpress\/ -->\n<title>Flashes and Floaters - Retina Center of San Diego<\/title>\n<meta name=\"description\" content=\"Visit Retina Center of San Diego for evaluation of Flashes and Floaters. Contact us to schedule your appointment or Call us at (858) 863-7597\" \/>\n<meta name=\"robots\" content=\"index, follow, max-snippet:-1, max-image-preview:large, max-video-preview:-1\" \/>\n<link rel=\"canonical\" href=\"https:\/\/retinacentersd.com\/es\/conditions\/flashes-and-floaters\/\" \/>\n<meta property=\"og:locale\" content=\"es_MX\" \/>\n<meta property=\"og:type\" content=\"article\" \/>\n<meta property=\"og:title\" content=\"Flashes and Floaters - Retina Center of San Diego\" \/>\n<meta property=\"og:description\" content=\"Visit Retina Center of San Diego for evaluation of Flashes and Floaters. Contact us to schedule your appointment or Call us at (858) 863-7597\" \/>\n<meta property=\"og:url\" content=\"https:\/\/retinacentersd.com\/es\/conditions\/flashes-and-floaters\/\" \/>\n<meta property=\"og:site_name\" content=\"Retina Center of San Diego\" \/>\n<meta property=\"article:modified_time\" content=\"2024-10-17T13:42:20+00:00\" \/>\n<meta property=\"og:image\" content=\"http:\/\/retinacentersd.com\/wp-content\/uploads\/2024\/08\/21-1.png\" \/>\n<meta name=\"twitter:card\" content=\"summary_large_image\" \/>\n<meta name=\"twitter:label1\" content=\"Tiempo de lectura\" \/>\n\t<meta name=\"twitter:data1\" content=\"2 minutos\" \/>\n<script type=\"application\/ld+json\" class=\"yoast-schema-graph\">{\"@context\":\"https:\\\/\\\/schema.org\",\"@graph\":[{\"@type\":\"WebPage\",\"@id\":\"https:\\\/\\\/retinacentersd.com\\\/es\\\/conditions\\\/flashes-and-floaters\\\/\",\"url\":\"https:\\\/\\\/retinacentersd.com\\\/es\\\/conditions\\\/flashes-and-floaters\\\/\",\"name\":\"Flashes and Floaters - Retina Center of San Diego\",\"isPartOf\":{\"@id\":\"https:\\\/\\\/retinacentersd.com\\\/en\\\/#website\"},\"primaryImageOfPage\":{\"@id\":\"https:\\\/\\\/retinacentersd.com\\\/es\\\/conditions\\\/flashes-and-floaters\\\/#primaryimage\"},\"image\":{\"@id\":\"https:\\\/\\\/retinacentersd.com\\\/es\\\/conditions\\\/flashes-and-floaters\\\/#primaryimage\"},\"thumbnailUrl\":\"http:\\\/\\\/retinacentersd.com\\\/wp-content\\\/uploads\\\/2024\\\/08\\\/21-1.png\",\"datePublished\":\"2024-08-13T18:48:09+00:00\",\"dateModified\":\"2024-10-17T13:42:20+00:00\",\"description\":\"Visit Retina Center of San Diego for evaluation of Flashes and Floaters. Contact us to schedule your appointment or Call us at (858) 863-7597\",\"breadcrumb\":{\"@id\":\"https:\\\/\\\/retinacentersd.com\\\/es\\\/conditions\\\/flashes-and-floaters\\\/#breadcrumb\"},\"inLanguage\":\"es\",\"potentialAction\":[{\"@type\":\"ReadAction\",\"target\":[\"https:\\\/\\\/retinacentersd.com\\\/es\\\/conditions\\\/flashes-and-floaters\\\/\"]}]},{\"@type\":\"ImageObject\",\"inLanguage\":\"es\",\"@id\":\"https:\\\/\\\/retinacentersd.com\\\/es\\\/conditions\\\/flashes-and-floaters\\\/#primaryimage\",\"url\":\"http:\\\/\\\/retinacentersd.com\\\/wp-content\\\/uploads\\\/2024\\\/08\\\/21-1.png\",\"contentUrl\":\"http:\\\/\\\/retinacentersd.com\\\/wp-content\\\/uploads\\\/2024\\\/08\\\/21-1.png\"},{\"@type\":\"BreadcrumbList\",\"@id\":\"https:\\\/\\\/retinacentersd.com\\\/es\\\/conditions\\\/flashes-and-floaters\\\/#breadcrumb\",\"itemListElement\":[{\"@type\":\"ListItem\",\"position\":1,\"name\":\"Home\",\"item\":\"https:\\\/\\\/retinacentersd.com\\\/en\\\/\"},{\"@type\":\"ListItem\",\"position\":2,\"name\":\"Conditions\",\"item\":\"https:\\\/\\\/retinacentersd.com\\\/en\\\/conditions\\\/\"},{\"@type\":\"ListItem\",\"position\":3,\"name\":\"Flashes and Floaters\"}]},{\"@type\":\"WebSite\",\"@id\":\"https:\\\/\\\/retinacentersd.com\\\/en\\\/#website\",\"url\":\"https:\\\/\\\/retinacentersd.com\\\/en\\\/\",\"name\":\"Retina Center of San Diego\",\"description\":\"Providing great retina care and treatment to San Diego\",\"publisher\":{\"@id\":\"https:\\\/\\\/retinacentersd.com\\\/en\\\/#organization\"},\"alternateName\":\"Retina Center of San Diego\",\"potentialAction\":[{\"@type\":\"SearchAction\",\"target\":{\"@type\":\"EntryPoint\",\"urlTemplate\":\"https:\\\/\\\/retinacentersd.com\\\/en\\\/?s={search_term_string}\"},\"query-input\":{\"@type\":\"PropertyValueSpecification\",\"valueRequired\":true,\"valueName\":\"search_term_string\"}}],\"inLanguage\":\"es\"},{\"@type\":\"Organization\",\"@id\":\"https:\\\/\\\/retinacentersd.com\\\/en\\\/#organization\",\"name\":\"Retina Center of San Diego\",\"alternateName\":\"Retina Center of San Diego\",\"url\":\"https:\\\/\\\/retinacentersd.com\\\/en\\\/\",\"logo\":{\"@type\":\"ImageObject\",\"inLanguage\":\"es\",\"@id\":\"https:\\\/\\\/retinacentersd.com\\\/en\\\/#\\\/schema\\\/logo\\\/image\\\/\",\"url\":\"https:\\\/\\\/retinacentersd.com\\\/wp-content\\\/uploads\\\/2024\\\/07\\\/RetinaCenterofSD-logo.png\",\"contentUrl\":\"https:\\\/\\\/retinacentersd.com\\\/wp-content\\\/uploads\\\/2024\\\/07\\\/RetinaCenterofSD-logo.png\",\"width\":671,\"height\":372,\"caption\":\"Retina Center of San Diego\"},\"image\":{\"@id\":\"https:\\\/\\\/retinacentersd.com\\\/en\\\/#\\\/schema\\\/logo\\\/image\\\/\"}}]}<\/script>\n<!-- \/ Yoast SEO plugin. -->","yoast_head_json":{"title":"Flashes and Floaters - Retina Center of San Diego","description":"Visit Retina Center of San Diego for evaluation of Flashes and Floaters. Contact us to schedule your appointment or Call us at (858) 863-7597","robots":{"index":"index","follow":"follow","max-snippet":"max-snippet:-1","max-image-preview":"max-image-preview:large","max-video-preview":"max-video-preview:-1"},"canonical":"https:\/\/retinacentersd.com\/es\/conditions\/flashes-and-floaters\/","og_locale":"es_MX","og_type":"article","og_title":"Flashes and Floaters - Retina Center of San Diego","og_description":"Visit Retina Center of San Diego for evaluation of Flashes and Floaters. Contact us to schedule your appointment or Call us at (858) 863-7597","og_url":"https:\/\/retinacentersd.com\/es\/conditions\/flashes-and-floaters\/","og_site_name":"Retina Center of San Diego","article_modified_time":"2024-10-17T13:42:20+00:00","og_image":[{"url":"http:\/\/retinacentersd.com\/wp-content\/uploads\/2024\/08\/21-1.png","type":"","width":"","height":""}],"twitter_card":"summary_large_image","twitter_misc":{"Tiempo de lectura":"2 minutos"},"schema":{"@context":"https:\/\/schema.org","@graph":[{"@type":"WebPage","@id":"https:\/\/retinacentersd.com\/es\/conditions\/flashes-and-floaters\/","url":"https:\/\/retinacentersd.com\/es\/conditions\/flashes-and-floaters\/","name":"Flashes and Floaters - Retina Center of San Diego","isPartOf":{"@id":"https:\/\/retinacentersd.com\/en\/#website"},"primaryImageOfPage":{"@id":"https:\/\/retinacentersd.com\/es\/conditions\/flashes-and-floaters\/#primaryimage"},"image":{"@id":"https:\/\/retinacentersd.com\/es\/conditions\/flashes-and-floaters\/#primaryimage"},"thumbnailUrl":"http:\/\/retinacentersd.com\/wp-content\/uploads\/2024\/08\/21-1.png","datePublished":"2024-08-13T18:48:09+00:00","dateModified":"2024-10-17T13:42:20+00:00","description":"Visit Retina Center of San Diego for evaluation of Flashes and Floaters. Contact us to schedule your appointment or Call us at (858) 863-7597","breadcrumb":{"@id":"https:\/\/retinacentersd.com\/es\/conditions\/flashes-and-floaters\/#breadcrumb"},"inLanguage":"es","potentialAction":[{"@type":"ReadAction","target":["https:\/\/retinacentersd.com\/es\/conditions\/flashes-and-floaters\/"]}]},{"@type":"ImageObject","inLanguage":"es","@id":"https:\/\/retinacentersd.com\/es\/conditions\/flashes-and-floaters\/#primaryimage","url":"http:\/\/retinacentersd.com\/wp-content\/uploads\/2024\/08\/21-1.png","contentUrl":"http:\/\/retinacentersd.com\/wp-content\/uploads\/2024\/08\/21-1.png"},{"@type":"BreadcrumbList","@id":"https:\/\/retinacentersd.com\/es\/conditions\/flashes-and-floaters\/#breadcrumb","itemListElement":[{"@type":"ListItem","position":1,"name":"Home","item":"https:\/\/retinacentersd.com\/en\/"},{"@type":"ListItem","position":2,"name":"Conditions","item":"https:\/\/retinacentersd.com\/en\/conditions\/"},{"@type":"ListItem","position":3,"name":"Flashes and Floaters"}]},{"@type":"WebSite","@id":"https:\/\/retinacentersd.com\/en\/#website","url":"https:\/\/retinacentersd.com\/en\/","name":"Retina Center of San Diego","description":"Providing great retina care and treatment to San Diego","publisher":{"@id":"https:\/\/retinacentersd.com\/en\/#organization"},"alternateName":"Retina Center of San Diego","potentialAction":[{"@type":"SearchAction","target":{"@type":"EntryPoint","urlTemplate":"https:\/\/retinacentersd.com\/en\/?s={search_term_string}"},"query-input":{"@type":"PropertyValueSpecification","valueRequired":true,"valueName":"search_term_string"}}],"inLanguage":"es"},{"@type":"Organization","@id":"https:\/\/retinacentersd.com\/en\/#organization","name":"Retina Center of San Diego","alternateName":"Retina Center of San Diego","url":"https:\/\/retinacentersd.com\/en\/","logo":{"@type":"ImageObject","inLanguage":"es","@id":"https:\/\/retinacentersd.com\/en\/#\/schema\/logo\/image\/","url":"https:\/\/retinacentersd.com\/wp-content\/uploads\/2024\/07\/RetinaCenterofSD-logo.png","contentUrl":"https:\/\/retinacentersd.com\/wp-content\/uploads\/2024\/07\/RetinaCenterofSD-logo.png","width":671,"height":372,"caption":"Retina Center of San Diego"},"image":{"@id":"https:\/\/retinacentersd.com\/en\/#\/schema\/logo\/image\/"}}]}},"_links":{"self":[{"href":"https:\/\/retinacentersd.com\/es\/wp-json\/wp\/v2\/pages\/205","targetHints":{"allow":["GET"]}}],"collection":[{"href":"https:\/\/retinacentersd.com\/es\/wp-json\/wp\/v2\/pages"}],"about":[{"href":"https:\/\/retinacentersd.com\/es\/wp-json\/wp\/v2\/types\/page"}],"author":[{"embeddable":true,"href":"https:\/\/retinacentersd.com\/es\/wp-json\/wp\/v2\/users\/1"}],"replies":[{"embeddable":true,"href":"https:\/\/retinacentersd.com\/es\/wp-json\/wp\/v2\/comments?post=205"}],"version-history":[{"count":8,"href":"https:\/\/retinacentersd.com\/es\/wp-json\/wp\/v2\/pages\/205\/revisions"}],"predecessor-version":[{"id":1354,"href":"https:\/\/retinacentersd.com\/es\/wp-json\/wp\/v2\/pages\/205\/revisions\/1354"}],"up":[{"embeddable":true,"href":"https:\/\/retinacentersd.com\/es\/wp-json\/wp\/v2\/pages\/50"}],"wp:attachment":[{"href":"https:\/\/retinacentersd.com\/es\/wp-json\/wp\/v2\/media?parent=205"}],"curies":[{"name":"wp","href":"https:\/\/api.w.org\/{rel}","templated":true}]}}