{"id":190,"date":"2024-08-13T11:42:57","date_gmt":"2024-08-13T18:42:57","guid":{"rendered":"https:\/\/retinacentersd.com\/?page_id=190"},"modified":"2024-10-17T06:30:28","modified_gmt":"2024-10-17T13:30:28","slug":"scleral-buckle-surgery","status":"publish","type":"page","link":"https:\/\/retinacentersd.com\/es\/treatments\/scleral-buckle-surgery\/","title":{"rendered":"Cirug\u00eda de hebilla escleral"},"content":{"rendered":"<div class=\"wp-block-columns is-layout-flex wp-container-core-columns-is-layout-9d6595d7 wp-block-columns-is-layout-flex\">\n<div class=\"wp-block-column inner_page__hero-section is-layout-flow wp-block-column-is-layout-flow\">\n<h1 class=\"wp-block-heading inner_page__hero has-theme-palette-9-color has-text-color has-link-color wp-elements-628fd909e321fc0b4d53c4fbf028a71f\">Cirug\u00eda de hebilla escleral<\/h1>\n<\/div>\n<\/div>\n\n\n\n<div class=\"wp-block-group\"><div class=\"wp-block-group__inner-container is-layout-constrained wp-block-group-is-layout-constrained\">\n<div class=\"wp-block-columns is-layout-flex wp-container-core-columns-is-layout-9d6595d7 wp-block-columns-is-layout-flex\">\n<div class=\"wp-block-column is-layout-flow wp-block-column-is-layout-flow\" style=\"flex-basis:50%\">\n<h2 class=\"wp-block-heading\">\u00bfQu\u00e9 es la cirug\u00eda de hebilla escleral?<\/h2>\n\n\n\n<p>La cirug\u00eda de hebilla escleral es un procedimiento utilizado para reparar ciertos tipos de problemas de retina<br>desprendimientos. Implica la colocaci\u00f3n de una banda de silicona (la hebilla escleral) alrededor de la pared externa del ojo (la escler\u00f3tica) para sostener la retina desprendida y ayudarla a volver a adherirse a la parte posterior del ojo. Este procedimiento se realiza a menudo en un hospital o centro quir\u00fargico con anestesia local o general.<\/p>\n\n\n\n<h2 class=\"wp-block-heading\">Proceso para la cirug\u00eda de hebilla escleral<\/h2>\n\n\n\n<p>A continuaci\u00f3n se presenta una descripci\u00f3n general de los pasos involucrados en la cirug\u00eda de hebilla escleral:<\/p>\n\n\n\n<ol class=\"wp-block-list\">\n<li>Preparaci\u00f3n: Antes de la cirug\u00eda, le anestesiar\u00e1n el ojo con anestesia local y es posible que tambi\u00e9n le administren un sedante para ayudarlo a relajarse o que lo adormezcan por completo con anestesia general. Le dilatar\u00e1n las pupilas para permitir una mejor visualizaci\u00f3n del interior del ojo.<\/li>\n\n\n\n<li>Incisiones: El Dr. Haak har\u00e1 una o m\u00e1s peque\u00f1as incisiones en la conjuntiva (la membrana delgada y transparente que cubre la parte blanca del ojo) para exponer la escler\u00f3tica.<\/li>\n\n\n\n<li>Colocaci\u00f3n de la hebilla escleral: se coloca una banda o esponja de silicona alrededor de la circunferencia del ojo, justo detr\u00e1s de los m\u00fasculos que controlan el movimiento ocular. La hebilla se fija en su lugar con suturas.<\/li>\n\n\n\n<li>Drenaje de l\u00edquido: si hay l\u00edquido o sangre debajo de la retina, el Dr. Haak puede drenarlo utilizando una peque\u00f1a aguja o un tubo de drenaje insertado a trav\u00e9s de la escler\u00f3tica.<\/li>\n\n\n\n<li>Indentaci\u00f3n: La hebilla escleral crea una hendidura o hendidura en la pared del ojo, que ayuda a empujar la pared del ojo hacia adentro y reducir la fuerza que tira de la retina. Esta hendidura tambi\u00e9n ayuda a cerrar cualquier desgarro o rotura de retina y permite que la retina se vuelva a adherir a la parte posterior del ojo.<\/li>\n\n\n\n<li>Cierre de incisiones: Una vez colocada la hebilla escleral y completados todos los procedimientos necesarios, las incisiones en la conjuntiva se cierran con suturas.<\/li>\n<\/ol>\n\n\n\n<p>Despu\u00e9s de la cirug\u00eda de cerclaje escleral, puede experimentar algunas molestias, hinchaz\u00f3n o enrojecimiento en el ojo, que generalmente se pueden controlar con analg\u00e9sicos de venta libre, como Tylenol, y gotas oft\u00e1lmicas recetadas. Al principio, tambi\u00e9n puede tener la visi\u00f3n borrosa o distorsionada, pero generalmente mejora a medida que el ojo se cura y la retina se vuelve a adherir.<\/p>\n\n\n\n<p>Es probable que necesites un cambio de prescripci\u00f3n de anteojos despu\u00e9s de la<br>procedimiento.<\/p>\n\n\n\n<p>Es importante seguir las instrucciones de cuidados posoperatorios, incluida la asistencia a citas de seguimiento para supervisar el proceso de curaci\u00f3n y asegurarse de que el desprendimiento de retina se est\u00e9 resolviendo adecuadamente. En algunos casos, pueden ser necesarios procedimientos o tratamientos adicionales para lograr el mejor resultado posible. El vuelo o la ganancia de altitud pueden verse limitados durante un per\u00edodo determinado si se utiliza gas o aire intraocular.<\/p>\n<\/div>\n\n\n\n<div class=\"wp-block-column is-layout-flow wp-block-column-is-layout-flow\" style=\"flex-basis:50%\">\n<figure class=\"wp-block-image size-full is-resized\"><img loading=\"lazy\" decoding=\"async\" width=\"593\" height=\"300\" src=\"http:\/\/retinacentersd.com\/wp-content\/uploads\/2024\/08\/9-2.png\" alt=\"Scleral Buckle Surgery\" class=\"wp-image-527\" style=\"width:572px;height:auto\" srcset=\"https:\/\/retinacentersd.com\/wp-content\/uploads\/2024\/08\/9-2.png 593w, https:\/\/retinacentersd.com\/wp-content\/uploads\/2024\/08\/9-2-300x152.png 300w, https:\/\/retinacentersd.com\/wp-content\/uploads\/2024\/08\/9-2-18x9.png 18w\" sizes=\"auto, (max-width: 593px) 100vw, 593px\" \/><\/figure>\n\n\n\n<figure class=\"wp-block-image size-full\"><img loading=\"lazy\" decoding=\"async\" width=\"1000\" height=\"819\" src=\"http:\/\/retinacentersd.com\/wp-content\/uploads\/2024\/08\/10.png\" alt=\"Scleral Buckle Surgery\" class=\"wp-image-528\" srcset=\"https:\/\/retinacentersd.com\/wp-content\/uploads\/2024\/08\/10.png 1000w, https:\/\/retinacentersd.com\/wp-content\/uploads\/2024\/08\/10-300x246.png 300w, https:\/\/retinacentersd.com\/wp-content\/uploads\/2024\/08\/10-768x629.png 768w, https:\/\/retinacentersd.com\/wp-content\/uploads\/2024\/08\/10-15x12.png 15w, https:\/\/retinacentersd.com\/wp-content\/uploads\/2024\/08\/10-600x491.png 600w\" sizes=\"auto, (max-width: 1000px) 100vw, 1000px\" \/><\/figure>\n\n\n\n<figure class=\"wp-block-image size-full\"><img loading=\"lazy\" decoding=\"async\" width=\"1346\" height=\"964\" src=\"http:\/\/retinacentersd.com\/wp-content\/uploads\/2024\/08\/11-2.png\" alt=\"Scleral Buckle Surgery\" class=\"wp-image-529\" srcset=\"https:\/\/retinacentersd.com\/wp-content\/uploads\/2024\/08\/11-2.png 1346w, https:\/\/retinacentersd.com\/wp-content\/uploads\/2024\/08\/11-2-300x215.png 300w, https:\/\/retinacentersd.com\/wp-content\/uploads\/2024\/08\/11-2-1024x733.png 1024w, https:\/\/retinacentersd.com\/wp-content\/uploads\/2024\/08\/11-2-768x550.png 768w, https:\/\/retinacentersd.com\/wp-content\/uploads\/2024\/08\/11-2-18x12.png 18w, https:\/\/retinacentersd.com\/wp-content\/uploads\/2024\/08\/11-2-600x430.png 600w\" sizes=\"auto, (max-width: 1346px) 100vw, 1346px\" \/><\/figure>\n\n\n\n<figure class=\"wp-block-image size-full\"><img loading=\"lazy\" decoding=\"async\" width=\"1578\" height=\"1158\" src=\"http:\/\/retinacentersd.com\/wp-content\/uploads\/2024\/08\/15-3.png\" alt=\"Scleral Buckle Surgery\" class=\"wp-image-846\" srcset=\"https:\/\/retinacentersd.com\/wp-content\/uploads\/2024\/08\/15-3.png 1578w, https:\/\/retinacentersd.com\/wp-content\/uploads\/2024\/08\/15-3-300x220.png 300w, https:\/\/retinacentersd.com\/wp-content\/uploads\/2024\/08\/15-3-1024x751.png 1024w, https:\/\/retinacentersd.com\/wp-content\/uploads\/2024\/08\/15-3-768x564.png 768w, https:\/\/retinacentersd.com\/wp-content\/uploads\/2024\/08\/15-3-1536x1127.png 1536w, https:\/\/retinacentersd.com\/wp-content\/uploads\/2024\/08\/15-3-16x12.png 16w, https:\/\/retinacentersd.com\/wp-content\/uploads\/2024\/08\/15-3-600x440.png 600w\" sizes=\"auto, (max-width: 1578px) 100vw, 1578px\" \/><\/figure>\n<\/div>\n<\/div>\n<\/div><\/div>\n\n\n\n<hr class=\"wp-block-separator alignfull has-alpha-channel-opacity is-style-wide\" style=\"margin-top:var(--wp--preset--spacing--60);margin-bottom:var(--wp--preset--spacing--60)\"\/>\n\n\n\n<div class=\"wp-block-group\"><div class=\"wp-block-group__inner-container is-layout-constrained wp-block-group-is-layout-constrained\">\n<div class=\"wp-block-group\"><div class=\"wp-block-group__inner-container is-layout-constrained wp-block-group-is-layout-constrained\">\n<h2 class=\"wp-block-heading\">Videos sobre cirug\u00eda de cerclaje escleral<\/h2>\n\n\n\n<div class=\"wp-block-columns is-layout-flex wp-container-core-columns-is-layout-9d6595d7 wp-block-columns-is-layout-flex\">\n<div class=\"wp-block-column is-layout-flow wp-block-column-is-layout-flow\">\n<h3 class=\"wp-block-heading\">Ingl\u00e9s<\/h3>\n\n\n\n<figure class=\"wp-block-embed is-type-video is-provider-youtube wp-block-embed-youtube wp-embed-aspect-16-9 wp-has-aspect-ratio\"><div class=\"wp-block-embed__wrapper\">\n<iframe loading=\"lazy\"  id=\"_ytid_56947\"  width=\"1290\" height=\"725\"  data-origwidth=\"1290\" data-origheight=\"725\" src=\"https:\/\/www.youtube.com\/embed\/73ka16spi5U?enablejsapi=1&#038;autoplay=0&#038;cc_load_policy=0&#038;cc_lang_pref=&#038;iv_load_policy=1&#038;loop=0&#038;rel=1&#038;fs=1&#038;playsinline=0&#038;autohide=2&#038;theme=dark&#038;color=red&#038;controls=1&#038;disablekb=0&#038;\" class=\"__youtube_prefs__  epyt-is-override  no-lazyload\" title=\"YouTube player\"  allow=\"fullscreen; accelerometer; autoplay; clipboard-write; encrypted-media; gyroscope; picture-in-picture; web-share\" referrerpolicy=\"strict-origin-when-cross-origin\" allowfullscreen data-no-lazy=\"1\" data-skipgform_ajax_framebjll=\"\"><\/iframe>\n<\/div><\/figure>\n\n\n\n<figure class=\"wp-block-embed is-type-video is-provider-youtube wp-block-embed-youtube wp-embed-aspect-16-9 wp-has-aspect-ratio\"><div class=\"wp-block-embed__wrapper\">\n<iframe loading=\"lazy\"  id=\"_ytid_55383\"  width=\"1290\" height=\"725\"  data-origwidth=\"1290\" data-origheight=\"725\" src=\"https:\/\/www.youtube.com\/embed\/W9MLanJXT54?enablejsapi=1&#038;autoplay=0&#038;cc_load_policy=0&#038;cc_lang_pref=&#038;iv_load_policy=1&#038;loop=0&#038;rel=1&#038;fs=1&#038;playsinline=0&#038;autohide=2&#038;theme=dark&#038;color=red&#038;controls=1&#038;disablekb=0&#038;\" class=\"__youtube_prefs__  epyt-is-override  no-lazyload\" title=\"YouTube player\"  allow=\"fullscreen; accelerometer; autoplay; clipboard-write; encrypted-media; gyroscope; picture-in-picture; web-share\" referrerpolicy=\"strict-origin-when-cross-origin\" allowfullscreen data-no-lazy=\"1\" data-skipgform_ajax_framebjll=\"\"><\/iframe>\n<\/div><\/figure>\n<\/div>\n\n\n\n<div class=\"wp-block-column is-layout-flow wp-block-column-is-layout-flow\">\n<h3 class=\"wp-block-heading\">Espa\u00f1ol<\/h3>\n\n\n\n<figure class=\"wp-block-embed is-type-video is-provider-youtube wp-block-embed-youtube wp-embed-aspect-16-9 wp-has-aspect-ratio\"><div class=\"wp-block-embed__wrapper\">\n<iframe loading=\"lazy\"  id=\"_ytid_84283\"  width=\"1290\" height=\"725\"  data-origwidth=\"1290\" data-origheight=\"725\" src=\"https:\/\/www.youtube.com\/embed\/81TLje-20Ac?enablejsapi=1&#038;autoplay=0&#038;cc_load_policy=0&#038;cc_lang_pref=&#038;iv_load_policy=1&#038;loop=0&#038;rel=1&#038;fs=1&#038;playsinline=0&#038;autohide=2&#038;theme=dark&#038;color=red&#038;controls=1&#038;disablekb=0&#038;\" class=\"__youtube_prefs__  epyt-is-override  no-lazyload\" title=\"YouTube player\"  allow=\"fullscreen; accelerometer; autoplay; clipboard-write; encrypted-media; gyroscope; picture-in-picture; web-share\" referrerpolicy=\"strict-origin-when-cross-origin\" allowfullscreen data-no-lazy=\"1\" data-skipgform_ajax_framebjll=\"\"><\/iframe>\n<\/div><\/figure>\n<\/div>\n<\/div>\n<\/div><\/div>\n<\/div><\/div>\n\n\n\n<hr class=\"wp-block-separator alignfull has-alpha-channel-opacity is-style-wide\" style=\"margin-top:var(--wp--preset--spacing--60);margin-bottom:var(--wp--preset--spacing--60)\"\/>\n\n\n<div style=\"background-color: #f8f8f8; border-width: 2px; border-color: #ECECEC; \" class=\"ub_call_to_action wp-block-ub-call-to-action-block\" id=\"ub_call_to_action_4b1dbfdc-8420-48ca-80c4-c7f345e99a93\">\n\t\t\t<div class=\"ub_call_to_action_headline\">\n\t\t\t\t<h2 class=\"ub_call_to_action_headline_text\" style=\"font-size: 30px; text-align: center; \">Visita el Centro de Retina de San Diego <br>para obtener m\u00e1s informaci\u00f3n sobre la cirug\u00eda de hebilla escleral<\/h2>\n\t\t\t<\/div>\n\t\t\t<div class=\"ub_call_to_action_content\">\n\t\t\t\t<p class=\"ub_cta_content_text\" style=\"font-size: 15px; text-align: center; \"><\/p>\n\t\t\t<\/div>\n\t\t\t<div class=\"ub_call_to_action_button\">\n\t\t\t\t<a href=\"http:\/\/retinacentersd.com\/es\/request-appointment\/\" target=\"_self\" rel=\"noopener noreferrer\" class=\"ub_cta_button\" style=\"background-color: var(--global-palette1); width: 250px; \">\n\t\t\t\t\t<p class=\"ub_cta_button_text\" style=\"color: var(--global-palette9); font-size: 14px; \">Solicitar cita<\/p>\n\t\t\t\t<\/a>\n\t\t\t<\/div>\n\t\t<\/div>","protected":false},"excerpt":{"rendered":"<p>Scleral Buckle Surgery What is Scleral Buckle Surgery Scleral buckle surgery is a procedure used to repair certain types of retinaldetachments. It involves the placement of a silicone band (the scleral buckle) around the outer wall of the eye (the sclera) to support the detached retina and help it reattach to the back of the&#8230;<\/p>","protected":false},"author":1,"featured_media":0,"parent":48,"menu_order":0,"comment_status":"closed","ping_status":"closed","template":"","meta":{"_coblocks_attr":"","_coblocks_dimensions":"","_coblocks_responsive_height":"","_coblocks_accordion_ie_support":"","_kad_post_transparent":"","_kad_post_title":"","_kad_post_layout":"","_kad_post_sidebar_id":"","_kad_post_content_style":"","_kad_post_vertical_padding":"","_kad_post_feature":"","_kad_post_feature_position":"","_kad_post_header":false,"_kad_post_footer":false,"_kad_post_classname":"","footnotes":""},"class_list":["post-190","page","type-page","status-publish","hentry"],"featured_image_src":null,"yoast_head":"<!-- This site is optimized with the Yoast SEO plugin v27.4 - https:\/\/yoast.com\/product\/yoast-seo-wordpress\/ -->\n<title>Scleral Buckle Surgery - Retina Center of San Diego<\/title>\n<meta name=\"description\" content=\"At Retina Center of San Diego, find skilled scleral buckle surgeons to restore vision. We offer a proven surgical technique for repairing retinal detachments.\" \/>\n<meta name=\"robots\" content=\"index, follow, max-snippet:-1, max-image-preview:large, max-video-preview:-1\" \/>\n<link rel=\"canonical\" href=\"https:\/\/retinacentersd.com\/es\/treatments\/scleral-buckle-surgery\/\" \/>\n<meta property=\"og:locale\" content=\"es_MX\" \/>\n<meta property=\"og:type\" content=\"article\" \/>\n<meta property=\"og:title\" content=\"Scleral Buckle Surgery - Retina Center of San Diego\" \/>\n<meta property=\"og:description\" content=\"At Retina Center of San Diego, find skilled scleral buckle surgeons to restore vision. We offer a proven surgical technique for repairing retinal detachments.\" \/>\n<meta property=\"og:url\" content=\"https:\/\/retinacentersd.com\/es\/treatments\/scleral-buckle-surgery\/\" \/>\n<meta property=\"og:site_name\" content=\"Retina Center of San Diego\" \/>\n<meta property=\"article:modified_time\" content=\"2024-10-17T13:30:28+00:00\" \/>\n<meta property=\"og:image\" content=\"http:\/\/retinacentersd.com\/wp-content\/uploads\/2024\/08\/9-2.png\" \/>\n<meta name=\"twitter:card\" content=\"summary_large_image\" \/>\n<meta name=\"twitter:label1\" content=\"Tiempo de lectura\" \/>\n\t<meta name=\"twitter:data1\" content=\"3 minutos\" \/>\n<script type=\"application\/ld+json\" class=\"yoast-schema-graph\">{\"@context\":\"https:\\\/\\\/schema.org\",\"@graph\":[{\"@type\":\"WebPage\",\"@id\":\"https:\\\/\\\/retinacentersd.com\\\/en\\\/treatments\\\/scleral-buckle-surgery\\\/\",\"url\":\"https:\\\/\\\/retinacentersd.com\\\/en\\\/treatments\\\/scleral-buckle-surgery\\\/\",\"name\":\"Scleral Buckle Surgery - Retina Center of San Diego\",\"isPartOf\":{\"@id\":\"https:\\\/\\\/retinacentersd.com\\\/en\\\/#website\"},\"primaryImageOfPage\":{\"@id\":\"https:\\\/\\\/retinacentersd.com\\\/en\\\/treatments\\\/scleral-buckle-surgery\\\/#primaryimage\"},\"image\":{\"@id\":\"https:\\\/\\\/retinacentersd.com\\\/en\\\/treatments\\\/scleral-buckle-surgery\\\/#primaryimage\"},\"thumbnailUrl\":\"http:\\\/\\\/retinacentersd.com\\\/wp-content\\\/uploads\\\/2024\\\/08\\\/9-2.png\",\"datePublished\":\"2024-08-13T18:42:57+00:00\",\"dateModified\":\"2024-10-17T13:30:28+00:00\",\"description\":\"At Retina Center of San Diego, find skilled scleral buckle surgeons to restore vision. We offer a proven surgical technique for repairing retinal detachments.\",\"breadcrumb\":{\"@id\":\"https:\\\/\\\/retinacentersd.com\\\/en\\\/treatments\\\/scleral-buckle-surgery\\\/#breadcrumb\"},\"inLanguage\":\"es\",\"potentialAction\":[{\"@type\":\"ReadAction\",\"target\":[\"https:\\\/\\\/retinacentersd.com\\\/en\\\/treatments\\\/scleral-buckle-surgery\\\/\"]}]},{\"@type\":\"ImageObject\",\"inLanguage\":\"es\",\"@id\":\"https:\\\/\\\/retinacentersd.com\\\/en\\\/treatments\\\/scleral-buckle-surgery\\\/#primaryimage\",\"url\":\"http:\\\/\\\/retinacentersd.com\\\/wp-content\\\/uploads\\\/2024\\\/08\\\/9-2.png\",\"contentUrl\":\"http:\\\/\\\/retinacentersd.com\\\/wp-content\\\/uploads\\\/2024\\\/08\\\/9-2.png\"},{\"@type\":\"BreadcrumbList\",\"@id\":\"https:\\\/\\\/retinacentersd.com\\\/en\\\/treatments\\\/scleral-buckle-surgery\\\/#breadcrumb\",\"itemListElement\":[{\"@type\":\"ListItem\",\"position\":1,\"name\":\"Home\",\"item\":\"https:\\\/\\\/retinacentersd.com\\\/en\\\/\"},{\"@type\":\"ListItem\",\"position\":2,\"name\":\"Treatments\",\"item\":\"https:\\\/\\\/retinacentersd.com\\\/en\\\/treatments\\\/\"},{\"@type\":\"ListItem\",\"position\":3,\"name\":\"Scleral Buckle Surgery\"}]},{\"@type\":\"WebSite\",\"@id\":\"https:\\\/\\\/retinacentersd.com\\\/en\\\/#website\",\"url\":\"https:\\\/\\\/retinacentersd.com\\\/en\\\/\",\"name\":\"Retina Center of San Diego\",\"description\":\"Providing great retina care and treatment to San Diego\",\"publisher\":{\"@id\":\"https:\\\/\\\/retinacentersd.com\\\/en\\\/#organization\"},\"alternateName\":\"Retina Center of San Diego\",\"potentialAction\":[{\"@type\":\"SearchAction\",\"target\":{\"@type\":\"EntryPoint\",\"urlTemplate\":\"https:\\\/\\\/retinacentersd.com\\\/en\\\/?s={search_term_string}\"},\"query-input\":{\"@type\":\"PropertyValueSpecification\",\"valueRequired\":true,\"valueName\":\"search_term_string\"}}],\"inLanguage\":\"es\"},{\"@type\":\"Organization\",\"@id\":\"https:\\\/\\\/retinacentersd.com\\\/en\\\/#organization\",\"name\":\"Retina Center of San Diego\",\"alternateName\":\"Retina Center of San Diego\",\"url\":\"https:\\\/\\\/retinacentersd.com\\\/en\\\/\",\"logo\":{\"@type\":\"ImageObject\",\"inLanguage\":\"es\",\"@id\":\"https:\\\/\\\/retinacentersd.com\\\/en\\\/#\\\/schema\\\/logo\\\/image\\\/\",\"url\":\"https:\\\/\\\/retinacentersd.com\\\/wp-content\\\/uploads\\\/2024\\\/07\\\/RetinaCenterofSD-logo.png\",\"contentUrl\":\"https:\\\/\\\/retinacentersd.com\\\/wp-content\\\/uploads\\\/2024\\\/07\\\/RetinaCenterofSD-logo.png\",\"width\":671,\"height\":372,\"caption\":\"Retina Center of San Diego\"},\"image\":{\"@id\":\"https:\\\/\\\/retinacentersd.com\\\/en\\\/#\\\/schema\\\/logo\\\/image\\\/\"}}]}<\/script>\n<!-- \/ Yoast SEO plugin. -->","yoast_head_json":{"title":"Scleral Buckle Surgery - Retina Center of San Diego","description":"At Retina Center of San Diego, find skilled scleral buckle surgeons to restore vision. We offer a proven surgical technique for repairing retinal detachments.","robots":{"index":"index","follow":"follow","max-snippet":"max-snippet:-1","max-image-preview":"max-image-preview:large","max-video-preview":"max-video-preview:-1"},"canonical":"https:\/\/retinacentersd.com\/es\/treatments\/scleral-buckle-surgery\/","og_locale":"es_MX","og_type":"article","og_title":"Scleral Buckle Surgery - Retina Center of San Diego","og_description":"At Retina Center of San Diego, find skilled scleral buckle surgeons to restore vision. We offer a proven surgical technique for repairing retinal detachments.","og_url":"https:\/\/retinacentersd.com\/es\/treatments\/scleral-buckle-surgery\/","og_site_name":"Retina Center of San Diego","article_modified_time":"2024-10-17T13:30:28+00:00","og_image":[{"url":"http:\/\/retinacentersd.com\/wp-content\/uploads\/2024\/08\/9-2.png","type":"","width":"","height":""}],"twitter_card":"summary_large_image","twitter_misc":{"Tiempo de lectura":"3 minutos"},"schema":{"@context":"https:\/\/schema.org","@graph":[{"@type":"WebPage","@id":"https:\/\/retinacentersd.com\/en\/treatments\/scleral-buckle-surgery\/","url":"https:\/\/retinacentersd.com\/en\/treatments\/scleral-buckle-surgery\/","name":"Scleral Buckle Surgery - Retina Center of San Diego","isPartOf":{"@id":"https:\/\/retinacentersd.com\/en\/#website"},"primaryImageOfPage":{"@id":"https:\/\/retinacentersd.com\/en\/treatments\/scleral-buckle-surgery\/#primaryimage"},"image":{"@id":"https:\/\/retinacentersd.com\/en\/treatments\/scleral-buckle-surgery\/#primaryimage"},"thumbnailUrl":"http:\/\/retinacentersd.com\/wp-content\/uploads\/2024\/08\/9-2.png","datePublished":"2024-08-13T18:42:57+00:00","dateModified":"2024-10-17T13:30:28+00:00","description":"At Retina Center of San Diego, find skilled scleral buckle surgeons to restore vision. We offer a proven surgical technique for repairing retinal detachments.","breadcrumb":{"@id":"https:\/\/retinacentersd.com\/en\/treatments\/scleral-buckle-surgery\/#breadcrumb"},"inLanguage":"es","potentialAction":[{"@type":"ReadAction","target":["https:\/\/retinacentersd.com\/en\/treatments\/scleral-buckle-surgery\/"]}]},{"@type":"ImageObject","inLanguage":"es","@id":"https:\/\/retinacentersd.com\/en\/treatments\/scleral-buckle-surgery\/#primaryimage","url":"http:\/\/retinacentersd.com\/wp-content\/uploads\/2024\/08\/9-2.png","contentUrl":"http:\/\/retinacentersd.com\/wp-content\/uploads\/2024\/08\/9-2.png"},{"@type":"BreadcrumbList","@id":"https:\/\/retinacentersd.com\/en\/treatments\/scleral-buckle-surgery\/#breadcrumb","itemListElement":[{"@type":"ListItem","position":1,"name":"Home","item":"https:\/\/retinacentersd.com\/en\/"},{"@type":"ListItem","position":2,"name":"Treatments","item":"https:\/\/retinacentersd.com\/en\/treatments\/"},{"@type":"ListItem","position":3,"name":"Scleral Buckle Surgery"}]},{"@type":"WebSite","@id":"https:\/\/retinacentersd.com\/en\/#website","url":"https:\/\/retinacentersd.com\/en\/","name":"Retina Center of San Diego","description":"Providing great retina care and treatment to San Diego","publisher":{"@id":"https:\/\/retinacentersd.com\/en\/#organization"},"alternateName":"Retina Center of San Diego","potentialAction":[{"@type":"SearchAction","target":{"@type":"EntryPoint","urlTemplate":"https:\/\/retinacentersd.com\/en\/?s={search_term_string}"},"query-input":{"@type":"PropertyValueSpecification","valueRequired":true,"valueName":"search_term_string"}}],"inLanguage":"es"},{"@type":"Organization","@id":"https:\/\/retinacentersd.com\/en\/#organization","name":"Retina Center of San Diego","alternateName":"Retina Center of San Diego","url":"https:\/\/retinacentersd.com\/en\/","logo":{"@type":"ImageObject","inLanguage":"es","@id":"https:\/\/retinacentersd.com\/en\/#\/schema\/logo\/image\/","url":"https:\/\/retinacentersd.com\/wp-content\/uploads\/2024\/07\/RetinaCenterofSD-logo.png","contentUrl":"https:\/\/retinacentersd.com\/wp-content\/uploads\/2024\/07\/RetinaCenterofSD-logo.png","width":671,"height":372,"caption":"Retina Center of San Diego"},"image":{"@id":"https:\/\/retinacentersd.com\/en\/#\/schema\/logo\/image\/"}}]}},"_links":{"self":[{"href":"https:\/\/retinacentersd.com\/es\/wp-json\/wp\/v2\/pages\/190","targetHints":{"allow":["GET"]}}],"collection":[{"href":"https:\/\/retinacentersd.com\/es\/wp-json\/wp\/v2\/pages"}],"about":[{"href":"https:\/\/retinacentersd.com\/es\/wp-json\/wp\/v2\/types\/page"}],"author":[{"embeddable":true,"href":"https:\/\/retinacentersd.com\/es\/wp-json\/wp\/v2\/users\/1"}],"replies":[{"embeddable":true,"href":"https:\/\/retinacentersd.com\/es\/wp-json\/wp\/v2\/comments?post=190"}],"version-history":[{"count":9,"href":"https:\/\/retinacentersd.com\/es\/wp-json\/wp\/v2\/pages\/190\/revisions"}],"predecessor-version":[{"id":1389,"href":"https:\/\/retinacentersd.com\/es\/wp-json\/wp\/v2\/pages\/190\/revisions\/1389"}],"up":[{"embeddable":true,"href":"https:\/\/retinacentersd.com\/es\/wp-json\/wp\/v2\/pages\/48"}],"wp:attachment":[{"href":"https:\/\/retinacentersd.com\/es\/wp-json\/wp\/v2\/media?parent=190"}],"curies":[{"name":"wp","href":"https:\/\/api.w.org\/{rel}","templated":true}]}}