{"id":188,"date":"2024-08-13T11:40:42","date_gmt":"2024-08-13T18:40:42","guid":{"rendered":"https:\/\/retinacentersd.com\/?page_id=188"},"modified":"2024-10-17T06:26:21","modified_gmt":"2024-10-17T13:26:21","slug":"pneumatic-retinopexy","status":"publish","type":"page","link":"https:\/\/retinacentersd.com\/es\/treatments\/pneumatic-retinopexy\/","title":{"rendered":"Retinopexia neum\u00e1tica"},"content":{"rendered":"<div class=\"wp-block-columns is-layout-flex wp-container-core-columns-is-layout-9d6595d7 wp-block-columns-is-layout-flex\">\n<div class=\"wp-block-column inner_page__hero-section is-layout-flow wp-block-column-is-layout-flow\">\n<h1 class=\"wp-block-heading inner_page__hero has-theme-palette-9-color has-text-color has-link-color wp-elements-7fbfbe3d42db848047d618b9e152c682\">Retinopexia neum\u00e1tica<\/h1>\n<\/div>\n<\/div>\n\n\n\n<div class=\"wp-block-group\"><div class=\"wp-block-group__inner-container is-layout-constrained wp-block-group-is-layout-constrained\">\n<div class=\"wp-block-columns is-layout-flex wp-container-core-columns-is-layout-9d6595d7 wp-block-columns-is-layout-flex\">\n<div class=\"wp-block-column is-layout-flow wp-block-column-is-layout-flow\" style=\"flex-basis:50%\">\n<h2 class=\"wp-block-heading\">\u00bfQu\u00e9 es la retinopexia neum\u00e1tica?<\/h2>\n\n\n\n<p>La retinopexia neum\u00e1tica es un procedimiento quir\u00fargico que se utiliza para reparar ciertos tipos de desprendimientos de retina. Este procedimiento es menos invasivo en comparaci\u00f3n con la vitrectom\u00eda tradicional o la cirug\u00eda de cerclaje escleral.<\/p>\n\n\n\n<h2 class=\"wp-block-heading\">Proceso para la retinopexia neum\u00e1tica<\/h2>\n\n\n\n<p>As\u00ed es como funciona normalmente la retinopexia neum\u00e1tica:<\/p>\n\n\n\n<ol class=\"wp-block-list\">\n<li>Preparaci\u00f3n: Antes del procedimiento, generalmente se adormece el ojo con anestesia local y se dilatan las pupilas.<\/li>\n\n\n\n<li>Inyecci\u00f3n de una burbuja de gas: Se inyecta una peque\u00f1a burbuja de gas en la cavidad v\u00edtrea del ojo. La burbuja de gas se eleva y flota, ejerciendo presi\u00f3n sobre la zona desprendida de la retina. La burbuja de gas sirve para empujar la retina desprendida de nuevo a su posici\u00f3n normal contra la pared posterior del ojo.<\/li>\n\n\n\n<li>Posicionamiento: Despu\u00e9s de inyectar la burbuja de gas, se le indicar\u00e1 que mantenga una posici\u00f3n espec\u00edfica de la cabeza durante un per\u00edodo de tiempo determinado, normalmente varios d\u00edas. Esta posici\u00f3n permite que la burbuja de gas ejerza presi\u00f3n sobre la retina desprendida y ayuda a mantener la retina en su lugar mientras se cura.<\/li>\n\n\n\n<li>L\u00e1ser: Una vez que se vuelve a colocar la retina, normalmente utilizamos terapia l\u00e1ser para sellar el desgarro o rotura de retina. Esto ayuda a evitar que el l\u00edquido vuelva a filtrarse debajo de la retina y provoque otro desprendimiento.<\/li>\n\n\n\n<li>Cuidados posteriores al procedimiento: despu\u00e9s del procedimiento, sus ojos pueden estar sensibles a la luz debido a las gotas dilatadoras. Puede experimentar algunas molestias o una leve irritaci\u00f3n, que generalmente se pueden aliviar con analg\u00e9sicos de venta libre. Le brindaremos instrucciones espec\u00edficas sobre los cuidados posteriores al procedimiento, incluidas las restricciones en las actividades y el uso de gotas para los ojos.<\/li>\n\n\n\n<li>Absorci\u00f3n de la burbuja de gas: con el tiempo, la burbuja de gas se disipa de forma natural y es absorbida por el cuerpo. A medida que la burbuja de gas se encoge, el l\u00edquido que se hab\u00eda acumulado debajo de la retina se reabsorbe gradualmente y la retina se vuelve a adherir.<\/li>\n<\/ol>\n\n\n\n<p>La retinopexia neum\u00e1tica es m\u00e1s efectiva para ciertos tipos de desprendimientos de retina, pero puede no ser adecuada para todos los casos de desprendimientos de retina.<\/p>\n\n\n\n<p>Despu\u00e9s del procedimiento, deber\u00e1 seguir las instrucciones cuidadosamente, lo que incluye mantener la cabeza en la posici\u00f3n indicada, evitar actividades que puedan aumentar la presi\u00f3n ocular (como volar en avi\u00f3n o ganar altitud) y asistir a\ncitas de seguimiento para controlar el proceso de curaci\u00f3n. En algunos casos, pueden necesitarse tratamientos o cirug\u00edas adicionales para reparar por completo el desprendimiento de retina.<\/p>\n<\/div>\n\n\n\n<div class=\"wp-block-column is-layout-flow wp-block-column-is-layout-flow\" style=\"flex-basis:50%\">\n<figure class=\"wp-block-image size-full is-resized\"><img loading=\"lazy\" decoding=\"async\" width=\"1280\" height=\"720\" src=\"http:\/\/retinacentersd.com\/wp-content\/uploads\/2024\/08\/18-1.png\" alt=\"Pneumatic Retinopexy\" class=\"wp-image-370\" style=\"width:572px;height:auto\" srcset=\"https:\/\/retinacentersd.com\/wp-content\/uploads\/2024\/08\/18-1.png 1280w, https:\/\/retinacentersd.com\/wp-content\/uploads\/2024\/08\/18-1-300x169.png 300w, https:\/\/retinacentersd.com\/wp-content\/uploads\/2024\/08\/18-1-1024x576.png 1024w, https:\/\/retinacentersd.com\/wp-content\/uploads\/2024\/08\/18-1-768x432.png 768w, https:\/\/retinacentersd.com\/wp-content\/uploads\/2024\/08\/18-1-18x10.png 18w, https:\/\/retinacentersd.com\/wp-content\/uploads\/2024\/08\/18-1-600x338.png 600w\" sizes=\"auto, (max-width: 1280px) 100vw, 1280px\" \/><\/figure>\n\n\n\n<figure class=\"wp-block-image size-full\"><img loading=\"lazy\" decoding=\"async\" width=\"1260\" height=\"552\" src=\"http:\/\/retinacentersd.com\/wp-content\/uploads\/2024\/08\/Screenshot-2024-08-21-at-9.02.39-PM.png\" alt=\"Pneumatic Retinopexy\" class=\"wp-image-565\" srcset=\"https:\/\/retinacentersd.com\/wp-content\/uploads\/2024\/08\/Screenshot-2024-08-21-at-9.02.39-PM.png 1260w, https:\/\/retinacentersd.com\/wp-content\/uploads\/2024\/08\/Screenshot-2024-08-21-at-9.02.39-PM-300x131.png 300w, https:\/\/retinacentersd.com\/wp-content\/uploads\/2024\/08\/Screenshot-2024-08-21-at-9.02.39-PM-1024x449.png 1024w, https:\/\/retinacentersd.com\/wp-content\/uploads\/2024\/08\/Screenshot-2024-08-21-at-9.02.39-PM-768x336.png 768w, https:\/\/retinacentersd.com\/wp-content\/uploads\/2024\/08\/Screenshot-2024-08-21-at-9.02.39-PM-18x8.png 18w, https:\/\/retinacentersd.com\/wp-content\/uploads\/2024\/08\/Screenshot-2024-08-21-at-9.02.39-PM-600x263.png 600w\" sizes=\"auto, (max-width: 1260px) 100vw, 1260px\" \/><\/figure>\n\n\n\n<figure class=\"wp-block-image size-full\"><img loading=\"lazy\" decoding=\"async\" width=\"700\" height=\"370\" src=\"http:\/\/retinacentersd.com\/wp-content\/uploads\/2024\/08\/20-1.png\" alt=\"Pneumatic Retinopexy\" class=\"wp-image-372\" srcset=\"https:\/\/retinacentersd.com\/wp-content\/uploads\/2024\/08\/20-1.png 700w, https:\/\/retinacentersd.com\/wp-content\/uploads\/2024\/08\/20-1-300x159.png 300w, https:\/\/retinacentersd.com\/wp-content\/uploads\/2024\/08\/20-1-18x10.png 18w, https:\/\/retinacentersd.com\/wp-content\/uploads\/2024\/08\/20-1-600x317.png 600w\" sizes=\"auto, (max-width: 700px) 100vw, 700px\" \/><\/figure>\n\n\n\n<figure class=\"wp-block-image size-full\"><img loading=\"lazy\" decoding=\"async\" width=\"4092\" height=\"1832\" src=\"http:\/\/retinacentersd.com\/wp-content\/uploads\/2024\/08\/39-1.png\" alt=\"Pneumatic Retinopexy\" class=\"wp-image-885\" srcset=\"https:\/\/retinacentersd.com\/wp-content\/uploads\/2024\/08\/39-1.png 4092w, https:\/\/retinacentersd.com\/wp-content\/uploads\/2024\/08\/39-1-300x134.png 300w, https:\/\/retinacentersd.com\/wp-content\/uploads\/2024\/08\/39-1-1024x458.png 1024w, https:\/\/retinacentersd.com\/wp-content\/uploads\/2024\/08\/39-1-768x344.png 768w, https:\/\/retinacentersd.com\/wp-content\/uploads\/2024\/08\/39-1-1536x688.png 1536w, https:\/\/retinacentersd.com\/wp-content\/uploads\/2024\/08\/39-1-2048x917.png 2048w, https:\/\/retinacentersd.com\/wp-content\/uploads\/2024\/08\/39-1-18x8.png 18w, https:\/\/retinacentersd.com\/wp-content\/uploads\/2024\/08\/39-1-600x269.png 600w\" sizes=\"auto, (max-width: 4092px) 100vw, 4092px\" \/><figcaption class=\"wp-element-caption\">Antes (izquierda) y despu\u00e9s (derecha) del procedimiento neum\u00e1tico con inyecci\u00f3n de gas intrav\u00edtreo<\/figcaption><\/figure>\n\n\n\n<figure class=\"wp-block-image size-full is-resized\"><img loading=\"lazy\" decoding=\"async\" width=\"4088\" height=\"1874\" src=\"http:\/\/retinacentersd.com\/wp-content\/uploads\/2024\/08\/0-4.png\" alt=\"Pneumatic Retinopexy\" class=\"wp-image-956\" style=\"width:572px;height:auto\" srcset=\"https:\/\/retinacentersd.com\/wp-content\/uploads\/2024\/08\/0-4.png 4088w, https:\/\/retinacentersd.com\/wp-content\/uploads\/2024\/08\/0-4-300x138.png 300w, https:\/\/retinacentersd.com\/wp-content\/uploads\/2024\/08\/0-4-1024x469.png 1024w, https:\/\/retinacentersd.com\/wp-content\/uploads\/2024\/08\/0-4-768x352.png 768w, https:\/\/retinacentersd.com\/wp-content\/uploads\/2024\/08\/0-4-1536x704.png 1536w, https:\/\/retinacentersd.com\/wp-content\/uploads\/2024\/08\/0-4-2048x939.png 2048w, https:\/\/retinacentersd.com\/wp-content\/uploads\/2024\/08\/0-4-18x8.png 18w, https:\/\/retinacentersd.com\/wp-content\/uploads\/2024\/08\/0-4-600x275.png 600w\" sizes=\"auto, (max-width: 4088px) 100vw, 4088px\" \/><\/figure>\n<\/div>\n<\/div>\n<\/div><\/div>\n\n\n\n<hr class=\"wp-block-separator alignfull has-alpha-channel-opacity is-style-wide\" style=\"margin-top:var(--wp--preset--spacing--60);margin-bottom:var(--wp--preset--spacing--60)\"\/>\n\n\n\n<div class=\"wp-block-group\"><div class=\"wp-block-group__inner-container is-layout-constrained wp-block-group-is-layout-constrained\">\n<div class=\"wp-block-group\"><div class=\"wp-block-group__inner-container is-layout-constrained wp-block-group-is-layout-constrained\">\n<h2 class=\"wp-block-heading\">V\u00eddeos sobre retinopexia neum\u00e1tica<\/h2>\n\n\n\n<div class=\"wp-block-columns is-layout-flex wp-container-core-columns-is-layout-9d6595d7 wp-block-columns-is-layout-flex\">\n<div class=\"wp-block-column is-layout-flow wp-block-column-is-layout-flow\">\n<h3 class=\"wp-block-heading\">Ingl\u00e9s<\/h3>\n\n\n\n<figure class=\"wp-block-embed is-type-video is-provider-youtube wp-block-embed-youtube wp-embed-aspect-16-9 wp-has-aspect-ratio\"><div class=\"wp-block-embed__wrapper\">\n<iframe loading=\"lazy\"  id=\"_ytid_98950\"  width=\"1290\" height=\"725\"  data-origwidth=\"1290\" data-origheight=\"725\" src=\"https:\/\/www.youtube.com\/embed\/mj5gkLq5P0s?enablejsapi=1&#038;autoplay=0&#038;cc_load_policy=0&#038;cc_lang_pref=&#038;iv_load_policy=1&#038;loop=0&#038;rel=1&#038;fs=1&#038;playsinline=0&#038;autohide=2&#038;theme=dark&#038;color=red&#038;controls=1&#038;disablekb=0&#038;\" class=\"__youtube_prefs__  epyt-is-override  no-lazyload\" title=\"YouTube player\"  allow=\"fullscreen; accelerometer; autoplay; clipboard-write; encrypted-media; gyroscope; picture-in-picture; web-share\" referrerpolicy=\"strict-origin-when-cross-origin\" allowfullscreen data-no-lazy=\"1\" data-skipgform_ajax_framebjll=\"\"><\/iframe>\n<\/div><\/figure>\n\n\n\n<figure class=\"wp-block-embed is-type-video is-provider-youtube wp-block-embed-youtube wp-embed-aspect-16-9 wp-has-aspect-ratio\"><div class=\"wp-block-embed__wrapper\">\n<iframe loading=\"lazy\"  id=\"_ytid_76220\"  width=\"1290\" height=\"725\"  data-origwidth=\"1290\" data-origheight=\"725\" src=\"https:\/\/www.youtube.com\/embed\/X-b_P55PClg?enablejsapi=1&#038;autoplay=0&#038;cc_load_policy=0&#038;cc_lang_pref=&#038;iv_load_policy=1&#038;loop=0&#038;rel=1&#038;fs=1&#038;playsinline=0&#038;autohide=2&#038;theme=dark&#038;color=red&#038;controls=1&#038;disablekb=0&#038;\" class=\"__youtube_prefs__  epyt-is-override  no-lazyload\" title=\"YouTube player\"  allow=\"fullscreen; accelerometer; autoplay; clipboard-write; encrypted-media; gyroscope; picture-in-picture; web-share\" referrerpolicy=\"strict-origin-when-cross-origin\" allowfullscreen data-no-lazy=\"1\" data-skipgform_ajax_framebjll=\"\"><\/iframe>\n<\/div><\/figure>\n<\/div>\n\n\n\n<div class=\"wp-block-column is-layout-flow wp-block-column-is-layout-flow\">\n<h3 class=\"wp-block-heading\">Espa\u00f1ol<\/h3>\n\n\n\n<figure class=\"wp-block-embed is-type-video is-provider-youtube wp-block-embed-youtube wp-embed-aspect-16-9 wp-has-aspect-ratio\"><div class=\"wp-block-embed__wrapper\">\n<iframe loading=\"lazy\"  id=\"_ytid_42070\"  width=\"1290\" height=\"725\"  data-origwidth=\"1290\" data-origheight=\"725\" src=\"https:\/\/www.youtube.com\/embed\/s1JS3ElATJg?enablejsapi=1&#038;autoplay=0&#038;cc_load_policy=0&#038;cc_lang_pref=&#038;iv_load_policy=1&#038;loop=0&#038;rel=1&#038;fs=1&#038;playsinline=0&#038;autohide=2&#038;theme=dark&#038;color=red&#038;controls=1&#038;disablekb=0&#038;\" class=\"__youtube_prefs__  epyt-is-override  no-lazyload\" title=\"YouTube player\"  allow=\"fullscreen; accelerometer; autoplay; clipboard-write; encrypted-media; gyroscope; picture-in-picture; web-share\" referrerpolicy=\"strict-origin-when-cross-origin\" allowfullscreen data-no-lazy=\"1\" data-skipgform_ajax_framebjll=\"\"><\/iframe>\n<\/div><\/figure>\n<\/div>\n<\/div>\n<\/div><\/div>\n<\/div><\/div>\n\n\n\n<hr class=\"wp-block-separator alignfull has-alpha-channel-opacity is-style-wide\" style=\"margin-top:var(--wp--preset--spacing--60);margin-bottom:var(--wp--preset--spacing--60)\"\/>\n\n\n<div style=\"background-color: #f8f8f8; border-width: 2px; border-color: #ECECEC; \" class=\"ub_call_to_action wp-block-ub-call-to-action-block\" id=\"ub_call_to_action_6658d8a9-9847-4d8b-8756-f339d90597aa\">\n\t\t\t<div class=\"ub_call_to_action_headline\">\n\t\t\t\t<h2 class=\"ub_call_to_action_headline_text\" style=\"font-size: 30px; text-align: center; \">Visita el Centro de Retina de San Diego <br>para saber m\u00e1s sobre la Retinopexia Neum\u00e1tica<\/h2>\n\t\t\t<\/div>\n\t\t\t<div class=\"ub_call_to_action_content\">\n\t\t\t\t<p class=\"ub_cta_content_text\" style=\"font-size: 15px; text-align: center; \"><\/p>\n\t\t\t<\/div>\n\t\t\t<div class=\"ub_call_to_action_button\">\n\t\t\t\t<a href=\"http:\/\/retinacentersd.com\/es\/request-appointment\/\" target=\"_self\" rel=\"noopener noreferrer\" class=\"ub_cta_button\" style=\"background-color: var(--global-palette1); width: 250px; \">\n\t\t\t\t\t<p class=\"ub_cta_button_text\" style=\"color: var(--global-palette9); font-size: 14px; \">Solicitar cita<\/p>\n\t\t\t\t<\/a>\n\t\t\t<\/div>\n\t\t<\/div>","protected":false},"excerpt":{"rendered":"<p>Pneumatic Retinopexy What is Pneumatic Retinopexy Pneumatic retinopexy is a surgical procedure used to repair certain types of retinal detachments. This procedure is less invasive compared to traditional vitrectomy or scleral buckle surgery. Process for Pneumatic Retinopexy Here&#8217;s how pneumatic retinopexy typically works: Pneumatic retinopexy is most effective for certain types of retinal detachments, it&#8230;<\/p>","protected":false},"author":1,"featured_media":0,"parent":48,"menu_order":0,"comment_status":"closed","ping_status":"closed","template":"","meta":{"_coblocks_attr":"","_coblocks_dimensions":"","_coblocks_responsive_height":"","_coblocks_accordion_ie_support":"","_kad_post_transparent":"","_kad_post_title":"","_kad_post_layout":"","_kad_post_sidebar_id":"","_kad_post_content_style":"","_kad_post_vertical_padding":"","_kad_post_feature":"","_kad_post_feature_position":"","_kad_post_header":false,"_kad_post_footer":false,"_kad_post_classname":"","footnotes":""},"class_list":["post-188","page","type-page","status-publish","hentry"],"featured_image_src":null,"yoast_head":"<!-- This site is optimized with the Yoast SEO plugin v27.4 - https:\/\/yoast.com\/product\/yoast-seo-wordpress\/ -->\n<title>Pneumatic Retinopexy - Retina Center of San Diego<\/title>\n<meta name=\"description\" content=\"Get Pneumatic Retinopexy to repair retinal detachments. at Retina Center of San Diego. Contact us to schedule your appointment or Call us at (858) 863-7597\" \/>\n<meta name=\"robots\" content=\"index, follow, max-snippet:-1, max-image-preview:large, max-video-preview:-1\" \/>\n<link rel=\"canonical\" href=\"https:\/\/retinacentersd.com\/es\/treatments\/pneumatic-retinopexy\/\" \/>\n<meta property=\"og:locale\" content=\"es_MX\" \/>\n<meta property=\"og:type\" content=\"article\" \/>\n<meta property=\"og:title\" content=\"Pneumatic Retinopexy - Retina Center of San Diego\" \/>\n<meta property=\"og:description\" content=\"Get Pneumatic Retinopexy to repair retinal detachments. at Retina Center of San Diego. Contact us to schedule your appointment or Call us at (858) 863-7597\" \/>\n<meta property=\"og:url\" content=\"https:\/\/retinacentersd.com\/es\/treatments\/pneumatic-retinopexy\/\" \/>\n<meta property=\"og:site_name\" content=\"Retina Center of San Diego\" \/>\n<meta property=\"article:modified_time\" content=\"2024-10-17T13:26:21+00:00\" \/>\n<meta property=\"og:image\" content=\"http:\/\/retinacentersd.com\/wp-content\/uploads\/2024\/08\/18-1.png\" \/>\n<meta name=\"twitter:card\" content=\"summary_large_image\" \/>\n<meta name=\"twitter:label1\" content=\"Tiempo de lectura\" \/>\n\t<meta name=\"twitter:data1\" content=\"3 minutos\" \/>\n<script type=\"application\/ld+json\" class=\"yoast-schema-graph\">{\"@context\":\"https:\\\/\\\/schema.org\",\"@graph\":[{\"@type\":\"WebPage\",\"@id\":\"https:\\\/\\\/retinacentersd.com\\\/en\\\/treatments\\\/pneumatic-retinopexy\\\/\",\"url\":\"https:\\\/\\\/retinacentersd.com\\\/en\\\/treatments\\\/pneumatic-retinopexy\\\/\",\"name\":\"Pneumatic Retinopexy - Retina Center of San Diego\",\"isPartOf\":{\"@id\":\"https:\\\/\\\/retinacentersd.com\\\/en\\\/#website\"},\"primaryImageOfPage\":{\"@id\":\"https:\\\/\\\/retinacentersd.com\\\/en\\\/treatments\\\/pneumatic-retinopexy\\\/#primaryimage\"},\"image\":{\"@id\":\"https:\\\/\\\/retinacentersd.com\\\/en\\\/treatments\\\/pneumatic-retinopexy\\\/#primaryimage\"},\"thumbnailUrl\":\"http:\\\/\\\/retinacentersd.com\\\/wp-content\\\/uploads\\\/2024\\\/08\\\/18-1.png\",\"datePublished\":\"2024-08-13T18:40:42+00:00\",\"dateModified\":\"2024-10-17T13:26:21+00:00\",\"description\":\"Get Pneumatic Retinopexy to repair retinal detachments. at Retina Center of San Diego. Contact us to schedule your appointment or Call us at (858) 863-7597\",\"breadcrumb\":{\"@id\":\"https:\\\/\\\/retinacentersd.com\\\/en\\\/treatments\\\/pneumatic-retinopexy\\\/#breadcrumb\"},\"inLanguage\":\"es\",\"potentialAction\":[{\"@type\":\"ReadAction\",\"target\":[\"https:\\\/\\\/retinacentersd.com\\\/en\\\/treatments\\\/pneumatic-retinopexy\\\/\"]}]},{\"@type\":\"ImageObject\",\"inLanguage\":\"es\",\"@id\":\"https:\\\/\\\/retinacentersd.com\\\/en\\\/treatments\\\/pneumatic-retinopexy\\\/#primaryimage\",\"url\":\"http:\\\/\\\/retinacentersd.com\\\/wp-content\\\/uploads\\\/2024\\\/08\\\/18-1.png\",\"contentUrl\":\"http:\\\/\\\/retinacentersd.com\\\/wp-content\\\/uploads\\\/2024\\\/08\\\/18-1.png\"},{\"@type\":\"BreadcrumbList\",\"@id\":\"https:\\\/\\\/retinacentersd.com\\\/en\\\/treatments\\\/pneumatic-retinopexy\\\/#breadcrumb\",\"itemListElement\":[{\"@type\":\"ListItem\",\"position\":1,\"name\":\"Home\",\"item\":\"https:\\\/\\\/retinacentersd.com\\\/en\\\/\"},{\"@type\":\"ListItem\",\"position\":2,\"name\":\"Treatments\",\"item\":\"https:\\\/\\\/retinacentersd.com\\\/en\\\/treatments\\\/\"},{\"@type\":\"ListItem\",\"position\":3,\"name\":\"Pneumatic Retinopexy\"}]},{\"@type\":\"WebSite\",\"@id\":\"https:\\\/\\\/retinacentersd.com\\\/en\\\/#website\",\"url\":\"https:\\\/\\\/retinacentersd.com\\\/en\\\/\",\"name\":\"Retina Center of San Diego\",\"description\":\"Providing great retina care and treatment to San Diego\",\"publisher\":{\"@id\":\"https:\\\/\\\/retinacentersd.com\\\/en\\\/#organization\"},\"alternateName\":\"Retina Center of San Diego\",\"potentialAction\":[{\"@type\":\"SearchAction\",\"target\":{\"@type\":\"EntryPoint\",\"urlTemplate\":\"https:\\\/\\\/retinacentersd.com\\\/en\\\/?s={search_term_string}\"},\"query-input\":{\"@type\":\"PropertyValueSpecification\",\"valueRequired\":true,\"valueName\":\"search_term_string\"}}],\"inLanguage\":\"es\"},{\"@type\":\"Organization\",\"@id\":\"https:\\\/\\\/retinacentersd.com\\\/en\\\/#organization\",\"name\":\"Retina Center of San Diego\",\"alternateName\":\"Retina Center of San Diego\",\"url\":\"https:\\\/\\\/retinacentersd.com\\\/en\\\/\",\"logo\":{\"@type\":\"ImageObject\",\"inLanguage\":\"es\",\"@id\":\"https:\\\/\\\/retinacentersd.com\\\/en\\\/#\\\/schema\\\/logo\\\/image\\\/\",\"url\":\"https:\\\/\\\/retinacentersd.com\\\/wp-content\\\/uploads\\\/2024\\\/07\\\/RetinaCenterofSD-logo.png\",\"contentUrl\":\"https:\\\/\\\/retinacentersd.com\\\/wp-content\\\/uploads\\\/2024\\\/07\\\/RetinaCenterofSD-logo.png\",\"width\":671,\"height\":372,\"caption\":\"Retina Center of San Diego\"},\"image\":{\"@id\":\"https:\\\/\\\/retinacentersd.com\\\/en\\\/#\\\/schema\\\/logo\\\/image\\\/\"}}]}<\/script>\n<!-- \/ Yoast SEO plugin. -->","yoast_head_json":{"title":"Pneumatic Retinopexy - Retina Center of San Diego","description":"Get Pneumatic Retinopexy to repair retinal detachments. at Retina Center of San Diego. Contact us to schedule your appointment or Call us at (858) 863-7597","robots":{"index":"index","follow":"follow","max-snippet":"max-snippet:-1","max-image-preview":"max-image-preview:large","max-video-preview":"max-video-preview:-1"},"canonical":"https:\/\/retinacentersd.com\/es\/treatments\/pneumatic-retinopexy\/","og_locale":"es_MX","og_type":"article","og_title":"Pneumatic Retinopexy - Retina Center of San Diego","og_description":"Get Pneumatic Retinopexy to repair retinal detachments. at Retina Center of San Diego. Contact us to schedule your appointment or Call us at (858) 863-7597","og_url":"https:\/\/retinacentersd.com\/es\/treatments\/pneumatic-retinopexy\/","og_site_name":"Retina Center of San Diego","article_modified_time":"2024-10-17T13:26:21+00:00","og_image":[{"url":"http:\/\/retinacentersd.com\/wp-content\/uploads\/2024\/08\/18-1.png","type":"","width":"","height":""}],"twitter_card":"summary_large_image","twitter_misc":{"Tiempo de lectura":"3 minutos"},"schema":{"@context":"https:\/\/schema.org","@graph":[{"@type":"WebPage","@id":"https:\/\/retinacentersd.com\/en\/treatments\/pneumatic-retinopexy\/","url":"https:\/\/retinacentersd.com\/en\/treatments\/pneumatic-retinopexy\/","name":"Pneumatic Retinopexy - Retina Center of San Diego","isPartOf":{"@id":"https:\/\/retinacentersd.com\/en\/#website"},"primaryImageOfPage":{"@id":"https:\/\/retinacentersd.com\/en\/treatments\/pneumatic-retinopexy\/#primaryimage"},"image":{"@id":"https:\/\/retinacentersd.com\/en\/treatments\/pneumatic-retinopexy\/#primaryimage"},"thumbnailUrl":"http:\/\/retinacentersd.com\/wp-content\/uploads\/2024\/08\/18-1.png","datePublished":"2024-08-13T18:40:42+00:00","dateModified":"2024-10-17T13:26:21+00:00","description":"Get Pneumatic Retinopexy to repair retinal detachments. at Retina Center of San Diego. Contact us to schedule your appointment or Call us at (858) 863-7597","breadcrumb":{"@id":"https:\/\/retinacentersd.com\/en\/treatments\/pneumatic-retinopexy\/#breadcrumb"},"inLanguage":"es","potentialAction":[{"@type":"ReadAction","target":["https:\/\/retinacentersd.com\/en\/treatments\/pneumatic-retinopexy\/"]}]},{"@type":"ImageObject","inLanguage":"es","@id":"https:\/\/retinacentersd.com\/en\/treatments\/pneumatic-retinopexy\/#primaryimage","url":"http:\/\/retinacentersd.com\/wp-content\/uploads\/2024\/08\/18-1.png","contentUrl":"http:\/\/retinacentersd.com\/wp-content\/uploads\/2024\/08\/18-1.png"},{"@type":"BreadcrumbList","@id":"https:\/\/retinacentersd.com\/en\/treatments\/pneumatic-retinopexy\/#breadcrumb","itemListElement":[{"@type":"ListItem","position":1,"name":"Home","item":"https:\/\/retinacentersd.com\/en\/"},{"@type":"ListItem","position":2,"name":"Treatments","item":"https:\/\/retinacentersd.com\/en\/treatments\/"},{"@type":"ListItem","position":3,"name":"Pneumatic Retinopexy"}]},{"@type":"WebSite","@id":"https:\/\/retinacentersd.com\/en\/#website","url":"https:\/\/retinacentersd.com\/en\/","name":"Retina Center of San Diego","description":"Providing great retina care and treatment to San Diego","publisher":{"@id":"https:\/\/retinacentersd.com\/en\/#organization"},"alternateName":"Retina Center of San Diego","potentialAction":[{"@type":"SearchAction","target":{"@type":"EntryPoint","urlTemplate":"https:\/\/retinacentersd.com\/en\/?s={search_term_string}"},"query-input":{"@type":"PropertyValueSpecification","valueRequired":true,"valueName":"search_term_string"}}],"inLanguage":"es"},{"@type":"Organization","@id":"https:\/\/retinacentersd.com\/en\/#organization","name":"Retina Center of San Diego","alternateName":"Retina Center of San Diego","url":"https:\/\/retinacentersd.com\/en\/","logo":{"@type":"ImageObject","inLanguage":"es","@id":"https:\/\/retinacentersd.com\/en\/#\/schema\/logo\/image\/","url":"https:\/\/retinacentersd.com\/wp-content\/uploads\/2024\/07\/RetinaCenterofSD-logo.png","contentUrl":"https:\/\/retinacentersd.com\/wp-content\/uploads\/2024\/07\/RetinaCenterofSD-logo.png","width":671,"height":372,"caption":"Retina Center of San Diego"},"image":{"@id":"https:\/\/retinacentersd.com\/en\/#\/schema\/logo\/image\/"}}]}},"_links":{"self":[{"href":"https:\/\/retinacentersd.com\/es\/wp-json\/wp\/v2\/pages\/188","targetHints":{"allow":["GET"]}}],"collection":[{"href":"https:\/\/retinacentersd.com\/es\/wp-json\/wp\/v2\/pages"}],"about":[{"href":"https:\/\/retinacentersd.com\/es\/wp-json\/wp\/v2\/types\/page"}],"author":[{"embeddable":true,"href":"https:\/\/retinacentersd.com\/es\/wp-json\/wp\/v2\/users\/1"}],"replies":[{"embeddable":true,"href":"https:\/\/retinacentersd.com\/es\/wp-json\/wp\/v2\/comments?post=188"}],"version-history":[{"count":10,"href":"https:\/\/retinacentersd.com\/es\/wp-json\/wp\/v2\/pages\/188\/revisions"}],"predecessor-version":[{"id":1343,"href":"https:\/\/retinacentersd.com\/es\/wp-json\/wp\/v2\/pages\/188\/revisions\/1343"}],"up":[{"embeddable":true,"href":"https:\/\/retinacentersd.com\/es\/wp-json\/wp\/v2\/pages\/48"}],"wp:attachment":[{"href":"https:\/\/retinacentersd.com\/es\/wp-json\/wp\/v2\/media?parent=188"}],"curies":[{"name":"wp","href":"https:\/\/api.w.org\/{rel}","templated":true}]}}