{"id":171,"date":"2024-08-13T11:14:05","date_gmt":"2024-08-13T18:14:05","guid":{"rendered":"https:\/\/retinacentersd.com\/?page_id=171"},"modified":"2024-10-17T06:14:39","modified_gmt":"2024-10-17T13:14:39","slug":"fundus-autofluorescence","status":"publish","type":"page","link":"https:\/\/retinacentersd.com\/es\/imaging\/fundus-autofluorescence\/","title":{"rendered":"Autofluorescencia del fondo del ojo"},"content":{"rendered":"<div class=\"wp-block-columns is-layout-flex wp-container-core-columns-is-layout-9d6595d7 wp-block-columns-is-layout-flex\">\n<div class=\"wp-block-column inner_page__hero-section is-layout-flow wp-block-column-is-layout-flow\">\n<h1 class=\"wp-block-heading inner_page__hero has-theme-palette-9-color has-text-color has-link-color wp-elements-cb4fe5d6828fc51fad7d00e05f3be923\">Autofluorescencia del fondo del ojo<\/h1>\n<\/div>\n<\/div>\n\n\n\n<div class=\"wp-block-group\"><div class=\"wp-block-group__inner-container is-layout-constrained wp-block-group-is-layout-constrained\">\n<div class=\"wp-block-columns is-layout-flex wp-container-core-columns-is-layout-9d6595d7 wp-block-columns-is-layout-flex\">\n<div class=\"wp-block-column is-layout-flow wp-block-column-is-layout-flow\" style=\"flex-basis:50%\">\n<h2 class=\"wp-block-heading\">\u00bfQu\u00e9 es la autofluorescencia del fondo de ojo?<\/h2>\n\n\n\n<p>La obtenci\u00f3n de im\u00e1genes por autofluorescencia del fondo de ojo (FAF) es una t\u00e9cnica de obtenci\u00f3n de im\u00e1genes no invasiva que se utiliza para visualizar la distribuci\u00f3n e intensidad de la fluorescencia natural emitida por las c\u00e9lulas del epitelio pigmentario de la retina (EPR) en la parte posterior del ojo. Proporciona informaci\u00f3n valiosa sobre la salud y la funci\u00f3n de la capa del EPR, que desempe\u00f1a un papel crucial en el mantenimiento de la integridad estructural y la funci\u00f3n de la retina.<\/p>\n\n\n\n<h2 class=\"wp-block-heading\">Fundamentos de la autofluorescencia del fondo de ojo<\/h2>\n\n\n\n<p>As\u00ed es como funciona la autofluorescencia del fondo de ojo y su importancia en la pr\u00e1ctica cl\u00ednica:<\/p>\n\n\n\n<ol class=\"wp-block-list\">\n<li>Principio de autofluorescencia: Las c\u00e9lulas del epitelio pigmentario de la piel contienen lipofuscina, un pigmento natural que se acumula con la edad y es un subproducto del ciclo visual. Cuando se excita con luz azul o cercana al ultravioleta, la lipofuscina emite fluorescencia en el rango de longitud de onda verde. La obtenci\u00f3n de im\u00e1genes por autofluorescencia del fondo de ojo captura esta fluorescencia emitida para crear im\u00e1genes detalladas de la distribuci\u00f3n e intensidad de la lipofuscina dentro de la capa del epitelio pigmentario de la piel.<\/li>\n\n\n\n<li>Captura de im\u00e1genes: la obtenci\u00f3n de im\u00e1genes por autofluorescencia del fondo de ojo se realiza normalmente con una c\u00e1mara especializada equipada con filtros para detectar la fluorescencia emitida por el epitelio pigmentario de la retina. Se dilatan las pupilas del paciente y la c\u00e1mara captura im\u00e1genes de la parte posterior del ojo en una habitaci\u00f3n a oscuras.  <\/li>\n\n\n\n<li>An\u00e1lisis: Las im\u00e1genes capturadas son analizadas por especialistas en retina. Las \u00e1reas de mayor autofluorescencia suelen indicar regiones de mayor acumulaci\u00f3n de lipofuscina dentro de la capa del epitelio pigmentario de la retina, mientras que las \u00e1reas de menor autofluorescencia pueden indicar p\u00e9rdida o disfunci\u00f3n de las c\u00e9lulas del epitelio pigmentario de la retina. Los cambios en los patrones de autofluorescencia pueden proporcionar informaci\u00f3n diagn\u00f3stica valiosa sobre diversas enfermedades y afecciones de la retina.<\/li>\n\n\n\n<li>Aplicaciones cl\u00ednicas: La obtenci\u00f3n de im\u00e1genes con autofluorescencia del fondo de ojo se utiliza para el diagn\u00f3stico, el seguimiento y el tratamiento de diversos trastornos de la retina. Puede ayudar a identificar y evaluar el grado de atrofia geogr\u00e1fica en afecciones como la degeneraci\u00f3n macular relacionada con la edad (DMRE), en la que hay p\u00e9rdida de c\u00e9lulas del epitelio pigmentario de la retina (EPR) y fotorreceptores. En enfermedades como la coriorretinopat\u00eda serosa central (CSCR), la autofluorescencia del fondo de ojo puede revelar \u00e1reas de disfunci\u00f3n del EPR y fuga focal. Los patrones de autofluorescencia tambi\u00e9n pueden ayudar en el diagn\u00f3stico y el seguimiento de distrofias retinianas hereditarias, como la retinitis pigmentosa y la enfermedad de Stargardt.<\/li>\n\n\n\n<li>Planificaci\u00f3n del tratamiento: las im\u00e1genes de autofluorescencia del fondo de ojo pueden brindar informaci\u00f3n valiosa para la planificaci\u00f3n del tratamiento en enfermedades de la retina. Al identificar \u00e1reas de disfunci\u00f3n o atrofia del epitelio pigmentario de la retina, los m\u00e9dicos pueden orientar mejor las intervenciones terap\u00e9uticas, como las inyecciones de factor de crecimiento endotelial antivascular (anti-VEGF), la terapia fotodin\u00e1mica o la terapia g\u00e9nica. Tambi\u00e9n puede ayudar a monitorear la respuesta al tratamiento y la progresi\u00f3n de la enfermedad a lo largo del tiempo.<\/li>\n<\/ol>\n<\/div>\n\n\n\n<div class=\"wp-block-column is-layout-flow wp-block-column-is-layout-flow\" style=\"flex-basis:50%\">\n<figure class=\"wp-block-image size-full is-resized\"><img loading=\"lazy\" decoding=\"async\" width=\"800\" height=\"800\" src=\"http:\/\/retinacentersd.com\/wp-content\/uploads\/2024\/08\/9-1.png\" alt=\"Fundus Autofluorescence\" class=\"wp-image-389\" style=\"width:572px;height:auto\" srcset=\"https:\/\/retinacentersd.com\/wp-content\/uploads\/2024\/08\/9-1.png 800w, https:\/\/retinacentersd.com\/wp-content\/uploads\/2024\/08\/9-1-300x300.png 300w, https:\/\/retinacentersd.com\/wp-content\/uploads\/2024\/08\/9-1-150x150.png 150w, https:\/\/retinacentersd.com\/wp-content\/uploads\/2024\/08\/9-1-768x768.png 768w, https:\/\/retinacentersd.com\/wp-content\/uploads\/2024\/08\/9-1-12x12.png 12w, https:\/\/retinacentersd.com\/wp-content\/uploads\/2024\/08\/9-1-600x600.png 600w, https:\/\/retinacentersd.com\/wp-content\/uploads\/2024\/08\/9-1-100x100.png 100w\" sizes=\"auto, (max-width: 800px) 100vw, 800px\" \/><\/figure>\n\n\n\n<figure class=\"wp-block-image size-full\"><img loading=\"lazy\" decoding=\"async\" width=\"766\" height=\"591\" src=\"http:\/\/retinacentersd.com\/wp-content\/uploads\/2024\/08\/11-1.png\" alt=\"Fundus Autofluorescence\" class=\"wp-image-390\" srcset=\"https:\/\/retinacentersd.com\/wp-content\/uploads\/2024\/08\/11-1.png 766w, https:\/\/retinacentersd.com\/wp-content\/uploads\/2024\/08\/11-1-300x231.png 300w, https:\/\/retinacentersd.com\/wp-content\/uploads\/2024\/08\/11-1-16x12.png 16w, https:\/\/retinacentersd.com\/wp-content\/uploads\/2024\/08\/11-1-600x463.png 600w\" sizes=\"auto, (max-width: 766px) 100vw, 766px\" \/><\/figure>\n\n\n\n<figure class=\"wp-block-image size-full\"><img loading=\"lazy\" decoding=\"async\" width=\"1928\" height=\"1652\" src=\"http:\/\/retinacentersd.com\/wp-content\/uploads\/2024\/08\/50.png\" alt=\"Fundus Autofluorescence\" class=\"wp-image-903\" srcset=\"https:\/\/retinacentersd.com\/wp-content\/uploads\/2024\/08\/50.png 1928w, https:\/\/retinacentersd.com\/wp-content\/uploads\/2024\/08\/50-300x257.png 300w, https:\/\/retinacentersd.com\/wp-content\/uploads\/2024\/08\/50-1024x877.png 1024w, https:\/\/retinacentersd.com\/wp-content\/uploads\/2024\/08\/50-768x658.png 768w, https:\/\/retinacentersd.com\/wp-content\/uploads\/2024\/08\/50-1536x1316.png 1536w, https:\/\/retinacentersd.com\/wp-content\/uploads\/2024\/08\/50-14x12.png 14w, https:\/\/retinacentersd.com\/wp-content\/uploads\/2024\/08\/50-600x514.png 600w\" sizes=\"auto, (max-width: 1928px) 100vw, 1928px\" \/><figcaption class=\"wp-element-caption\">Degeneraci\u00f3n macular<\/figcaption><\/figure>\n\n\n\n<figure class=\"wp-block-image size-full\"><img loading=\"lazy\" decoding=\"async\" width=\"2048\" height=\"1994\" src=\"http:\/\/retinacentersd.com\/wp-content\/uploads\/2024\/08\/51.png\" alt=\"Fundus Autofluorescence\" class=\"wp-image-904\" srcset=\"https:\/\/retinacentersd.com\/wp-content\/uploads\/2024\/08\/51.png 2048w, https:\/\/retinacentersd.com\/wp-content\/uploads\/2024\/08\/51-300x292.png 300w, https:\/\/retinacentersd.com\/wp-content\/uploads\/2024\/08\/51-1024x997.png 1024w, https:\/\/retinacentersd.com\/wp-content\/uploads\/2024\/08\/51-768x748.png 768w, https:\/\/retinacentersd.com\/wp-content\/uploads\/2024\/08\/51-1536x1496.png 1536w, https:\/\/retinacentersd.com\/wp-content\/uploads\/2024\/08\/51-12x12.png 12w, https:\/\/retinacentersd.com\/wp-content\/uploads\/2024\/08\/51-600x584.png 600w\" sizes=\"auto, (max-width: 2048px) 100vw, 2048px\" \/><figcaption class=\"wp-element-caption\">Degeneraci\u00f3n macular<\/figcaption><\/figure>\n\n\n\n<figure class=\"wp-block-image size-full\"><img loading=\"lazy\" decoding=\"async\" width=\"3680\" height=\"3288\" src=\"http:\/\/retinacentersd.com\/wp-content\/uploads\/2024\/08\/52-1.png\" alt=\"Fundus Autofluorescence\" class=\"wp-image-905\" srcset=\"https:\/\/retinacentersd.com\/wp-content\/uploads\/2024\/08\/52-1.png 3680w, https:\/\/retinacentersd.com\/wp-content\/uploads\/2024\/08\/52-1-300x268.png 300w, https:\/\/retinacentersd.com\/wp-content\/uploads\/2024\/08\/52-1-1024x915.png 1024w, https:\/\/retinacentersd.com\/wp-content\/uploads\/2024\/08\/52-1-768x686.png 768w, https:\/\/retinacentersd.com\/wp-content\/uploads\/2024\/08\/52-1-1536x1372.png 1536w, https:\/\/retinacentersd.com\/wp-content\/uploads\/2024\/08\/52-1-2048x1830.png 2048w, https:\/\/retinacentersd.com\/wp-content\/uploads\/2024\/08\/52-1-13x12.png 13w, https:\/\/retinacentersd.com\/wp-content\/uploads\/2024\/08\/52-1-600x536.png 600w\" sizes=\"auto, (max-width: 3680px) 100vw, 3680px\" \/><figcaption class=\"wp-element-caption\">Drusas del nervio \u00f3ptico<\/figcaption><\/figure>\n\n\n\n<figure class=\"wp-block-image size-full\"><img loading=\"lazy\" decoding=\"async\" width=\"2560\" height=\"2501\" src=\"http:\/\/retinacentersd.com\/wp-content\/uploads\/2024\/08\/53.png\" alt=\"Fundus Autofluorescence\" class=\"wp-image-902\" srcset=\"https:\/\/retinacentersd.com\/wp-content\/uploads\/2024\/08\/53.png 2560w, https:\/\/retinacentersd.com\/wp-content\/uploads\/2024\/08\/53-300x293.png 300w, https:\/\/retinacentersd.com\/wp-content\/uploads\/2024\/08\/53-1024x1000.png 1024w, https:\/\/retinacentersd.com\/wp-content\/uploads\/2024\/08\/53-768x750.png 768w, https:\/\/retinacentersd.com\/wp-content\/uploads\/2024\/08\/53-1536x1501.png 1536w, https:\/\/retinacentersd.com\/wp-content\/uploads\/2024\/08\/53-2048x2001.png 2048w, https:\/\/retinacentersd.com\/wp-content\/uploads\/2024\/08\/53-12x12.png 12w, https:\/\/retinacentersd.com\/wp-content\/uploads\/2024\/08\/53-600x586.png 600w\" sizes=\"auto, (max-width: 2560px) 100vw, 2560px\" \/><figcaption class=\"wp-element-caption\">Retinitis pigmentosa<\/figcaption><\/figure>\n<\/div>\n<\/div>\n<\/div><\/div>\n\n\n\n<hr class=\"wp-block-separator alignfull has-alpha-channel-opacity is-style-wide\" style=\"margin-top:var(--wp--preset--spacing--60);margin-bottom:var(--wp--preset--spacing--60)\"\/>\n\n\n\n<div class=\"wp-block-group\"><div class=\"wp-block-group__inner-container is-layout-constrained wp-block-group-is-layout-constrained\">\n<div class=\"wp-block-group\"><div class=\"wp-block-group__inner-container is-layout-constrained wp-block-group-is-layout-constrained\">\n<h2 class=\"wp-block-heading\">V\u00eddeos sobre autofluorescencia del fondo de ojo<\/h2>\n\n\n\n<div class=\"wp-block-columns is-layout-flex wp-container-core-columns-is-layout-9d6595d7 wp-block-columns-is-layout-flex\">\n<div class=\"wp-block-column is-layout-flow wp-block-column-is-layout-flow\">\n<h3 class=\"wp-block-heading\">Ingl\u00e9s<\/h3>\n\n\n\n<figure class=\"wp-block-embed is-type-video is-provider-youtube wp-block-embed-youtube wp-embed-aspect-16-9 wp-has-aspect-ratio\"><div class=\"wp-block-embed__wrapper\">\n<iframe loading=\"lazy\"  id=\"_ytid_55739\"  width=\"1290\" height=\"725\"  data-origwidth=\"1290\" data-origheight=\"725\" src=\"https:\/\/www.youtube.com\/embed\/OgKILgqYZWk?enablejsapi=1&#038;autoplay=0&#038;cc_load_policy=0&#038;cc_lang_pref=&#038;iv_load_policy=1&#038;loop=0&#038;rel=1&#038;fs=1&#038;playsinline=0&#038;autohide=2&#038;theme=dark&#038;color=red&#038;controls=1&#038;disablekb=0&#038;\" class=\"__youtube_prefs__  epyt-is-override  no-lazyload\" title=\"YouTube player\"  allow=\"fullscreen; accelerometer; autoplay; clipboard-write; encrypted-media; gyroscope; picture-in-picture; web-share\" referrerpolicy=\"strict-origin-when-cross-origin\" allowfullscreen data-no-lazy=\"1\" data-skipgform_ajax_framebjll=\"\"><\/iframe>\n<\/div><\/figure>\n<\/div>\n\n\n\n<div class=\"wp-block-column is-layout-flow wp-block-column-is-layout-flow\">\n<h3 class=\"wp-block-heading\">Espa\u00f1ol<\/h3>\n\n\n\n<figure class=\"wp-block-embed is-type-video is-provider-youtube wp-block-embed-youtube wp-embed-aspect-16-9 wp-has-aspect-ratio\"><div class=\"wp-block-embed__wrapper\">\n<iframe loading=\"lazy\"  id=\"_ytid_16922\"  width=\"1290\" height=\"725\"  data-origwidth=\"1290\" data-origheight=\"725\" src=\"https:\/\/www.youtube.com\/embed\/t-X-RphGbaQ?enablejsapi=1&#038;autoplay=0&#038;cc_load_policy=0&#038;cc_lang_pref=&#038;iv_load_policy=1&#038;loop=0&#038;rel=1&#038;fs=1&#038;playsinline=0&#038;autohide=2&#038;theme=dark&#038;color=red&#038;controls=1&#038;disablekb=0&#038;\" class=\"__youtube_prefs__  epyt-is-override  no-lazyload\" title=\"YouTube player\"  allow=\"fullscreen; accelerometer; autoplay; clipboard-write; encrypted-media; gyroscope; picture-in-picture; web-share\" referrerpolicy=\"strict-origin-when-cross-origin\" allowfullscreen data-no-lazy=\"1\" data-skipgform_ajax_framebjll=\"\"><\/iframe>\n<\/div><\/figure>\n<\/div>\n<\/div>\n<\/div><\/div>\n<\/div><\/div>\n\n\n\n<hr class=\"wp-block-separator alignfull has-alpha-channel-opacity is-style-wide\" style=\"margin-top:var(--wp--preset--spacing--60);margin-bottom:var(--wp--preset--spacing--60)\"\/>\n\n\n<div style=\"background-color: #f8f8f8; border-width: 2px; border-color: #ECECEC; \" class=\"ub_call_to_action wp-block-ub-call-to-action-block\" id=\"ub_call_to_action_d1620bc1-0147-40d7-ac2c-d1f922bd3914\">\n\t\t\t<div class=\"ub_call_to_action_headline\">\n\t\t\t\t<h2 class=\"ub_call_to_action_headline_text\" style=\"font-size: 30px; text-align: center; \">Visita el Centro de Retina de San Diego <br>para obtener m\u00e1s informaci\u00f3n sobre la autofluorescencia del fondo de ojo<\/h2>\n\t\t\t<\/div>\n\t\t\t<div class=\"ub_call_to_action_content\">\n\t\t\t\t<p class=\"ub_cta_content_text\" style=\"font-size: 15px; text-align: center; \"><\/p>\n\t\t\t<\/div>\n\t\t\t<div class=\"ub_call_to_action_button\">\n\t\t\t\t<a href=\"http:\/\/retinacentersd.com\/es\/request-appointment\/\" target=\"_self\" rel=\"noopener noreferrer\" class=\"ub_cta_button\" style=\"background-color: var(--global-palette1); width: 250px; \">\n\t\t\t\t\t<p class=\"ub_cta_button_text\" style=\"color: var(--global-palette9); font-size: 14px; \">Solicitar una cita<\/p>\n\t\t\t\t<\/a>\n\t\t\t<\/div>\n\t\t<\/div>","protected":false},"excerpt":{"rendered":"<p>Fundus Autofluorescence What is Fundus Autofluorescence? Fundus autofluorescence (FAF) imaging is a non-invasive imaging technique used to visualize the distribution and intensity of natural fluorescence emitted by retinal pigment epithelial (RPE) cells in the back of the eye. It provides valuable information about the health and function of the RPE layer, which plays a crucial&#8230;<\/p>","protected":false},"author":1,"featured_media":0,"parent":46,"menu_order":0,"comment_status":"closed","ping_status":"closed","template":"","meta":{"_coblocks_attr":"","_coblocks_dimensions":"","_coblocks_responsive_height":"","_coblocks_accordion_ie_support":"","_kad_post_transparent":"","_kad_post_title":"","_kad_post_layout":"","_kad_post_sidebar_id":"","_kad_post_content_style":"","_kad_post_vertical_padding":"","_kad_post_feature":"","_kad_post_feature_position":"","_kad_post_header":false,"_kad_post_footer":false,"_kad_post_classname":"","footnotes":""},"class_list":["post-171","page","type-page","status-publish","hentry"],"featured_image_src":null,"yoast_head":"<!-- This site is optimized with the Yoast SEO plugin v27.4 - https:\/\/yoast.com\/product\/yoast-seo-wordpress\/ -->\n<title>Fundus Autofluorescence - Retina Center of San Diego<\/title>\n<meta name=\"description\" content=\"Visit Retina Center of San Diego to learn more about Fundus Autofluorescence. Early detection is key to preserving vision. Contact us to schedule your appointment.\" \/>\n<meta name=\"robots\" content=\"index, follow, max-snippet:-1, max-image-preview:large, max-video-preview:-1\" \/>\n<link rel=\"canonical\" href=\"https:\/\/retinacentersd.com\/es\/imaging\/fundus-autofluorescence\/\" \/>\n<meta property=\"og:locale\" content=\"es_MX\" \/>\n<meta property=\"og:type\" content=\"article\" \/>\n<meta property=\"og:title\" content=\"Fundus Autofluorescence - Retina Center of San Diego\" \/>\n<meta property=\"og:description\" content=\"Visit Retina Center of San Diego to learn more about Fundus Autofluorescence. Early detection is key to preserving vision. Contact us to schedule your appointment.\" \/>\n<meta property=\"og:url\" content=\"https:\/\/retinacentersd.com\/es\/imaging\/fundus-autofluorescence\/\" \/>\n<meta property=\"og:site_name\" content=\"Retina Center of San Diego\" \/>\n<meta property=\"article:modified_time\" content=\"2024-10-17T13:14:39+00:00\" \/>\n<meta property=\"og:image\" content=\"http:\/\/retinacentersd.com\/wp-content\/uploads\/2024\/08\/9-1.png\" \/>\n<meta name=\"twitter:card\" content=\"summary_large_image\" \/>\n<meta name=\"twitter:label1\" content=\"Tiempo de lectura\" \/>\n\t<meta name=\"twitter:data1\" content=\"3 minutos\" \/>\n<script type=\"application\/ld+json\" class=\"yoast-schema-graph\">{\"@context\":\"https:\\\/\\\/schema.org\",\"@graph\":[{\"@type\":\"WebPage\",\"@id\":\"https:\\\/\\\/retinacentersd.com\\\/en\\\/imaging\\\/fundus-autofluorescence\\\/\",\"url\":\"https:\\\/\\\/retinacentersd.com\\\/en\\\/imaging\\\/fundus-autofluorescence\\\/\",\"name\":\"Fundus Autofluorescence - Retina Center of San Diego\",\"isPartOf\":{\"@id\":\"https:\\\/\\\/retinacentersd.com\\\/en\\\/#website\"},\"primaryImageOfPage\":{\"@id\":\"https:\\\/\\\/retinacentersd.com\\\/en\\\/imaging\\\/fundus-autofluorescence\\\/#primaryimage\"},\"image\":{\"@id\":\"https:\\\/\\\/retinacentersd.com\\\/en\\\/imaging\\\/fundus-autofluorescence\\\/#primaryimage\"},\"thumbnailUrl\":\"http:\\\/\\\/retinacentersd.com\\\/wp-content\\\/uploads\\\/2024\\\/08\\\/9-1.png\",\"datePublished\":\"2024-08-13T18:14:05+00:00\",\"dateModified\":\"2024-10-17T13:14:39+00:00\",\"description\":\"Visit Retina Center of San Diego to learn more about Fundus Autofluorescence. Early detection is key to preserving vision. Contact us to schedule your appointment.\",\"breadcrumb\":{\"@id\":\"https:\\\/\\\/retinacentersd.com\\\/en\\\/imaging\\\/fundus-autofluorescence\\\/#breadcrumb\"},\"inLanguage\":\"es\",\"potentialAction\":[{\"@type\":\"ReadAction\",\"target\":[\"https:\\\/\\\/retinacentersd.com\\\/en\\\/imaging\\\/fundus-autofluorescence\\\/\"]}]},{\"@type\":\"ImageObject\",\"inLanguage\":\"es\",\"@id\":\"https:\\\/\\\/retinacentersd.com\\\/en\\\/imaging\\\/fundus-autofluorescence\\\/#primaryimage\",\"url\":\"http:\\\/\\\/retinacentersd.com\\\/wp-content\\\/uploads\\\/2024\\\/08\\\/9-1.png\",\"contentUrl\":\"http:\\\/\\\/retinacentersd.com\\\/wp-content\\\/uploads\\\/2024\\\/08\\\/9-1.png\"},{\"@type\":\"BreadcrumbList\",\"@id\":\"https:\\\/\\\/retinacentersd.com\\\/en\\\/imaging\\\/fundus-autofluorescence\\\/#breadcrumb\",\"itemListElement\":[{\"@type\":\"ListItem\",\"position\":1,\"name\":\"Home\",\"item\":\"https:\\\/\\\/retinacentersd.com\\\/en\\\/\"},{\"@type\":\"ListItem\",\"position\":2,\"name\":\"Retinal Diagnostic Imaging\",\"item\":\"https:\\\/\\\/retinacentersd.com\\\/en\\\/imaging\\\/\"},{\"@type\":\"ListItem\",\"position\":3,\"name\":\"Fundus Autofluorescence\"}]},{\"@type\":\"WebSite\",\"@id\":\"https:\\\/\\\/retinacentersd.com\\\/en\\\/#website\",\"url\":\"https:\\\/\\\/retinacentersd.com\\\/en\\\/\",\"name\":\"Retina Center of San Diego\",\"description\":\"Providing great retina care and treatment to San Diego\",\"publisher\":{\"@id\":\"https:\\\/\\\/retinacentersd.com\\\/en\\\/#organization\"},\"alternateName\":\"Retina Center of San Diego\",\"potentialAction\":[{\"@type\":\"SearchAction\",\"target\":{\"@type\":\"EntryPoint\",\"urlTemplate\":\"https:\\\/\\\/retinacentersd.com\\\/en\\\/?s={search_term_string}\"},\"query-input\":{\"@type\":\"PropertyValueSpecification\",\"valueRequired\":true,\"valueName\":\"search_term_string\"}}],\"inLanguage\":\"es\"},{\"@type\":\"Organization\",\"@id\":\"https:\\\/\\\/retinacentersd.com\\\/en\\\/#organization\",\"name\":\"Retina Center of San Diego\",\"alternateName\":\"Retina Center of San Diego\",\"url\":\"https:\\\/\\\/retinacentersd.com\\\/en\\\/\",\"logo\":{\"@type\":\"ImageObject\",\"inLanguage\":\"es\",\"@id\":\"https:\\\/\\\/retinacentersd.com\\\/en\\\/#\\\/schema\\\/logo\\\/image\\\/\",\"url\":\"https:\\\/\\\/retinacentersd.com\\\/wp-content\\\/uploads\\\/2024\\\/07\\\/RetinaCenterofSD-logo.png\",\"contentUrl\":\"https:\\\/\\\/retinacentersd.com\\\/wp-content\\\/uploads\\\/2024\\\/07\\\/RetinaCenterofSD-logo.png\",\"width\":671,\"height\":372,\"caption\":\"Retina Center of San Diego\"},\"image\":{\"@id\":\"https:\\\/\\\/retinacentersd.com\\\/en\\\/#\\\/schema\\\/logo\\\/image\\\/\"}}]}<\/script>\n<!-- \/ Yoast SEO plugin. -->","yoast_head_json":{"title":"Fundus Autofluorescence - Retina Center of San Diego","description":"Visit Retina Center of San Diego to learn more about Fundus Autofluorescence. Early detection is key to preserving vision. Contact us to schedule your appointment.","robots":{"index":"index","follow":"follow","max-snippet":"max-snippet:-1","max-image-preview":"max-image-preview:large","max-video-preview":"max-video-preview:-1"},"canonical":"https:\/\/retinacentersd.com\/es\/imaging\/fundus-autofluorescence\/","og_locale":"es_MX","og_type":"article","og_title":"Fundus Autofluorescence - Retina Center of San Diego","og_description":"Visit Retina Center of San Diego to learn more about Fundus Autofluorescence. Early detection is key to preserving vision. Contact us to schedule your appointment.","og_url":"https:\/\/retinacentersd.com\/es\/imaging\/fundus-autofluorescence\/","og_site_name":"Retina Center of San Diego","article_modified_time":"2024-10-17T13:14:39+00:00","og_image":[{"url":"http:\/\/retinacentersd.com\/wp-content\/uploads\/2024\/08\/9-1.png","type":"","width":"","height":""}],"twitter_card":"summary_large_image","twitter_misc":{"Tiempo de lectura":"3 minutos"},"schema":{"@context":"https:\/\/schema.org","@graph":[{"@type":"WebPage","@id":"https:\/\/retinacentersd.com\/en\/imaging\/fundus-autofluorescence\/","url":"https:\/\/retinacentersd.com\/en\/imaging\/fundus-autofluorescence\/","name":"Fundus Autofluorescence - Retina Center of San Diego","isPartOf":{"@id":"https:\/\/retinacentersd.com\/en\/#website"},"primaryImageOfPage":{"@id":"https:\/\/retinacentersd.com\/en\/imaging\/fundus-autofluorescence\/#primaryimage"},"image":{"@id":"https:\/\/retinacentersd.com\/en\/imaging\/fundus-autofluorescence\/#primaryimage"},"thumbnailUrl":"http:\/\/retinacentersd.com\/wp-content\/uploads\/2024\/08\/9-1.png","datePublished":"2024-08-13T18:14:05+00:00","dateModified":"2024-10-17T13:14:39+00:00","description":"Visit Retina Center of San Diego to learn more about Fundus Autofluorescence. Early detection is key to preserving vision. Contact us to schedule your appointment.","breadcrumb":{"@id":"https:\/\/retinacentersd.com\/en\/imaging\/fundus-autofluorescence\/#breadcrumb"},"inLanguage":"es","potentialAction":[{"@type":"ReadAction","target":["https:\/\/retinacentersd.com\/en\/imaging\/fundus-autofluorescence\/"]}]},{"@type":"ImageObject","inLanguage":"es","@id":"https:\/\/retinacentersd.com\/en\/imaging\/fundus-autofluorescence\/#primaryimage","url":"http:\/\/retinacentersd.com\/wp-content\/uploads\/2024\/08\/9-1.png","contentUrl":"http:\/\/retinacentersd.com\/wp-content\/uploads\/2024\/08\/9-1.png"},{"@type":"BreadcrumbList","@id":"https:\/\/retinacentersd.com\/en\/imaging\/fundus-autofluorescence\/#breadcrumb","itemListElement":[{"@type":"ListItem","position":1,"name":"Home","item":"https:\/\/retinacentersd.com\/en\/"},{"@type":"ListItem","position":2,"name":"Retinal Diagnostic Imaging","item":"https:\/\/retinacentersd.com\/en\/imaging\/"},{"@type":"ListItem","position":3,"name":"Fundus Autofluorescence"}]},{"@type":"WebSite","@id":"https:\/\/retinacentersd.com\/en\/#website","url":"https:\/\/retinacentersd.com\/en\/","name":"Retina Center of San Diego","description":"Providing great retina care and treatment to San Diego","publisher":{"@id":"https:\/\/retinacentersd.com\/en\/#organization"},"alternateName":"Retina Center of San Diego","potentialAction":[{"@type":"SearchAction","target":{"@type":"EntryPoint","urlTemplate":"https:\/\/retinacentersd.com\/en\/?s={search_term_string}"},"query-input":{"@type":"PropertyValueSpecification","valueRequired":true,"valueName":"search_term_string"}}],"inLanguage":"es"},{"@type":"Organization","@id":"https:\/\/retinacentersd.com\/en\/#organization","name":"Retina Center of San Diego","alternateName":"Retina Center of San Diego","url":"https:\/\/retinacentersd.com\/en\/","logo":{"@type":"ImageObject","inLanguage":"es","@id":"https:\/\/retinacentersd.com\/en\/#\/schema\/logo\/image\/","url":"https:\/\/retinacentersd.com\/wp-content\/uploads\/2024\/07\/RetinaCenterofSD-logo.png","contentUrl":"https:\/\/retinacentersd.com\/wp-content\/uploads\/2024\/07\/RetinaCenterofSD-logo.png","width":671,"height":372,"caption":"Retina Center of San Diego"},"image":{"@id":"https:\/\/retinacentersd.com\/en\/#\/schema\/logo\/image\/"}}]}},"_links":{"self":[{"href":"https:\/\/retinacentersd.com\/es\/wp-json\/wp\/v2\/pages\/171","targetHints":{"allow":["GET"]}}],"collection":[{"href":"https:\/\/retinacentersd.com\/es\/wp-json\/wp\/v2\/pages"}],"about":[{"href":"https:\/\/retinacentersd.com\/es\/wp-json\/wp\/v2\/types\/page"}],"author":[{"embeddable":true,"href":"https:\/\/retinacentersd.com\/es\/wp-json\/wp\/v2\/users\/1"}],"replies":[{"embeddable":true,"href":"https:\/\/retinacentersd.com\/es\/wp-json\/wp\/v2\/comments?post=171"}],"version-history":[{"count":6,"href":"https:\/\/retinacentersd.com\/es\/wp-json\/wp\/v2\/pages\/171\/revisions"}],"predecessor-version":[{"id":1339,"href":"https:\/\/retinacentersd.com\/es\/wp-json\/wp\/v2\/pages\/171\/revisions\/1339"}],"up":[{"embeddable":true,"href":"https:\/\/retinacentersd.com\/es\/wp-json\/wp\/v2\/pages\/46"}],"wp:attachment":[{"href":"https:\/\/retinacentersd.com\/es\/wp-json\/wp\/v2\/media?parent=171"}],"curies":[{"name":"wp","href":"https:\/\/api.w.org\/{rel}","templated":true}]}}