{"id":167,"date":"2024-08-13T11:12:53","date_gmt":"2024-08-13T18:12:53","guid":{"rendered":"https:\/\/retinacentersd.com\/?page_id=167"},"modified":"2024-10-17T06:18:22","modified_gmt":"2024-10-17T13:18:22","slug":"fundus-photography","status":"publish","type":"page","link":"https:\/\/retinacentersd.com\/es\/imaging\/fundus-photography\/","title":{"rendered":"Fotograf\u00eda del fondo del ojo"},"content":{"rendered":"<div class=\"wp-block-columns is-layout-flex wp-container-core-columns-is-layout-9d6595d7 wp-block-columns-is-layout-flex\">\n<div class=\"wp-block-column inner_page__hero-section is-layout-flow wp-block-column-is-layout-flow\">\n<h1 class=\"wp-block-heading inner_page__hero has-theme-palette-9-color has-text-color has-link-color wp-elements-7fcbcfc49d92f4e2b8c3e8626b490a0f\">Fotograf\u00eda del fondo del ojo<\/h1>\n<\/div>\n<\/div>\n\n\n\n<div class=\"wp-block-group\"><div class=\"wp-block-group__inner-container is-layout-constrained wp-block-group-is-layout-constrained\">\n<div class=\"wp-block-columns is-layout-flex wp-container-core-columns-is-layout-9d6595d7 wp-block-columns-is-layout-flex\">\n<div class=\"wp-block-column is-layout-flow wp-block-column-is-layout-flow\" style=\"flex-basis:50%\">\n<h2 class=\"wp-block-heading\">\u00bfQu\u00e9 es la fotograf\u00eda del fondo de ojo?<\/h2>\n\n\n\n<p>La fotograf\u00eda del fondo de ojo es una t\u00e9cnica de imagen especializada que se utiliza para capturar fotograf\u00edas detalladas de la parte posterior del ojo, incluida la retina, el nervio \u00f3ptico y la m\u00e1cula. Proporciona im\u00e1genes de alta resoluci\u00f3n del fondo de ojo, que es la superficie interior del ojo opuesta al cristalino, lo que permite a los especialistas en retina evaluar la salud y el estado de estas estructuras cr\u00edticas.<\/p>\n\n\n\n<h2 class=\"wp-block-heading\">Fundamentos de la fotograf\u00eda del fondo del ojo<\/h2>\n\n\n\n<p>As\u00ed es como funciona la fotograf\u00eda del fondo del ojo y su importancia en la pr\u00e1ctica cl\u00ednica:<\/p>\n\n\n\n<ol class=\"wp-block-list\">\n<li>Equipo: La fotograf\u00eda de fondo de ojo generalmente implica el uso de una c\u00e1mara de fondo de ojo, que es una c\u00e1mara especializada equipada con filtros y lentes dise\u00f1ados para capturar im\u00e1genes de la retina y las estructuras circundantes.<\/li>\n\n\n\n<li>Captura de im\u00e1genes: el paciente se coloca c\u00f3modamente frente a la c\u00e1mara de fondo de ojo y el fot\u00f3grafo ajusta los par\u00e1metros para optimizar la calidad de la imagen. La c\u00e1mara emite un destello de luz que ilumina el interior del ojo, lo que permite capturar fotograf\u00edas detalladas del fondo de ojo.<\/li>\n\n\n\n<li>An\u00e1lisis de im\u00e1genes: el especialista en retina revisa y analiza las im\u00e1genes capturadas. Las im\u00e1genes se examinan para detectar signos de patolog\u00eda retiniana, como retinopat\u00eda diab\u00e9tica, degeneraci\u00f3n macular relacionada con la edad (DMRE), oclusiones de las venas retinianas, retinopat\u00eda hipertensiva, desprendimientos de retina y otras afecciones. La fotograf\u00eda del fondo de ojo proporciona informaci\u00f3n valiosa sobre la apariencia, la ubicaci\u00f3n y la gravedad de las anomal\u00edas retinianas, lo que orienta el diagn\u00f3stico, la planificaci\u00f3n del tratamiento y el seguimiento de la progresi\u00f3n de la enfermedad.<\/li>\n\n\n\n<li>Documentaci\u00f3n y seguimiento: la fotograf\u00eda del fondo de ojo es una herramienta valiosa para documentar los hallazgos retinianos iniciales y monitorear los cambios a lo largo del tiempo. Las fotograf\u00edas seriadas del fondo de ojo permiten a los m\u00e9dicos realizar un seguimiento de la progresi\u00f3n de las enfermedades de la retina, evaluar la eficacia de las intervenciones de tratamiento y tomar decisiones informadas sobre el tratamiento del paciente.<\/li>\n\n\n\n<li>Educaci\u00f3n del paciente: Las fotograf\u00edas del fondo de ojo tambi\u00e9n se pueden utilizar para educar a los pacientes sobre su salud ocular y el impacto de las afecciones de la retina en su visi\u00f3n. Al ilustrar visualmente la presencia y la gravedad de la patolog\u00eda de la retina, los pacientes comprenden mejor su afecci\u00f3n y la importancia de cumplir con las recomendaciones de tratamiento y las modificaciones del estilo de vida.<\/li>\n<\/ol>\n\n\n\n<p>En general, la fotograf\u00eda del fondo de ojo es una herramienta de diagn\u00f3stico esencial en oftalmolog\u00eda, ya que proporciona im\u00e1genes detalladas de la retina y del nervio \u00f3ptico que ayudan a la detecci\u00f3n temprana, el diagn\u00f3stico y el tratamiento de una amplia gama de enfermedades oculares. Su naturaleza no invasiva, la alta calidad de imagen y la capacidad de rastrear los cambios a lo largo del tiempo la convierten en un recurso invaluable en la evaluaci\u00f3n, el tratamiento y el seguimiento de las afecciones de la retina.<\/p>\n<\/div>\n\n\n\n<div class=\"wp-block-column is-layout-flow wp-block-column-is-layout-flow\" style=\"flex-basis:50%\">\n<figure class=\"wp-block-image size-full is-resized\"><img loading=\"lazy\" decoding=\"async\" width=\"1080\" height=\"1080\" src=\"http:\/\/retinacentersd.com\/wp-content\/uploads\/2024\/08\/2-2.png\" alt=\"Fundus Photography\" class=\"wp-image-381\" style=\"width:572px;height:auto\" srcset=\"https:\/\/retinacentersd.com\/wp-content\/uploads\/2024\/08\/2-2.png 1080w, https:\/\/retinacentersd.com\/wp-content\/uploads\/2024\/08\/2-2-300x300.png 300w, https:\/\/retinacentersd.com\/wp-content\/uploads\/2024\/08\/2-2-1024x1024.png 1024w, https:\/\/retinacentersd.com\/wp-content\/uploads\/2024\/08\/2-2-150x150.png 150w, https:\/\/retinacentersd.com\/wp-content\/uploads\/2024\/08\/2-2-768x768.png 768w, https:\/\/retinacentersd.com\/wp-content\/uploads\/2024\/08\/2-2-12x12.png 12w, https:\/\/retinacentersd.com\/wp-content\/uploads\/2024\/08\/2-2-600x600.png 600w, https:\/\/retinacentersd.com\/wp-content\/uploads\/2024\/08\/2-2-100x100.png 100w\" sizes=\"auto, (max-width: 1080px) 100vw, 1080px\" \/><\/figure>\n\n\n\n<figure class=\"wp-block-image size-full\"><img loading=\"lazy\" decoding=\"async\" width=\"1024\" height=\"567\" src=\"http:\/\/retinacentersd.com\/wp-content\/uploads\/2024\/08\/4-1.png\" alt=\"Fundus Photography\" class=\"wp-image-382\" srcset=\"https:\/\/retinacentersd.com\/wp-content\/uploads\/2024\/08\/4-1.png 1024w, https:\/\/retinacentersd.com\/wp-content\/uploads\/2024\/08\/4-1-300x166.png 300w, https:\/\/retinacentersd.com\/wp-content\/uploads\/2024\/08\/4-1-768x425.png 768w, https:\/\/retinacentersd.com\/wp-content\/uploads\/2024\/08\/4-1-18x10.png 18w, https:\/\/retinacentersd.com\/wp-content\/uploads\/2024\/08\/4-1-600x332.png 600w\" sizes=\"auto, (max-width: 1024px) 100vw, 1024px\" \/><figcaption class=\"wp-element-caption\">Retina normal<\/figcaption><\/figure>\n\n\n\n<figure class=\"wp-block-image size-full\"><img loading=\"lazy\" decoding=\"async\" width=\"1080\" height=\"1080\" src=\"http:\/\/retinacentersd.com\/wp-content\/uploads\/2024\/08\/46-1.png\" alt=\"Fundus Photography\" class=\"wp-image-897\" srcset=\"https:\/\/retinacentersd.com\/wp-content\/uploads\/2024\/08\/46-1.png 1080w, https:\/\/retinacentersd.com\/wp-content\/uploads\/2024\/08\/46-1-300x300.png 300w, https:\/\/retinacentersd.com\/wp-content\/uploads\/2024\/08\/46-1-1024x1024.png 1024w, https:\/\/retinacentersd.com\/wp-content\/uploads\/2024\/08\/46-1-150x150.png 150w, https:\/\/retinacentersd.com\/wp-content\/uploads\/2024\/08\/46-1-768x768.png 768w, https:\/\/retinacentersd.com\/wp-content\/uploads\/2024\/08\/46-1-12x12.png 12w, https:\/\/retinacentersd.com\/wp-content\/uploads\/2024\/08\/46-1-600x600.png 600w, https:\/\/retinacentersd.com\/wp-content\/uploads\/2024\/08\/46-1-100x100.png 100w\" sizes=\"auto, (max-width: 1080px) 100vw, 1080px\" \/><figcaption class=\"wp-element-caption\">Fondo de ojo sano<\/figcaption><\/figure>\n\n\n\n<figure class=\"wp-block-image size-full\"><img loading=\"lazy\" decoding=\"async\" width=\"2560\" height=\"1667\" src=\"http:\/\/retinacentersd.com\/wp-content\/uploads\/2024\/08\/47-1.png\" alt=\"Fundus Photography\" class=\"wp-image-898\" srcset=\"https:\/\/retinacentersd.com\/wp-content\/uploads\/2024\/08\/47-1.png 2560w, https:\/\/retinacentersd.com\/wp-content\/uploads\/2024\/08\/47-1-300x195.png 300w, https:\/\/retinacentersd.com\/wp-content\/uploads\/2024\/08\/47-1-1024x667.png 1024w, https:\/\/retinacentersd.com\/wp-content\/uploads\/2024\/08\/47-1-768x500.png 768w, https:\/\/retinacentersd.com\/wp-content\/uploads\/2024\/08\/47-1-1536x1000.png 1536w, https:\/\/retinacentersd.com\/wp-content\/uploads\/2024\/08\/47-1-2048x1334.png 2048w, https:\/\/retinacentersd.com\/wp-content\/uploads\/2024\/08\/47-1-18x12.png 18w, https:\/\/retinacentersd.com\/wp-content\/uploads\/2024\/08\/47-1-600x391.png 600w\" sizes=\"auto, (max-width: 2560px) 100vw, 2560px\" \/><figcaption class=\"wp-element-caption\">Oclusi\u00f3n de la vena retiniana<\/figcaption><\/figure>\n\n\n\n<figure class=\"wp-block-image size-full\"><img loading=\"lazy\" decoding=\"async\" width=\"1200\" height=\"654\" src=\"http:\/\/retinacentersd.com\/wp-content\/uploads\/2024\/08\/48-1.png\" alt=\"Fundus Photography\" class=\"wp-image-899\" srcset=\"https:\/\/retinacentersd.com\/wp-content\/uploads\/2024\/08\/48-1.png 1200w, https:\/\/retinacentersd.com\/wp-content\/uploads\/2024\/08\/48-1-300x164.png 300w, https:\/\/retinacentersd.com\/wp-content\/uploads\/2024\/08\/48-1-1024x558.png 1024w, https:\/\/retinacentersd.com\/wp-content\/uploads\/2024\/08\/48-1-768x419.png 768w, https:\/\/retinacentersd.com\/wp-content\/uploads\/2024\/08\/48-1-18x10.png 18w, https:\/\/retinacentersd.com\/wp-content\/uploads\/2024\/08\/48-1-600x327.png 600w\" sizes=\"auto, (max-width: 1200px) 100vw, 1200px\" \/><figcaption class=\"wp-element-caption\">Retinopat\u00eda diab\u00e9tica<\/figcaption><\/figure>\n\n\n\n<figure class=\"wp-block-image size-full\"><img loading=\"lazy\" decoding=\"async\" width=\"1182\" height=\"642\" src=\"http:\/\/retinacentersd.com\/wp-content\/uploads\/2024\/09\/49-1-2.png\" alt=\"Retinal Tear\" class=\"wp-image-1054\" srcset=\"https:\/\/retinacentersd.com\/wp-content\/uploads\/2024\/09\/49-1-2.png 1182w, https:\/\/retinacentersd.com\/wp-content\/uploads\/2024\/09\/49-1-2-300x163.png 300w, https:\/\/retinacentersd.com\/wp-content\/uploads\/2024\/09\/49-1-2-1024x556.png 1024w, https:\/\/retinacentersd.com\/wp-content\/uploads\/2024\/09\/49-1-2-768x417.png 768w, https:\/\/retinacentersd.com\/wp-content\/uploads\/2024\/09\/49-1-2-18x10.png 18w, https:\/\/retinacentersd.com\/wp-content\/uploads\/2024\/09\/49-1-2-600x326.png 600w\" sizes=\"auto, (max-width: 1182px) 100vw, 1182px\" \/><figcaption class=\"wp-element-caption\">Desgarro de retina<\/figcaption><\/figure>\n<\/div>\n<\/div>\n<\/div><\/div>\n\n\n\n<hr class=\"wp-block-separator alignfull has-alpha-channel-opacity is-style-wide\" style=\"margin-top:var(--wp--preset--spacing--60);margin-bottom:var(--wp--preset--spacing--60)\"\/>\n\n\n\n<div class=\"wp-block-group\"><div class=\"wp-block-group__inner-container is-layout-constrained wp-block-group-is-layout-constrained\">\n<div class=\"wp-block-group\"><div class=\"wp-block-group__inner-container is-layout-constrained wp-block-group-is-layout-constrained\">\n<h2 class=\"wp-block-heading\">V\u00eddeos sobre fotograf\u00eda del fondo del ojo<\/h2>\n\n\n\n<div class=\"wp-block-columns is-layout-flex wp-container-core-columns-is-layout-9d6595d7 wp-block-columns-is-layout-flex\">\n<div class=\"wp-block-column is-layout-flow wp-block-column-is-layout-flow\">\n<h3 class=\"wp-block-heading\">Ingl\u00e9s<\/h3>\n\n\n\n<figure class=\"wp-block-embed is-type-video is-provider-youtube wp-block-embed-youtube wp-embed-aspect-16-9 wp-has-aspect-ratio\"><div class=\"wp-block-embed__wrapper\">\n<iframe loading=\"lazy\"  id=\"_ytid_18919\"  width=\"1290\" height=\"725\"  data-origwidth=\"1290\" data-origheight=\"725\" src=\"https:\/\/www.youtube.com\/embed\/Y3_YhO8RXUM?enablejsapi=1&#038;autoplay=0&#038;cc_load_policy=0&#038;cc_lang_pref=&#038;iv_load_policy=1&#038;loop=0&#038;rel=1&#038;fs=1&#038;playsinline=0&#038;autohide=2&#038;theme=dark&#038;color=red&#038;controls=1&#038;disablekb=0&#038;\" class=\"__youtube_prefs__  epyt-is-override  no-lazyload\" title=\"YouTube player\"  allow=\"fullscreen; accelerometer; autoplay; clipboard-write; encrypted-media; gyroscope; picture-in-picture; web-share\" referrerpolicy=\"strict-origin-when-cross-origin\" allowfullscreen data-no-lazy=\"1\" data-skipgform_ajax_framebjll=\"\"><\/iframe>\n<\/div><\/figure>\n\n\n\n<figure class=\"wp-block-embed is-type-video is-provider-youtube wp-block-embed-youtube wp-embed-aspect-16-9 wp-has-aspect-ratio\"><div class=\"wp-block-embed__wrapper\">\n<iframe loading=\"lazy\"  id=\"_ytid_21763\"  width=\"1290\" height=\"725\"  data-origwidth=\"1290\" data-origheight=\"725\" src=\"https:\/\/www.youtube.com\/embed\/Soq_HzpAnLA?enablejsapi=1&#038;autoplay=0&#038;cc_load_policy=0&#038;cc_lang_pref=&#038;iv_load_policy=1&#038;loop=0&#038;rel=1&#038;fs=1&#038;playsinline=0&#038;autohide=2&#038;theme=dark&#038;color=red&#038;controls=1&#038;disablekb=0&#038;\" class=\"__youtube_prefs__  epyt-is-override  no-lazyload\" title=\"YouTube player\"  allow=\"fullscreen; accelerometer; autoplay; clipboard-write; encrypted-media; gyroscope; picture-in-picture; web-share\" referrerpolicy=\"strict-origin-when-cross-origin\" allowfullscreen data-no-lazy=\"1\" data-skipgform_ajax_framebjll=\"\"><\/iframe>\n<\/div><\/figure>\n\n\n\n<figure class=\"wp-block-embed is-type-video is-provider-youtube wp-block-embed-youtube wp-embed-aspect-16-9 wp-has-aspect-ratio\"><div class=\"wp-block-embed__wrapper\">\n<iframe loading=\"lazy\"  id=\"_ytid_32051\"  width=\"1290\" height=\"725\"  data-origwidth=\"1290\" data-origheight=\"725\" src=\"https:\/\/www.youtube.com\/embed\/IZsLJkYFzwg?enablejsapi=1&#038;autoplay=0&#038;cc_load_policy=0&#038;cc_lang_pref=&#038;iv_load_policy=1&#038;loop=0&#038;rel=1&#038;fs=1&#038;playsinline=0&#038;autohide=2&#038;theme=dark&#038;color=red&#038;controls=1&#038;disablekb=0&#038;\" class=\"__youtube_prefs__  epyt-is-override  no-lazyload\" title=\"YouTube player\"  allow=\"fullscreen; accelerometer; autoplay; clipboard-write; encrypted-media; gyroscope; picture-in-picture; web-share\" referrerpolicy=\"strict-origin-when-cross-origin\" allowfullscreen data-no-lazy=\"1\" data-skipgform_ajax_framebjll=\"\"><\/iframe>\n<\/div><\/figure>\n<\/div>\n\n\n\n<div class=\"wp-block-column is-layout-flow wp-block-column-is-layout-flow\">\n<h3 class=\"wp-block-heading\"><\/h3>\n<\/div>\n<\/div>\n<\/div><\/div>\n<\/div><\/div>\n\n\n\n<hr class=\"wp-block-separator alignfull has-alpha-channel-opacity is-style-wide\" style=\"margin-top:var(--wp--preset--spacing--60);margin-bottom:var(--wp--preset--spacing--60)\"\/>\n\n\n<div style=\"background-color: #f8f8f8; border-width: 2px; border-color: #ECECEC; \" class=\"ub_call_to_action wp-block-ub-call-to-action-block\" id=\"ub_call_to_action_8818c325-12b4-483e-a460-8d6f00e1ed70\">\n\t\t\t<div class=\"ub_call_to_action_headline\">\n\t\t\t\t<h2 class=\"ub_call_to_action_headline_text\" style=\"font-size: 30px; text-align: center; \">Visita el Centro de Retina de San Diego <br>para obtener m\u00e1s informaci\u00f3n sobre la fotograf\u00eda del fondo de ojo<\/h2>\n\t\t\t<\/div>\n\t\t\t<div class=\"ub_call_to_action_content\">\n\t\t\t\t<p class=\"ub_cta_content_text\" style=\"font-size: 15px; text-align: center; \"><\/p>\n\t\t\t<\/div>\n\t\t\t<div class=\"ub_call_to_action_button\">\n\t\t\t\t<a href=\"http:\/\/retinacentersd.com\/es\/request-appointment\/\" target=\"_self\" rel=\"noopener noreferrer\" class=\"ub_cta_button\" style=\"background-color: var(--global-palette1); width: 250px; \">\n\t\t\t\t\t<p class=\"ub_cta_button_text\" style=\"color: var(--global-palette9); font-size: 14px; \">Solicitar cita<\/p>\n\t\t\t\t<\/a>\n\t\t\t<\/div>\n\t\t<\/div>","protected":false},"excerpt":{"rendered":"<p>Fundus Photography What is Fundus Photography? Fundus photography is a specialized imaging technique used to capture detailed photographs of the back of the eye, including the retina, optic nerve, and macula. It provides high-resolution images of the fundus, which is the interior surface of the eye opposite the lens, allowing retina specialists to assess the&#8230;<\/p>","protected":false},"author":1,"featured_media":0,"parent":46,"menu_order":0,"comment_status":"closed","ping_status":"closed","template":"","meta":{"_coblocks_attr":"","_coblocks_dimensions":"","_coblocks_responsive_height":"","_coblocks_accordion_ie_support":"","_kad_post_transparent":"","_kad_post_title":"","_kad_post_layout":"","_kad_post_sidebar_id":"","_kad_post_content_style":"","_kad_post_vertical_padding":"","_kad_post_feature":"","_kad_post_feature_position":"","_kad_post_header":false,"_kad_post_footer":false,"_kad_post_classname":"","footnotes":""},"class_list":["post-167","page","type-page","status-publish","hentry"],"featured_image_src":null,"yoast_head":"<!-- This site is optimized with the Yoast SEO plugin v27.4 - https:\/\/yoast.com\/product\/yoast-seo-wordpress\/ -->\n<title>Fundus Photography - Retina Center of San Diego<\/title>\n<meta name=\"description\" content=\"Comprehensive eye exams with fundus photography in Retina Center of San Diego. Our specialists capture detailed images of your retina to diagnose and monitor eye health.\" \/>\n<meta name=\"robots\" content=\"index, follow, max-snippet:-1, max-image-preview:large, max-video-preview:-1\" \/>\n<link rel=\"canonical\" href=\"https:\/\/retinacentersd.com\/es\/imaging\/fundus-photography\/\" \/>\n<meta property=\"og:locale\" content=\"es_MX\" \/>\n<meta property=\"og:type\" content=\"article\" \/>\n<meta property=\"og:title\" content=\"Fundus Photography - Retina Center of San Diego\" \/>\n<meta property=\"og:description\" content=\"Comprehensive eye exams with fundus photography in Retina Center of San Diego. Our specialists capture detailed images of your retina to diagnose and monitor eye health.\" \/>\n<meta property=\"og:url\" content=\"https:\/\/retinacentersd.com\/es\/imaging\/fundus-photography\/\" \/>\n<meta property=\"og:site_name\" content=\"Retina Center of San Diego\" \/>\n<meta property=\"article:modified_time\" content=\"2024-10-17T13:18:22+00:00\" \/>\n<meta property=\"og:image\" content=\"http:\/\/retinacentersd.com\/wp-content\/uploads\/2024\/08\/2-2.png\" \/>\n<meta name=\"twitter:card\" content=\"summary_large_image\" \/>\n<meta name=\"twitter:label1\" content=\"Tiempo de lectura\" \/>\n\t<meta name=\"twitter:data1\" content=\"3 minutos\" \/>\n<script type=\"application\/ld+json\" class=\"yoast-schema-graph\">{\"@context\":\"https:\\\/\\\/schema.org\",\"@graph\":[{\"@type\":\"WebPage\",\"@id\":\"https:\\\/\\\/retinacentersd.com\\\/en\\\/imaging\\\/fundus-photography\\\/\",\"url\":\"https:\\\/\\\/retinacentersd.com\\\/en\\\/imaging\\\/fundus-photography\\\/\",\"name\":\"Fundus Photography - Retina Center of San Diego\",\"isPartOf\":{\"@id\":\"https:\\\/\\\/retinacentersd.com\\\/en\\\/#website\"},\"primaryImageOfPage\":{\"@id\":\"https:\\\/\\\/retinacentersd.com\\\/en\\\/imaging\\\/fundus-photography\\\/#primaryimage\"},\"image\":{\"@id\":\"https:\\\/\\\/retinacentersd.com\\\/en\\\/imaging\\\/fundus-photography\\\/#primaryimage\"},\"thumbnailUrl\":\"http:\\\/\\\/retinacentersd.com\\\/wp-content\\\/uploads\\\/2024\\\/08\\\/2-2.png\",\"datePublished\":\"2024-08-13T18:12:53+00:00\",\"dateModified\":\"2024-10-17T13:18:22+00:00\",\"description\":\"Comprehensive eye exams with fundus photography in Retina Center of San Diego. Our specialists capture detailed images of your retina to diagnose and monitor eye health.\",\"breadcrumb\":{\"@id\":\"https:\\\/\\\/retinacentersd.com\\\/en\\\/imaging\\\/fundus-photography\\\/#breadcrumb\"},\"inLanguage\":\"es\",\"potentialAction\":[{\"@type\":\"ReadAction\",\"target\":[\"https:\\\/\\\/retinacentersd.com\\\/en\\\/imaging\\\/fundus-photography\\\/\"]}]},{\"@type\":\"ImageObject\",\"inLanguage\":\"es\",\"@id\":\"https:\\\/\\\/retinacentersd.com\\\/en\\\/imaging\\\/fundus-photography\\\/#primaryimage\",\"url\":\"http:\\\/\\\/retinacentersd.com\\\/wp-content\\\/uploads\\\/2024\\\/08\\\/2-2.png\",\"contentUrl\":\"http:\\\/\\\/retinacentersd.com\\\/wp-content\\\/uploads\\\/2024\\\/08\\\/2-2.png\"},{\"@type\":\"BreadcrumbList\",\"@id\":\"https:\\\/\\\/retinacentersd.com\\\/en\\\/imaging\\\/fundus-photography\\\/#breadcrumb\",\"itemListElement\":[{\"@type\":\"ListItem\",\"position\":1,\"name\":\"Home\",\"item\":\"https:\\\/\\\/retinacentersd.com\\\/en\\\/\"},{\"@type\":\"ListItem\",\"position\":2,\"name\":\"Retinal Diagnostic Imaging\",\"item\":\"https:\\\/\\\/retinacentersd.com\\\/en\\\/imaging\\\/\"},{\"@type\":\"ListItem\",\"position\":3,\"name\":\"Fundus Photography\"}]},{\"@type\":\"WebSite\",\"@id\":\"https:\\\/\\\/retinacentersd.com\\\/en\\\/#website\",\"url\":\"https:\\\/\\\/retinacentersd.com\\\/en\\\/\",\"name\":\"Retina Center of San Diego\",\"description\":\"Providing great retina care and treatment to San Diego\",\"publisher\":{\"@id\":\"https:\\\/\\\/retinacentersd.com\\\/en\\\/#organization\"},\"alternateName\":\"Retina Center of San Diego\",\"potentialAction\":[{\"@type\":\"SearchAction\",\"target\":{\"@type\":\"EntryPoint\",\"urlTemplate\":\"https:\\\/\\\/retinacentersd.com\\\/en\\\/?s={search_term_string}\"},\"query-input\":{\"@type\":\"PropertyValueSpecification\",\"valueRequired\":true,\"valueName\":\"search_term_string\"}}],\"inLanguage\":\"es\"},{\"@type\":\"Organization\",\"@id\":\"https:\\\/\\\/retinacentersd.com\\\/en\\\/#organization\",\"name\":\"Retina Center of San Diego\",\"alternateName\":\"Retina Center of San Diego\",\"url\":\"https:\\\/\\\/retinacentersd.com\\\/en\\\/\",\"logo\":{\"@type\":\"ImageObject\",\"inLanguage\":\"es\",\"@id\":\"https:\\\/\\\/retinacentersd.com\\\/en\\\/#\\\/schema\\\/logo\\\/image\\\/\",\"url\":\"https:\\\/\\\/retinacentersd.com\\\/wp-content\\\/uploads\\\/2024\\\/07\\\/RetinaCenterofSD-logo.png\",\"contentUrl\":\"https:\\\/\\\/retinacentersd.com\\\/wp-content\\\/uploads\\\/2024\\\/07\\\/RetinaCenterofSD-logo.png\",\"width\":671,\"height\":372,\"caption\":\"Retina Center of San Diego\"},\"image\":{\"@id\":\"https:\\\/\\\/retinacentersd.com\\\/en\\\/#\\\/schema\\\/logo\\\/image\\\/\"}}]}<\/script>\n<!-- \/ Yoast SEO plugin. -->","yoast_head_json":{"title":"Fundus Photography - Retina Center of San Diego","description":"Comprehensive eye exams with fundus photography in Retina Center of San Diego. Our specialists capture detailed images of your retina to diagnose and monitor eye health.","robots":{"index":"index","follow":"follow","max-snippet":"max-snippet:-1","max-image-preview":"max-image-preview:large","max-video-preview":"max-video-preview:-1"},"canonical":"https:\/\/retinacentersd.com\/es\/imaging\/fundus-photography\/","og_locale":"es_MX","og_type":"article","og_title":"Fundus Photography - Retina Center of San Diego","og_description":"Comprehensive eye exams with fundus photography in Retina Center of San Diego. Our specialists capture detailed images of your retina to diagnose and monitor eye health.","og_url":"https:\/\/retinacentersd.com\/es\/imaging\/fundus-photography\/","og_site_name":"Retina Center of San Diego","article_modified_time":"2024-10-17T13:18:22+00:00","og_image":[{"url":"http:\/\/retinacentersd.com\/wp-content\/uploads\/2024\/08\/2-2.png","type":"","width":"","height":""}],"twitter_card":"summary_large_image","twitter_misc":{"Tiempo de lectura":"3 minutos"},"schema":{"@context":"https:\/\/schema.org","@graph":[{"@type":"WebPage","@id":"https:\/\/retinacentersd.com\/en\/imaging\/fundus-photography\/","url":"https:\/\/retinacentersd.com\/en\/imaging\/fundus-photography\/","name":"Fundus Photography - Retina Center of San Diego","isPartOf":{"@id":"https:\/\/retinacentersd.com\/en\/#website"},"primaryImageOfPage":{"@id":"https:\/\/retinacentersd.com\/en\/imaging\/fundus-photography\/#primaryimage"},"image":{"@id":"https:\/\/retinacentersd.com\/en\/imaging\/fundus-photography\/#primaryimage"},"thumbnailUrl":"http:\/\/retinacentersd.com\/wp-content\/uploads\/2024\/08\/2-2.png","datePublished":"2024-08-13T18:12:53+00:00","dateModified":"2024-10-17T13:18:22+00:00","description":"Comprehensive eye exams with fundus photography in Retina Center of San Diego. Our specialists capture detailed images of your retina to diagnose and monitor eye health.","breadcrumb":{"@id":"https:\/\/retinacentersd.com\/en\/imaging\/fundus-photography\/#breadcrumb"},"inLanguage":"es","potentialAction":[{"@type":"ReadAction","target":["https:\/\/retinacentersd.com\/en\/imaging\/fundus-photography\/"]}]},{"@type":"ImageObject","inLanguage":"es","@id":"https:\/\/retinacentersd.com\/en\/imaging\/fundus-photography\/#primaryimage","url":"http:\/\/retinacentersd.com\/wp-content\/uploads\/2024\/08\/2-2.png","contentUrl":"http:\/\/retinacentersd.com\/wp-content\/uploads\/2024\/08\/2-2.png"},{"@type":"BreadcrumbList","@id":"https:\/\/retinacentersd.com\/en\/imaging\/fundus-photography\/#breadcrumb","itemListElement":[{"@type":"ListItem","position":1,"name":"Home","item":"https:\/\/retinacentersd.com\/en\/"},{"@type":"ListItem","position":2,"name":"Retinal Diagnostic Imaging","item":"https:\/\/retinacentersd.com\/en\/imaging\/"},{"@type":"ListItem","position":3,"name":"Fundus Photography"}]},{"@type":"WebSite","@id":"https:\/\/retinacentersd.com\/en\/#website","url":"https:\/\/retinacentersd.com\/en\/","name":"Retina Center of San Diego","description":"Providing great retina care and treatment to San Diego","publisher":{"@id":"https:\/\/retinacentersd.com\/en\/#organization"},"alternateName":"Retina Center of San Diego","potentialAction":[{"@type":"SearchAction","target":{"@type":"EntryPoint","urlTemplate":"https:\/\/retinacentersd.com\/en\/?s={search_term_string}"},"query-input":{"@type":"PropertyValueSpecification","valueRequired":true,"valueName":"search_term_string"}}],"inLanguage":"es"},{"@type":"Organization","@id":"https:\/\/retinacentersd.com\/en\/#organization","name":"Retina Center of San Diego","alternateName":"Retina Center of San Diego","url":"https:\/\/retinacentersd.com\/en\/","logo":{"@type":"ImageObject","inLanguage":"es","@id":"https:\/\/retinacentersd.com\/en\/#\/schema\/logo\/image\/","url":"https:\/\/retinacentersd.com\/wp-content\/uploads\/2024\/07\/RetinaCenterofSD-logo.png","contentUrl":"https:\/\/retinacentersd.com\/wp-content\/uploads\/2024\/07\/RetinaCenterofSD-logo.png","width":671,"height":372,"caption":"Retina Center of San Diego"},"image":{"@id":"https:\/\/retinacentersd.com\/en\/#\/schema\/logo\/image\/"}}]}},"_links":{"self":[{"href":"https:\/\/retinacentersd.com\/es\/wp-json\/wp\/v2\/pages\/167","targetHints":{"allow":["GET"]}}],"collection":[{"href":"https:\/\/retinacentersd.com\/es\/wp-json\/wp\/v2\/pages"}],"about":[{"href":"https:\/\/retinacentersd.com\/es\/wp-json\/wp\/v2\/types\/page"}],"author":[{"embeddable":true,"href":"https:\/\/retinacentersd.com\/es\/wp-json\/wp\/v2\/users\/1"}],"replies":[{"embeddable":true,"href":"https:\/\/retinacentersd.com\/es\/wp-json\/wp\/v2\/comments?post=167"}],"version-history":[{"count":10,"href":"https:\/\/retinacentersd.com\/es\/wp-json\/wp\/v2\/pages\/167\/revisions"}],"predecessor-version":[{"id":1341,"href":"https:\/\/retinacentersd.com\/es\/wp-json\/wp\/v2\/pages\/167\/revisions\/1341"}],"up":[{"embeddable":true,"href":"https:\/\/retinacentersd.com\/es\/wp-json\/wp\/v2\/pages\/46"}],"wp:attachment":[{"href":"https:\/\/retinacentersd.com\/es\/wp-json\/wp\/v2\/media?parent=167"}],"curies":[{"name":"wp","href":"https:\/\/api.w.org\/{rel}","templated":true}]}}