{"id":165,"date":"2024-08-13T11:12:16","date_gmt":"2024-08-13T18:12:16","guid":{"rendered":"https:\/\/retinacentersd.com\/?page_id=165"},"modified":"2024-10-17T05:35:06","modified_gmt":"2024-10-17T12:35:06","slug":"optical-coherence-tomography","status":"publish","type":"page","link":"https:\/\/retinacentersd.com\/es\/imaging\/optical-coherence-tomography\/","title":{"rendered":"Tomograf\u00eda de coherencia \u00f3ptica"},"content":{"rendered":"<div class=\"wp-block-columns is-layout-flex wp-container-core-columns-is-layout-9d6595d7 wp-block-columns-is-layout-flex\">\n<div class=\"wp-block-column inner_page__hero-section is-layout-flow wp-block-column-is-layout-flow\">\n<h1 class=\"wp-block-heading inner_page__hero has-theme-palette-9-color has-text-color has-link-color wp-elements-b44bfff8573992f8ffde97ce04c31b8a\">Tomograf\u00eda de coherencia \u00f3ptica<\/h1>\n<\/div>\n<\/div>\n\n\n\n<div class=\"wp-block-group\"><div class=\"wp-block-group__inner-container is-layout-constrained wp-block-group-is-layout-constrained\">\n<div class=\"wp-block-columns is-layout-flex wp-container-core-columns-is-layout-9d6595d7 wp-block-columns-is-layout-flex\">\n<div class=\"wp-block-column is-layout-flow wp-block-column-is-layout-flow\" style=\"flex-basis:50%\">\n<h2 class=\"wp-block-heading\">\u00bfQu\u00e9 es la Tomograf\u00eda de Coherencia \u00d3ptica?<\/h2>\n\n\n\n<p>La tomograf\u00eda de coherencia \u00f3ptica (OCT) es una t\u00e9cnica de obtenci\u00f3n de im\u00e1genes no invasiva que se utiliza para visualizar y analizar las estructuras del interior del ojo, en particular la retina. Proporciona im\u00e1genes transversales de alta resoluci\u00f3n de estos tejidos, lo que permite a los especialistas en retina evaluar su grosor, integridad y morfolog\u00eda con un nivel de detalle excepcional.<\/p>\n\n\n\n<h2 class=\"wp-block-heading\">Fundamentos de la tomograf\u00eda de coherencia \u00f3ptica<\/h2>\n\n\n\n<p>As\u00ed es como funciona la OCT y c\u00f3mo ayuda en la pr\u00e1ctica cl\u00ednica:<\/p>\n\n\n\n<ol class=\"wp-block-list\">\n<li>Principio de la OCT: La OCT funciona seg\u00fan el principio de interferometr\u00eda de baja coherencia. Utiliza un haz de luz para escanear los tejidos del ojo, midiendo el retardo temporal del eco y la magnitud de la luz reflejada desde varias estructuras. Al analizar el patr\u00f3n de luz reflejada, la OCT crea im\u00e1genes detalladas en tiempo real de las capas internas de la retina y otras estructuras oculares.<\/li>\n\n\n\n<li>Capacidades de obtenci\u00f3n de im\u00e1genes: la OCT puede producir im\u00e1genes transversales detalladas de la retina, incluidas sus capas individuales, como la capa de fibras nerviosas de la retina, la capa de c\u00e9lulas ganglionares, la capa plexiforme interna, la capa plexiforme externa y la capa de fotorreceptores. Tambi\u00e9n puede visualizar la coroides, la capa de vasos sangu\u00edneos que se encuentra debajo de la retina.<\/li>\n\n\n\n<li>Aplicaciones diagn\u00f3sticas: La OCT es invaluable en el diagn\u00f3stico y el tratamiento de diversos trastornos de la retina. Ayuda a los especialistas en retina a detectar y monitorear afecciones como la degeneraci\u00f3n macular relacionada con la edad (DMRE), la retinopat\u00eda diab\u00e9tica, el edema macular, las oclusiones de las venas retinianas, los agujeros maculares y las membranas epirretinianas. Al proporcionar informaci\u00f3n detallada sobre el grosor, la integridad y la morfolog\u00eda de las capas de la retina, la OCT ayuda a la detecci\u00f3n temprana de patolog\u00edas, la evaluaci\u00f3n de la progresi\u00f3n de la enfermedad y la evaluaci\u00f3n de la respuesta al tratamiento.<\/li>\n\n\n\n<li>Planificaci\u00f3n del tratamiento: adem\u00e1s del diagn\u00f3stico, la OCT desempe\u00f1a un papel crucial en la planificaci\u00f3n del tratamiento de los trastornos de la retina y del nervio \u00f3ptico. Ayuda a los especialistas en retina a identificar la ubicaci\u00f3n y la extensi\u00f3n precisas de la patolog\u00eda, lo que orienta las decisiones sobre la necesidad de intervenciones como inyecciones intrav\u00edtreas, terapia l\u00e1ser, cirug\u00eda de vitrectom\u00eda o cirug\u00eda de glaucoma. Las mediciones de OCT, como el espesor macular central y el espesor de la capa de fibras nerviosas de la retina, tambi\u00e9n se pueden utilizar para controlar la eficacia del tratamiento a lo largo del tiempo.<\/li>\n\n\n\n<li>Investigaci\u00f3n y educaci\u00f3n: La OCT se utiliza ampliamente en la investigaci\u00f3n cl\u00ednica y en entornos acad\u00e9micos para investigar la fisiopatolog\u00eda de las enfermedades oculares, evaluar la eficacia de nuevas terapias y mejorar nuestra comprensi\u00f3n de la anatom\u00eda y la funci\u00f3n de la retina y el nervio \u00f3ptico. Tambi\u00e9n es una herramienta invaluable para la ense\u00f1anza y la capacitaci\u00f3n de futuras generaciones de especialistas en retina, ya que les permite visualizar e interpretar la patolog\u00eda ocular de una manera din\u00e1mica e interactiva.<\/li>\n<\/ol>\n\n\n\n<p>En general, la OCT es una modalidad de imagenolog\u00eda vers\u00e1til e indispensable que tiene<br>revolucion\u00f3 el campo de la oftalmolog\u00eda, permitiendo un diagn\u00f3stico preciso, un tratamiento personalizado y una mejor atenci\u00f3n al paciente para una amplia gama de trastornos de la retina y del nervio \u00f3ptico.<\/p>\n<\/div>\n\n\n\n<div class=\"wp-block-column is-layout-flow wp-block-column-is-layout-flow\" style=\"flex-basis:50%\">\n<figure class=\"wp-block-image size-full is-resized\"><img loading=\"lazy\" decoding=\"async\" width=\"1043\" height=\"411\" src=\"http:\/\/retinacentersd.com\/wp-content\/uploads\/2024\/08\/0-2.png\" alt=\"Optical Coherence Tomography\" class=\"wp-image-377\" style=\"width:572px;height:auto\" srcset=\"https:\/\/retinacentersd.com\/wp-content\/uploads\/2024\/08\/0-2.png 1043w, https:\/\/retinacentersd.com\/wp-content\/uploads\/2024\/08\/0-2-300x118.png 300w, https:\/\/retinacentersd.com\/wp-content\/uploads\/2024\/08\/0-2-1024x404.png 1024w, https:\/\/retinacentersd.com\/wp-content\/uploads\/2024\/08\/0-2-768x303.png 768w, https:\/\/retinacentersd.com\/wp-content\/uploads\/2024\/08\/0-2-18x7.png 18w, https:\/\/retinacentersd.com\/wp-content\/uploads\/2024\/08\/0-2-600x236.png 600w\" sizes=\"auto, (max-width: 1043px) 100vw, 1043px\" \/><\/figure>\n\n\n\n<figure class=\"wp-block-image size-large\"><img loading=\"lazy\" decoding=\"async\" width=\"1024\" height=\"418\" src=\"http:\/\/retinacentersd.com\/wp-content\/uploads\/2024\/08\/1-1-1024x418.png\" alt=\"Optical Coherence Tomography\" class=\"wp-image-378\" srcset=\"https:\/\/retinacentersd.com\/wp-content\/uploads\/2024\/08\/1-1-1024x418.png 1024w, https:\/\/retinacentersd.com\/wp-content\/uploads\/2024\/08\/1-1-300x122.png 300w, https:\/\/retinacentersd.com\/wp-content\/uploads\/2024\/08\/1-1-768x314.png 768w, https:\/\/retinacentersd.com\/wp-content\/uploads\/2024\/08\/1-1-1536x627.png 1536w, https:\/\/retinacentersd.com\/wp-content\/uploads\/2024\/08\/1-1-18x7.png 18w, https:\/\/retinacentersd.com\/wp-content\/uploads\/2024\/08\/1-1-600x245.png 600w, https:\/\/retinacentersd.com\/wp-content\/uploads\/2024\/08\/1-1.png 2048w\" sizes=\"auto, (max-width: 1024px) 100vw, 1024px\" \/><\/figure>\n\n\n\n<figure class=\"wp-block-image size-full\"><img loading=\"lazy\" decoding=\"async\" width=\"969\" height=\"506\" src=\"http:\/\/retinacentersd.com\/wp-content\/uploads\/2024\/08\/42.png\" alt=\"Optical Coherence Tomography\" class=\"wp-image-891\" srcset=\"https:\/\/retinacentersd.com\/wp-content\/uploads\/2024\/08\/42.png 969w, https:\/\/retinacentersd.com\/wp-content\/uploads\/2024\/08\/42-300x157.png 300w, https:\/\/retinacentersd.com\/wp-content\/uploads\/2024\/08\/42-768x401.png 768w, https:\/\/retinacentersd.com\/wp-content\/uploads\/2024\/08\/42-18x9.png 18w, https:\/\/retinacentersd.com\/wp-content\/uploads\/2024\/08\/42-600x313.png 600w\" sizes=\"auto, (max-width: 969px) 100vw, 969px\" \/><\/figure>\n\n\n\n<figure class=\"wp-block-image size-full\"><img loading=\"lazy\" decoding=\"async\" width=\"1280\" height=\"720\" src=\"http:\/\/retinacentersd.com\/wp-content\/uploads\/2024\/08\/43-1.png\" alt=\"Optical Coherence Tomography\" class=\"wp-image-892\" srcset=\"https:\/\/retinacentersd.com\/wp-content\/uploads\/2024\/08\/43-1.png 1280w, https:\/\/retinacentersd.com\/wp-content\/uploads\/2024\/08\/43-1-300x169.png 300w, https:\/\/retinacentersd.com\/wp-content\/uploads\/2024\/08\/43-1-1024x576.png 1024w, https:\/\/retinacentersd.com\/wp-content\/uploads\/2024\/08\/43-1-768x432.png 768w, https:\/\/retinacentersd.com\/wp-content\/uploads\/2024\/08\/43-1-18x10.png 18w, https:\/\/retinacentersd.com\/wp-content\/uploads\/2024\/08\/43-1-600x338.png 600w\" sizes=\"auto, (max-width: 1280px) 100vw, 1280px\" \/><\/figure>\n\n\n\n<figure class=\"wp-block-image size-full\"><img loading=\"lazy\" decoding=\"async\" width=\"2402\" height=\"1352\" src=\"http:\/\/retinacentersd.com\/wp-content\/uploads\/2024\/08\/44.png\" alt=\"Optical Coherence Tomography\" class=\"wp-image-893\" srcset=\"https:\/\/retinacentersd.com\/wp-content\/uploads\/2024\/08\/44.png 2402w, https:\/\/retinacentersd.com\/wp-content\/uploads\/2024\/08\/44-300x169.png 300w, https:\/\/retinacentersd.com\/wp-content\/uploads\/2024\/08\/44-1024x576.png 1024w, https:\/\/retinacentersd.com\/wp-content\/uploads\/2024\/08\/44-768x432.png 768w, https:\/\/retinacentersd.com\/wp-content\/uploads\/2024\/08\/44-1536x865.png 1536w, https:\/\/retinacentersd.com\/wp-content\/uploads\/2024\/08\/44-2048x1153.png 2048w, https:\/\/retinacentersd.com\/wp-content\/uploads\/2024\/08\/44-18x10.png 18w, https:\/\/retinacentersd.com\/wp-content\/uploads\/2024\/08\/44-600x338.png 600w\" sizes=\"auto, (max-width: 2402px) 100vw, 2402px\" \/><\/figure>\n\n\n\n<figure class=\"wp-block-image size-full\"><img loading=\"lazy\" decoding=\"async\" width=\"1254\" height=\"1392\" src=\"http:\/\/retinacentersd.com\/wp-content\/uploads\/2024\/08\/45.png\" alt=\"Optical Coherence Tomography\" class=\"wp-image-890\" srcset=\"https:\/\/retinacentersd.com\/wp-content\/uploads\/2024\/08\/45.png 1254w, https:\/\/retinacentersd.com\/wp-content\/uploads\/2024\/08\/45-270x300.png 270w, https:\/\/retinacentersd.com\/wp-content\/uploads\/2024\/08\/45-922x1024.png 922w, https:\/\/retinacentersd.com\/wp-content\/uploads\/2024\/08\/45-768x853.png 768w, https:\/\/retinacentersd.com\/wp-content\/uploads\/2024\/08\/45-11x12.png 11w, https:\/\/retinacentersd.com\/wp-content\/uploads\/2024\/08\/45-600x666.png 600w\" sizes=\"auto, (max-width: 1254px) 100vw, 1254px\" \/><\/figure>\n<\/div>\n<\/div>\n<\/div><\/div>\n\n\n\n<hr class=\"wp-block-separator alignfull has-alpha-channel-opacity is-style-wide\" style=\"margin-top:var(--wp--preset--spacing--60);margin-bottom:var(--wp--preset--spacing--60)\"\/>\n\n\n\n<div class=\"wp-block-group\"><div class=\"wp-block-group__inner-container is-layout-constrained wp-block-group-is-layout-constrained\">\n<div class=\"wp-block-group\"><div class=\"wp-block-group__inner-container is-layout-constrained wp-block-group-is-layout-constrained\">\n<h2 class=\"wp-block-heading\">V\u00eddeos sobre Tomograf\u00eda de Coherencia \u00d3ptica<\/h2>\n\n\n\n<div class=\"wp-block-columns is-layout-flex wp-container-core-columns-is-layout-9d6595d7 wp-block-columns-is-layout-flex\">\n<div class=\"wp-block-column is-layout-flow wp-block-column-is-layout-flow\">\n<h3 class=\"wp-block-heading\">Ingl\u00e9s<\/h3>\n\n\n\n<figure class=\"wp-block-embed is-type-video is-provider-youtube wp-block-embed-youtube wp-embed-aspect-16-9 wp-has-aspect-ratio\"><div class=\"wp-block-embed__wrapper\">\n<iframe loading=\"lazy\"  id=\"_ytid_69948\"  width=\"1290\" height=\"725\"  data-origwidth=\"1290\" data-origheight=\"725\" src=\"https:\/\/www.youtube.com\/embed\/Mh5-pEkVip8?enablejsapi=1&#038;autoplay=0&#038;cc_load_policy=0&#038;cc_lang_pref=&#038;iv_load_policy=1&#038;loop=0&#038;rel=1&#038;fs=1&#038;playsinline=0&#038;autohide=2&#038;theme=dark&#038;color=red&#038;controls=1&#038;disablekb=0&#038;\" class=\"__youtube_prefs__  epyt-is-override  no-lazyload\" title=\"YouTube player\"  allow=\"fullscreen; accelerometer; autoplay; clipboard-write; encrypted-media; gyroscope; picture-in-picture; web-share\" referrerpolicy=\"strict-origin-when-cross-origin\" allowfullscreen data-no-lazy=\"1\" data-skipgform_ajax_framebjll=\"\"><\/iframe>\n<\/div><\/figure>\n<\/div>\n\n\n\n<div class=\"wp-block-column is-layout-flow wp-block-column-is-layout-flow\">\n<h3 class=\"wp-block-heading\">Espa\u00f1ol<\/h3>\n\n\n\n<figure class=\"wp-block-embed is-type-video is-provider-youtube wp-block-embed-youtube wp-embed-aspect-16-9 wp-has-aspect-ratio\"><div class=\"wp-block-embed__wrapper\">\n<iframe loading=\"lazy\"  id=\"_ytid_91323\"  width=\"1290\" height=\"725\"  data-origwidth=\"1290\" data-origheight=\"725\" src=\"https:\/\/www.youtube.com\/embed\/npU8eFQ4Pvw?enablejsapi=1&#038;autoplay=0&#038;cc_load_policy=0&#038;cc_lang_pref=&#038;iv_load_policy=1&#038;loop=0&#038;rel=1&#038;fs=1&#038;playsinline=0&#038;autohide=2&#038;theme=dark&#038;color=red&#038;controls=1&#038;disablekb=0&#038;\" class=\"__youtube_prefs__  epyt-is-override  no-lazyload\" title=\"YouTube player\"  allow=\"fullscreen; accelerometer; autoplay; clipboard-write; encrypted-media; gyroscope; picture-in-picture; web-share\" referrerpolicy=\"strict-origin-when-cross-origin\" allowfullscreen data-no-lazy=\"1\" data-skipgform_ajax_framebjll=\"\"><\/iframe>\n<\/div><\/figure>\n<\/div>\n<\/div>\n<\/div><\/div>\n<\/div><\/div>\n\n\n\n<hr class=\"wp-block-separator alignfull has-alpha-channel-opacity is-style-wide\" style=\"margin-top:var(--wp--preset--spacing--60);margin-bottom:var(--wp--preset--spacing--60)\"\/>\n\n\n<div style=\"background-color: #f8f8f8; border-width: 2px; border-color: #ECECEC; \" class=\"ub_call_to_action wp-block-ub-call-to-action-block\" id=\"ub_call_to_action_2fbe9ea1-b48e-4033-a83b-26b168c22f77\">\n\t\t\t<div class=\"ub_call_to_action_headline\">\n\t\t\t\t<h2 class=\"ub_call_to_action_headline_text\" style=\"font-size: 30px; text-align: center; \">Visita el Centro de Retina de San Diego <br>para saber m\u00e1s sobre la Tomograf\u00eda de Coherencia \u00d3ptica<\/h2>\n\t\t\t<\/div>\n\t\t\t<div class=\"ub_call_to_action_content\">\n\t\t\t\t<p class=\"ub_cta_content_text\" style=\"font-size: 15px; text-align: center; \"><\/p>\n\t\t\t<\/div>\n\t\t\t<div class=\"ub_call_to_action_button\">\n\t\t\t\t<a href=\"http:\/\/retinacentersd.com\/es\/request-appointment\/\" target=\"_self\" rel=\"noopener noreferrer\" class=\"ub_cta_button\" style=\"background-color: var(--global-palette1); width: 250px; \">\n\t\t\t\t\t<p class=\"ub_cta_button_text\" style=\"color: var(--global-palette9); font-size: 14px; \">Solicitar cita<\/p>\n\t\t\t\t<\/a>\n\t\t\t<\/div>\n\t\t<\/div>","protected":false},"excerpt":{"rendered":"<p>Optical Coherence Tomography What is Optical Coherence Tomography? Optical Coherence Tomography (OCT) is a non-invasive imaging technique used to visualize and analyze the structures within the eye, particularly the retina. It provides high-resolution, cross-sectional images of these tissues, allowing retina specialists to assess their thickness, integrity, and morphology with exceptional detail. Fundamentals of Optical Coherence&#8230;<\/p>","protected":false},"author":1,"featured_media":0,"parent":46,"menu_order":0,"comment_status":"closed","ping_status":"closed","template":"","meta":{"_coblocks_attr":"","_coblocks_dimensions":"","_coblocks_responsive_height":"","_coblocks_accordion_ie_support":"","_kad_post_transparent":"","_kad_post_title":"","_kad_post_layout":"","_kad_post_sidebar_id":"","_kad_post_content_style":"","_kad_post_vertical_padding":"","_kad_post_feature":"","_kad_post_feature_position":"","_kad_post_header":false,"_kad_post_footer":false,"_kad_post_classname":"","footnotes":""},"class_list":["post-165","page","type-page","status-publish","hentry"],"featured_image_src":null,"yoast_head":"<!-- This site is optimized with the Yoast SEO plugin v27.4 - https:\/\/yoast.com\/product\/yoast-seo-wordpress\/ -->\n<title>Optical Coherence Tomography - Retina Center of San Diego<\/title>\n<meta name=\"description\" content=\"Find Optical coherence tomography in San Diego at Retina Center of San Diego. Contact us to schedule your appointment.Please call us at (858) 863-7597\" \/>\n<meta name=\"robots\" content=\"index, follow, max-snippet:-1, max-image-preview:large, max-video-preview:-1\" \/>\n<link rel=\"canonical\" href=\"https:\/\/retinacentersd.com\/es\/imaging\/optical-coherence-tomography\/\" \/>\n<meta property=\"og:locale\" content=\"es_MX\" \/>\n<meta property=\"og:type\" content=\"article\" \/>\n<meta property=\"og:title\" content=\"Optical Coherence Tomography - Retina Center of San Diego\" \/>\n<meta property=\"og:description\" content=\"Find Optical coherence tomography in San Diego at Retina Center of San Diego. Contact us to schedule your appointment.Please call us at (858) 863-7597\" \/>\n<meta property=\"og:url\" content=\"https:\/\/retinacentersd.com\/es\/imaging\/optical-coherence-tomography\/\" \/>\n<meta property=\"og:site_name\" content=\"Retina Center of San Diego\" \/>\n<meta property=\"article:modified_time\" content=\"2024-10-17T12:35:06+00:00\" \/>\n<meta property=\"og:image\" content=\"http:\/\/retinacentersd.com\/wp-content\/uploads\/2024\/08\/0-2.png\" \/>\n<meta name=\"twitter:card\" content=\"summary_large_image\" \/>\n<meta name=\"twitter:label1\" content=\"Tiempo de lectura\" \/>\n\t<meta name=\"twitter:data1\" content=\"4 minutos\" \/>\n<script type=\"application\/ld+json\" class=\"yoast-schema-graph\">{\"@context\":\"https:\\\/\\\/schema.org\",\"@graph\":[{\"@type\":\"WebPage\",\"@id\":\"https:\\\/\\\/retinacentersd.com\\\/en\\\/imaging\\\/optical-coherence-tomography\\\/\",\"url\":\"https:\\\/\\\/retinacentersd.com\\\/en\\\/imaging\\\/optical-coherence-tomography\\\/\",\"name\":\"Optical Coherence Tomography - Retina Center of San Diego\",\"isPartOf\":{\"@id\":\"https:\\\/\\\/retinacentersd.com\\\/en\\\/#website\"},\"primaryImageOfPage\":{\"@id\":\"https:\\\/\\\/retinacentersd.com\\\/en\\\/imaging\\\/optical-coherence-tomography\\\/#primaryimage\"},\"image\":{\"@id\":\"https:\\\/\\\/retinacentersd.com\\\/en\\\/imaging\\\/optical-coherence-tomography\\\/#primaryimage\"},\"thumbnailUrl\":\"http:\\\/\\\/retinacentersd.com\\\/wp-content\\\/uploads\\\/2024\\\/08\\\/0-2.png\",\"datePublished\":\"2024-08-13T18:12:16+00:00\",\"dateModified\":\"2024-10-17T12:35:06+00:00\",\"description\":\"Find Optical coherence tomography in San Diego at Retina Center of San Diego. Contact us to schedule your appointment.Please call us at (858) 863-7597\",\"breadcrumb\":{\"@id\":\"https:\\\/\\\/retinacentersd.com\\\/en\\\/imaging\\\/optical-coherence-tomography\\\/#breadcrumb\"},\"inLanguage\":\"es\",\"potentialAction\":[{\"@type\":\"ReadAction\",\"target\":[\"https:\\\/\\\/retinacentersd.com\\\/en\\\/imaging\\\/optical-coherence-tomography\\\/\"]}]},{\"@type\":\"ImageObject\",\"inLanguage\":\"es\",\"@id\":\"https:\\\/\\\/retinacentersd.com\\\/en\\\/imaging\\\/optical-coherence-tomography\\\/#primaryimage\",\"url\":\"http:\\\/\\\/retinacentersd.com\\\/wp-content\\\/uploads\\\/2024\\\/08\\\/0-2.png\",\"contentUrl\":\"http:\\\/\\\/retinacentersd.com\\\/wp-content\\\/uploads\\\/2024\\\/08\\\/0-2.png\"},{\"@type\":\"BreadcrumbList\",\"@id\":\"https:\\\/\\\/retinacentersd.com\\\/en\\\/imaging\\\/optical-coherence-tomography\\\/#breadcrumb\",\"itemListElement\":[{\"@type\":\"ListItem\",\"position\":1,\"name\":\"Home\",\"item\":\"https:\\\/\\\/retinacentersd.com\\\/en\\\/\"},{\"@type\":\"ListItem\",\"position\":2,\"name\":\"Retinal Diagnostic Imaging\",\"item\":\"https:\\\/\\\/retinacentersd.com\\\/en\\\/imaging\\\/\"},{\"@type\":\"ListItem\",\"position\":3,\"name\":\"Optical Coherence Tomography\"}]},{\"@type\":\"WebSite\",\"@id\":\"https:\\\/\\\/retinacentersd.com\\\/en\\\/#website\",\"url\":\"https:\\\/\\\/retinacentersd.com\\\/en\\\/\",\"name\":\"Retina Center of San Diego\",\"description\":\"Providing great retina care and treatment to San Diego\",\"publisher\":{\"@id\":\"https:\\\/\\\/retinacentersd.com\\\/en\\\/#organization\"},\"alternateName\":\"Retina Center of San Diego\",\"potentialAction\":[{\"@type\":\"SearchAction\",\"target\":{\"@type\":\"EntryPoint\",\"urlTemplate\":\"https:\\\/\\\/retinacentersd.com\\\/en\\\/?s={search_term_string}\"},\"query-input\":{\"@type\":\"PropertyValueSpecification\",\"valueRequired\":true,\"valueName\":\"search_term_string\"}}],\"inLanguage\":\"es\"},{\"@type\":\"Organization\",\"@id\":\"https:\\\/\\\/retinacentersd.com\\\/en\\\/#organization\",\"name\":\"Retina Center of San Diego\",\"alternateName\":\"Retina Center of San Diego\",\"url\":\"https:\\\/\\\/retinacentersd.com\\\/en\\\/\",\"logo\":{\"@type\":\"ImageObject\",\"inLanguage\":\"es\",\"@id\":\"https:\\\/\\\/retinacentersd.com\\\/en\\\/#\\\/schema\\\/logo\\\/image\\\/\",\"url\":\"https:\\\/\\\/retinacentersd.com\\\/wp-content\\\/uploads\\\/2024\\\/07\\\/RetinaCenterofSD-logo.png\",\"contentUrl\":\"https:\\\/\\\/retinacentersd.com\\\/wp-content\\\/uploads\\\/2024\\\/07\\\/RetinaCenterofSD-logo.png\",\"width\":671,\"height\":372,\"caption\":\"Retina Center of San Diego\"},\"image\":{\"@id\":\"https:\\\/\\\/retinacentersd.com\\\/en\\\/#\\\/schema\\\/logo\\\/image\\\/\"}}]}<\/script>\n<!-- \/ Yoast SEO plugin. -->","yoast_head_json":{"title":"Optical Coherence Tomography - Retina Center of San Diego","description":"Find Optical coherence tomography in San Diego at Retina Center of San Diego. Contact us to schedule your appointment.Please call us at (858) 863-7597","robots":{"index":"index","follow":"follow","max-snippet":"max-snippet:-1","max-image-preview":"max-image-preview:large","max-video-preview":"max-video-preview:-1"},"canonical":"https:\/\/retinacentersd.com\/es\/imaging\/optical-coherence-tomography\/","og_locale":"es_MX","og_type":"article","og_title":"Optical Coherence Tomography - Retina Center of San Diego","og_description":"Find Optical coherence tomography in San Diego at Retina Center of San Diego. Contact us to schedule your appointment.Please call us at (858) 863-7597","og_url":"https:\/\/retinacentersd.com\/es\/imaging\/optical-coherence-tomography\/","og_site_name":"Retina Center of San Diego","article_modified_time":"2024-10-17T12:35:06+00:00","og_image":[{"url":"http:\/\/retinacentersd.com\/wp-content\/uploads\/2024\/08\/0-2.png","type":"","width":"","height":""}],"twitter_card":"summary_large_image","twitter_misc":{"Tiempo de lectura":"4 minutos"},"schema":{"@context":"https:\/\/schema.org","@graph":[{"@type":"WebPage","@id":"https:\/\/retinacentersd.com\/en\/imaging\/optical-coherence-tomography\/","url":"https:\/\/retinacentersd.com\/en\/imaging\/optical-coherence-tomography\/","name":"Optical Coherence Tomography - Retina Center of San Diego","isPartOf":{"@id":"https:\/\/retinacentersd.com\/en\/#website"},"primaryImageOfPage":{"@id":"https:\/\/retinacentersd.com\/en\/imaging\/optical-coherence-tomography\/#primaryimage"},"image":{"@id":"https:\/\/retinacentersd.com\/en\/imaging\/optical-coherence-tomography\/#primaryimage"},"thumbnailUrl":"http:\/\/retinacentersd.com\/wp-content\/uploads\/2024\/08\/0-2.png","datePublished":"2024-08-13T18:12:16+00:00","dateModified":"2024-10-17T12:35:06+00:00","description":"Find Optical coherence tomography in San Diego at Retina Center of San Diego. Contact us to schedule your appointment.Please call us at (858) 863-7597","breadcrumb":{"@id":"https:\/\/retinacentersd.com\/en\/imaging\/optical-coherence-tomography\/#breadcrumb"},"inLanguage":"es","potentialAction":[{"@type":"ReadAction","target":["https:\/\/retinacentersd.com\/en\/imaging\/optical-coherence-tomography\/"]}]},{"@type":"ImageObject","inLanguage":"es","@id":"https:\/\/retinacentersd.com\/en\/imaging\/optical-coherence-tomography\/#primaryimage","url":"http:\/\/retinacentersd.com\/wp-content\/uploads\/2024\/08\/0-2.png","contentUrl":"http:\/\/retinacentersd.com\/wp-content\/uploads\/2024\/08\/0-2.png"},{"@type":"BreadcrumbList","@id":"https:\/\/retinacentersd.com\/en\/imaging\/optical-coherence-tomography\/#breadcrumb","itemListElement":[{"@type":"ListItem","position":1,"name":"Home","item":"https:\/\/retinacentersd.com\/en\/"},{"@type":"ListItem","position":2,"name":"Retinal Diagnostic Imaging","item":"https:\/\/retinacentersd.com\/en\/imaging\/"},{"@type":"ListItem","position":3,"name":"Optical Coherence Tomography"}]},{"@type":"WebSite","@id":"https:\/\/retinacentersd.com\/en\/#website","url":"https:\/\/retinacentersd.com\/en\/","name":"Retina Center of San Diego","description":"Providing great retina care and treatment to San Diego","publisher":{"@id":"https:\/\/retinacentersd.com\/en\/#organization"},"alternateName":"Retina Center of San Diego","potentialAction":[{"@type":"SearchAction","target":{"@type":"EntryPoint","urlTemplate":"https:\/\/retinacentersd.com\/en\/?s={search_term_string}"},"query-input":{"@type":"PropertyValueSpecification","valueRequired":true,"valueName":"search_term_string"}}],"inLanguage":"es"},{"@type":"Organization","@id":"https:\/\/retinacentersd.com\/en\/#organization","name":"Retina Center of San Diego","alternateName":"Retina Center of San Diego","url":"https:\/\/retinacentersd.com\/en\/","logo":{"@type":"ImageObject","inLanguage":"es","@id":"https:\/\/retinacentersd.com\/en\/#\/schema\/logo\/image\/","url":"https:\/\/retinacentersd.com\/wp-content\/uploads\/2024\/07\/RetinaCenterofSD-logo.png","contentUrl":"https:\/\/retinacentersd.com\/wp-content\/uploads\/2024\/07\/RetinaCenterofSD-logo.png","width":671,"height":372,"caption":"Retina Center of San Diego"},"image":{"@id":"https:\/\/retinacentersd.com\/en\/#\/schema\/logo\/image\/"}}]}},"_links":{"self":[{"href":"https:\/\/retinacentersd.com\/es\/wp-json\/wp\/v2\/pages\/165","targetHints":{"allow":["GET"]}}],"collection":[{"href":"https:\/\/retinacentersd.com\/es\/wp-json\/wp\/v2\/pages"}],"about":[{"href":"https:\/\/retinacentersd.com\/es\/wp-json\/wp\/v2\/types\/page"}],"author":[{"embeddable":true,"href":"https:\/\/retinacentersd.com\/es\/wp-json\/wp\/v2\/users\/1"}],"replies":[{"embeddable":true,"href":"https:\/\/retinacentersd.com\/es\/wp-json\/wp\/v2\/comments?post=165"}],"version-history":[{"count":7,"href":"https:\/\/retinacentersd.com\/es\/wp-json\/wp\/v2\/pages\/165\/revisions"}],"predecessor-version":[{"id":1326,"href":"https:\/\/retinacentersd.com\/es\/wp-json\/wp\/v2\/pages\/165\/revisions\/1326"}],"up":[{"embeddable":true,"href":"https:\/\/retinacentersd.com\/es\/wp-json\/wp\/v2\/pages\/46"}],"wp:attachment":[{"href":"https:\/\/retinacentersd.com\/es\/wp-json\/wp\/v2\/media?parent=165"}],"curies":[{"name":"wp","href":"https:\/\/api.w.org\/{rel}","templated":true}]}}